{"id":88,"date":"2018-04-12T13:25:45","date_gmt":"2018-04-12T13:25:45","guid":{"rendered":"http:\/\/itellum.com\/?page_id=88"},"modified":"2025-05-26T22:37:28","modified_gmt":"2025-05-26T22:37:28","slug":"contacte-itellum","status":"publish","type":"page","link":"https:\/\/itellum.com\/es_cr\/contacte-itellum\/","title":{"rendered":"Contacte a Itellum"},"content":{"rendered":"<section class=\"sh-section sh-section-6b60dc9e2043efe53db6b9bfc8f9a97c fw-main-row sh-section-visibility-everywhere\">\r\n\t\r\n\t\r\n\t<div class=\"sh-section-container container\">\r\n\t\t<div class=\"fw-row\">\n\t\r\n<div class=\"sh-column sh-column-f2c2f86dc39f75c197f4aedee9b7210c fw-col-xs-12\" >\r\n\r\n\t\r\n\t<div class=\"sh-column-wrapper\">\r\n\t\t\r\n\r\n\t<div class=\"sh-heading sh-heading-style1\" id=\"heading-5e7d6e13c6977c966921704460af6f3e\">\r\n\t\t<h1 class=\"sh-heading-content size-xl\">\r\n\t\t\t<span style=\"text-align: center; font-weight: bold; text-shadow: 2px 2px #000;\">\u00bfC\u00f3mo podemos ayudarle?<\/span>\t\t<\/h1>\r\n\t<\/div>\r\n\r\n\t<\/div>\r\n\r\n\r\n\t\t\r\n\r\n<\/div>\r\n<\/div>\n\n<div class=\"fw-row\">\n\t\r\n<div class=\"sh-column sh-column-6aebac54585683fc2e3c01b51fbb094b fw-col-xs-12 fw-col-sm-2\" >\r\n\r\n\t\r\n\t<div class=\"sh-column-wrapper\">\r\n\t\t\t<\/div>\r\n\r\n\r\n\t\t\r\n\r\n<\/div>\r\n\r\n<div class=\"sh-column sh-column-e542f497a21590b5cd5ca069853c6593 fw-col-xs-12 fw-col-sm-8\" >\r\n\r\n\t\r\n\t<div class=\"sh-column-wrapper\">\r\n\t\t\r\n<div id=\"text-block-bb86766da757d9154bee6e3e261a7817\" class=\"sh-text-block\">\r\n\t<p>\n\t\t\t\t\t<script>\n\t\t\t\t\t\twindow.hsFormsOnReady = window.hsFormsOnReady || [];\n\t\t\t\t\t\twindow.hsFormsOnReady.push(()=>{\n\t\t\t\t\t\t\thbspt.forms.create({\n\t\t\t\t\t\t\t\tportalId: 8156896,\n\t\t\t\t\t\t\t\tformId: \"7fa703ab-bf90-44c4-b866-1715ed9a5018\",\n\t\t\t\t\t\t\t\ttarget: \"#hbspt-form-1775590069000-5655515674\",\n\t\t\t\t\t\t\t\tregion: \"na1\",\n\t\t\t\t\t\t\t\t\n\t\t\t\t\t\t})});\n\t\t\t\t\t<\/script>\n\t\t\t\t\t<div class=\"hbspt-form\" id=\"hbspt-form-1775590069000-5655515674\"><\/div><\/div>\r\n\t<\/div>\r\n\r\n\r\n\t\t\r\n\r\n<\/div>\r\n\r\n<div class=\"sh-column sh-column-07c2021a41a31b0c9135b5060acc7861 fw-col-xs-12 fw-col-sm-2\" >\r\n\r\n\t\r\n\t<div class=\"sh-column-wrapper\">\r\n\t\t\t<\/div>\r\n\r\n\r\n\t\t\r\n\r\n<\/div>\r\n<\/div>\n\n\t<\/div>\r\n<\/section>\r\n\r\n<section class=\"sh-section sh-section-27a4def17e485e997449558c70e1f2ab fw-main-row sh-section-visibility-everywhere\">\r\n\t\r\n\t\r\n\t<div class=\"sh-section-container container-fluid\">\r\n\t\t<div class=\"fw-row\">\n\t\r\n<div class=\"sh-column sh-column-004605347b3c700e3a1a90a8cd898884 fw-col-xs-12 fw-col-sm-3\" >\r\n\r\n\t\r\n\t<div class=\"sh-column-wrapper\">\r\n\t\t\r\n<div id=\"icon-388569eea83b94389f60e1ea22b8f73d\" class=\"sh-icon  sh-icon-center\" >\r\n\r\n\t\r\n\t\t<div class=\"sh-element-margin\">\r\n\t\t\t<div class=\"sh-icon-container\">\r\n\t\t\t\t<i class=\"sh-icon-data fa fa-phone\"><\/i>\r\n\t\t\t<\/div>\r\n\t\t<\/div>\r\n\r\n\t<\/div>\r\n\r\n<div id=\"text-block-52684359684f5c5cf2e4833229b71194\" class=\"sh-text-block\">\r\n\t<p style=\"font-size: 1em; ; text-align: center;\">Ll\u00e1menos<br \/><span style=\"font-size: 1.2em!important;\"><strong style=\"color: #16acce;\">N\u00famero Gratuito: <\/strong>800-ITELLUM<br \/><span style=\"font-size: 0.8em;\">(800-4835586)<\/span><br \/><strong style=\"color: #16acce;\">Oficina:<\/strong>(506) 2588-2079<\/span><\/p><\/div>\r\n\t<\/div>\r\n\r\n\r\n\t\t\r\n\r\n<\/div>\r\n\r\n<div class=\"sh-column sh-column-f935ea7af67933cc922936dd1ed05712 fw-col-xs-12 fw-col-sm-3\" >\r\n\r\n\t\r\n\t<div class=\"sh-column-wrapper\">\r\n\t\t\r\n<div id=\"icon-9d651343384088c4ee8dc3171815ba92\" class=\"sh-icon  sh-icon-center\" >\r\n\r\n\t\r\n\t\t<div class=\"sh-element-margin\">\r\n\t\t\t<div class=\"sh-icon-container\">\r\n\t\t\t\t<i class=\"sh-icon-data fa fa-envelope-o\"><\/i>\r\n\t\t\t<\/div>\r\n\t\t<\/div>\r\n\r\n\t<\/div>\r\n\r\n<div id=\"text-block-db103c07cc521f78accda27394f5b2a4\" class=\"sh-text-block\">\r\n\t<p style=\"font-size: 1em; text-align: center;\">Correo<br \/><span style=\"font-size: 1.5em!important;\"><a href=\"mailto:info@itellum.com\"><strong>info@itellum.com<\/strong><\/a><\/span><\/p><p>&nbsp;<\/p><p>&nbsp;<\/p><p>&nbsp;<\/p><p>&nbsp;<\/p><\/div>\r\n\t<\/div>\r\n\r\n\r\n\t\t\r\n\r\n<\/div>\r\n\r\n<div class=\"sh-column sh-column-ee8cb151a2298f6ec7cd8436bd9c8bde fw-col-xs-12 fw-col-sm-3\" >\r\n\r\n\t\r\n\t<div class=\"sh-column-wrapper\">\r\n\t\t\r\n<div id=\"icon-922e6c5f2ee0106ee8f22921509a8093\" class=\"sh-icon  sh-icon-center\" >\r\n\r\n\t\r\n\t\t<div class=\"sh-element-margin\">\r\n\t\t\t<div class=\"sh-icon-container\">\r\n\t\t\t\t<i class=\"sh-icon-data ti-home\"><\/i>\r\n\t\t\t<\/div>\r\n\t\t<\/div>\r\n\r\n\t<\/div>\r\n\r\n<div id=\"text-block-bf067fca82f885def39220e49daa8e38\" class=\"sh-text-block\">\r\n\t<div style=\"text-align: center;\">Sucursales<\/div><div style=\"text-align: center;\"><strong style=\"color: #16acce; font-size: 1.2em!important;\">Oficinas Centrales<\/strong><\/div><div style=\"text-align: center;\">Direcci\u00f3n: Sobre carretera interamericana frente a la Y griega, San Isidro de El General, San Jos\u00e9, Costa Rica.<\/div><div style=\"text-align: center;\"><div style=\"text-align: center;\"><\/div><div style=\"text-align: center;\"><strong style=\"color: #16acce; font-size: 1.2em!important;\">Oficina San Jos\u00e9<\/strong><\/div><div style=\"text-align: center;\">Direcci\u00f3n: San Jos\u00e9, San Jos\u00e9, Mata Redonda, Sabana Norte, Centro Corporativo CLS, piso 9.<\/div><div style=\"text-align: center;\"><\/div><\/div><\/div>\r\n\t<\/div>\r\n\r\n\r\n\t\t\r\n\r\n<\/div>\r\n\r\n<div class=\"sh-column sh-column-d0efa645b41766d38941c0facf87110b fw-col-xs-12 fw-col-sm-3\" >\r\n\r\n\t\r\n\t<div class=\"sh-column-wrapper\">\r\n\t\t\r\n<div id=\"icon-33f1b8921ca1343626e6fb22e7510cf9\" class=\"sh-icon  sh-icon-center\" >\r\n\r\n\t\r\n\t\t<div class=\"sh-element-margin\">\r\n\t\t\t<div class=\"sh-icon-container\">\r\n\t\t\t\t<i class=\"sh-icon-data fa fa-comments-o\"><\/i>\r\n\t\t\t<\/div>\r\n\t\t<\/div>\r\n\r\n\t<\/div>\r\n\r\n<div id=\"text-block-50047c3e83f1906d219c016120c3fb22\" class=\"sh-text-block\">\r\n\t<p style=\"font-size: 1em; text-align: center;\">Chatea con nosotros<\/p><p><center><div  data-pre_filled=\"Bienvenido a Itellum - Favor escriba su comentario\/duda\" data-style=\"7_1\" style=\"display: inline; cursor: pointer; z-index: 99999999; \" class=\"ht-ctc-sc ht-ctc-sc-chat sc-style-7_1 ht-ctc-inline\"><style id=\"ht-ctc-sc-s7_1\">.ht-ctc-sc.sc-style-7_1:hover .ctc_s_7_1{background-color:#00d34d !important;}.ht-ctc-sc.sc-style-7_1:hover .ctc_s_7_1_cta{color:#f4f4f4 !important;}.ht-ctc-sc.sc-style-7_1:hover svg g path{fill:#f4f4f4 !important;}<\/style>\r\n    <div class=\"ctc_s_7_1 ctc-analytics\" style=\"display:inline-flex;justify-content:center;align-items:center;padding:5px 25px; background-color:#25D366;border-radius:25px;\">\r\n        <p class=\"ctc_s_7_1_cta ctc-analytics ctc_cta ht-ctc-cta \" style=\"padding: 1px 16px; color: #ffffff; border-radius:10px; margin:0 10px; order: 1; \">Chat WhatsApp<\/p>\r\n        <div class=\"ctc_s_7_icon_padding ctc-analytics \" style=\"display:inline-flex; \">\r\n            <svg style=\"pointer-events:none; display:block; height:20px; width:20px;\" height=\"20px\" version=\"1.1\" viewBox=\"0 0 509 512\" width=\"20px\">\r\n        <g fill=\"none\" fill-rule=\"evenodd\" id=\"Page-1\" stroke=\"none\" stroke-width=\"1\">\r\n            <path style=\"fill: #ffffff;\" d=\"M259.253137,0.00180389396 C121.502859,0.00180389396 9.83730687,111.662896 9.83730687,249.413175 C9.83730687,296.530232 22.9142299,340.597122 45.6254897,378.191325 L0.613226597,512.001804 L138.700183,467.787757 C174.430395,487.549184 215.522926,498.811168 259.253137,498.811168 C396.994498,498.811168 508.660049,387.154535 508.660049,249.415405 C508.662279,111.662896 396.996727,0.00180389396 259.253137,0.00180389396 L259.253137,0.00180389396 Z M259.253137,459.089875 C216.65782,459.089875 176.998957,446.313956 143.886359,424.41206 L63.3044195,450.21808 L89.4939401,372.345171 C64.3924908,337.776609 49.5608297,295.299463 49.5608297,249.406486 C49.5608297,133.783298 143.627719,39.7186378 259.253137,39.7186378 C374.871867,39.7186378 468.940986,133.783298 468.940986,249.406486 C468.940986,365.025215 374.874096,459.089875 259.253137,459.089875 Z M200.755924,146.247066 C196.715791,136.510165 193.62103,136.180176 187.380228,135.883632 C185.239759,135.781068 182.918689,135.682963 180.379113,135.682963 C172.338979,135.682963 164.002301,138.050856 158.97889,143.19021 C152.865178,149.44439 137.578667,164.09322 137.578667,194.171258 C137.578667,224.253755 159.487251,253.321759 162.539648,257.402027 C165.600963,261.477835 205.268745,324.111057 266.985579,349.682963 C315.157262,369.636141 329.460495,367.859106 340.450462,365.455539 C356.441543,361.9639 376.521811,350.186865 381.616571,335.917077 C386.711331,321.63837 386.711331,309.399797 385.184018,306.857991 C383.654475,304.305037 379.578667,302.782183 373.464955,299.716408 C367.351242,296.659552 337.288812,281.870254 331.68569,279.83458 C326.080339,277.796676 320.898622,278.418749 316.5887,284.378615 C310.639982,292.612729 304.918689,301.074268 300.180674,306.09099 C296.46161,310.02856 290.477218,310.577055 285.331175,308.389764 C278.564174,305.506821 259.516237,298.869139 236.160607,278.048627 C217.988923,261.847958 205.716906,241.83458 202.149458,235.711949 C198.582011,229.598236 201.835077,225.948292 204.584241,222.621648 C207.719135,218.824546 210.610997,216.097679 213.667853,212.532462 C216.724709,208.960555 218.432625,207.05866 220.470529,202.973933 C222.508433,198.898125 221.137195,194.690767 219.607652,191.629452 C218.07588,188.568136 205.835077,158.494558 200.755924,146.247066 Z\" \r\n            fill=\"#ffffff\" id=\"htwaicon-chat-sc\"\/>\r\n        <\/g>\r\n        <\/svg>\r\n        <\/div>\r\n    <\/div>\r\n<\/div><center><\/center><\/center><\/p><\/div>\r\n\t<\/div>\r\n\r\n\r\n\t\t\r\n\r\n<\/div>\r\n<\/div>\n\n\t<\/div>\r\n<\/section>\n","protected":false},"excerpt":{"rendered":"<p>\u00bfC\u00f3mo podemos ayudarle? Ll\u00e1menosN\u00famero Gratuito: 800-ITELLUM(800-4835586)Oficina:(506) 2588-2079 Correoinfo@itellum.com&nbsp;&nbsp;&nbsp;&nbsp; SucursalesOficinas CentralesDirecci\u00f3n: Sobre carretera interamericana frente a la Y griega, San Isidro de El General, San Jos\u00e9, Costa Rica.Oficina San Jos\u00e9Direcci\u00f3n: San Jos\u00e9, San Jos\u00e9, Mata Redonda, Sabana Norte, Centro Corporativo CLS, piso 9. Chatea con nosotros&#8230;<\/p>\n","protected":false},"author":1,"featured_media":0,"parent":0,"menu_order":0,"comment_status":"closed","ping_status":"closed","template":"","meta":{"content-type":"","footnotes":""},"class_list":["post-88","page","type-page","status-publish","hentry"],"yoast_head":"<!-- This site is optimized with the Yoast SEO plugin v20.13 - https:\/\/yoast.com\/wordpress\/plugins\/seo\/ -->\n<title>Contacte a Itellum - Itellum<\/title>\n<meta name=\"robots\" content=\"index, follow, max-snippet:-1, max-image-preview:large, max-video-preview:-1\" \/>\n<link rel=\"canonical\" href=\"https:\/\/itellum.com\/es_cr\/contacte-itellum\/\" \/>\n<meta property=\"og:locale\" content=\"es_ES\" \/>\n<meta property=\"og:type\" content=\"article\" \/>\n<meta property=\"og:title\" content=\"Contacte a Itellum - Itellum\" \/>\n<meta property=\"og:description\" content=\"\u00bfC\u00f3mo podemos ayudarle? Ll\u00e1menosN\u00famero Gratuito: 800-ITELLUM(800-4835586)Oficina:(506) 2588-2079 Correoinfo@itellum.com&nbsp;&nbsp;&nbsp;&nbsp; SucursalesOficinas CentralesDirecci\u00f3n: Sobre carretera interamericana frente a la Y griega, San Isidro de El General, San Jos\u00e9, Costa Rica.Oficina San Jos\u00e9Direcci\u00f3n: San Jos\u00e9, San Jos\u00e9, Mata Redonda, Sabana Norte, Centro Corporativo CLS, piso 9. Chatea con nosotros...\" \/>\n<meta property=\"og:url\" content=\"https:\/\/itellum.com\/es_cr\/contacte-itellum\/\" \/>\n<meta property=\"og:site_name\" content=\"Itellum\" \/>\n<meta property=\"article:modified_time\" content=\"2025-05-26T22:37:28+00:00\" \/>\n<meta name=\"twitter:card\" content=\"summary_large_image\" \/>\n<meta name=\"twitter:label1\" content=\"Est. reading time\" \/>\n\t<meta name=\"twitter:data1\" content=\"1 minuto\" \/>\n<script type=\"application\/ld+json\" class=\"yoast-schema-graph\">{\"@context\":\"https:\/\/schema.org\",\"@graph\":[{\"@type\":\"WebPage\",\"@id\":\"https:\/\/itellum.com\/contacte-itellum\/\",\"url\":\"https:\/\/itellum.com\/contacte-itellum\/\",\"name\":\"Contacte a Itellum - Itellum\",\"isPartOf\":{\"@id\":\"https:\/\/itellum.com\/#website\"},\"datePublished\":\"2018-04-12T13:25:45+00:00\",\"dateModified\":\"2025-05-26T22:37:28+00:00\",\"breadcrumb\":{\"@id\":\"https:\/\/itellum.com\/contacte-itellum\/#breadcrumb\"},\"inLanguage\":\"es-CR\",\"potentialAction\":[{\"@type\":\"ReadAction\",\"target\":[\"https:\/\/itellum.com\/contacte-itellum\/\"]}]},{\"@type\":\"BreadcrumbList\",\"@id\":\"https:\/\/itellum.com\/contacte-itellum\/#breadcrumb\",\"itemListElement\":[{\"@type\":\"ListItem\",\"position\":1,\"name\":\"Home\",\"item\":\"https:\/\/itellum.com\/\"},{\"@type\":\"ListItem\",\"position\":2,\"name\":\"Contacte a Itellum\"}]},{\"@type\":\"WebSite\",\"@id\":\"https:\/\/itellum.com\/#website\",\"url\":\"https:\/\/itellum.com\/\",\"name\":\"Itellum\",\"description\":\"ITELLUM proporciona el INTERNET M\u00c1S R\u00c1PIDO\",\"potentialAction\":[{\"@type\":\"SearchAction\",\"target\":{\"@type\":\"EntryPoint\",\"urlTemplate\":\"https:\/\/itellum.com\/?s={search_term_string}\"},\"query-input\":\"required name=search_term_string\"}],\"inLanguage\":\"es-CR\"}]}<\/script>\n<!-- \/ Yoast SEO plugin. -->","yoast_head_json":{"title":"Contacte a Itellum - Itellum","robots":{"index":"index","follow":"follow","max-snippet":"max-snippet:-1","max-image-preview":"max-image-preview:large","max-video-preview":"max-video-preview:-1"},"canonical":"https:\/\/itellum.com\/es_cr\/contacte-itellum\/","og_locale":"es_ES","og_type":"article","og_title":"Contacte a Itellum - Itellum","og_description":"\u00bfC\u00f3mo podemos ayudarle? Ll\u00e1menosN\u00famero Gratuito: 800-ITELLUM(800-4835586)Oficina:(506) 2588-2079 Correoinfo@itellum.com&nbsp;&nbsp;&nbsp;&nbsp; SucursalesOficinas CentralesDirecci\u00f3n: Sobre carretera interamericana frente a la Y griega, San Isidro de El General, San Jos\u00e9, Costa Rica.Oficina San Jos\u00e9Direcci\u00f3n: San Jos\u00e9, San Jos\u00e9, Mata Redonda, Sabana Norte, Centro Corporativo CLS, piso 9. Chatea con nosotros...","og_url":"https:\/\/itellum.com\/es_cr\/contacte-itellum\/","og_site_name":"Itellum","article_modified_time":"2025-05-26T22:37:28+00:00","twitter_card":"summary_large_image","twitter_misc":{"Est. reading time":"1 minuto"},"schema":{"@context":"https:\/\/schema.org","@graph":[{"@type":"WebPage","@id":"https:\/\/itellum.com\/contacte-itellum\/","url":"https:\/\/itellum.com\/contacte-itellum\/","name":"Contacte a Itellum - Itellum","isPartOf":{"@id":"https:\/\/itellum.com\/#website"},"datePublished":"2018-04-12T13:25:45+00:00","dateModified":"2025-05-26T22:37:28+00:00","breadcrumb":{"@id":"https:\/\/itellum.com\/contacte-itellum\/#breadcrumb"},"inLanguage":"es-CR","potentialAction":[{"@type":"ReadAction","target":["https:\/\/itellum.com\/contacte-itellum\/"]}]},{"@type":"BreadcrumbList","@id":"https:\/\/itellum.com\/contacte-itellum\/#breadcrumb","itemListElement":[{"@type":"ListItem","position":1,"name":"Home","item":"https:\/\/itellum.com\/"},{"@type":"ListItem","position":2,"name":"Contacte a Itellum"}]},{"@type":"WebSite","@id":"https:\/\/itellum.com\/#website","url":"https:\/\/itellum.com\/","name":"Itellum","description":"ITELLUM proporciona el INTERNET M\u00c1S R\u00c1PIDO","potentialAction":[{"@type":"SearchAction","target":{"@type":"EntryPoint","urlTemplate":"https:\/\/itellum.com\/?s={search_term_string}"},"query-input":"required name=search_term_string"}],"inLanguage":"es-CR"}]}},"_links":{"self":[{"href":"https:\/\/itellum.com\/es_cr\/wp-json\/wp\/v2\/pages\/88","targetHints":{"allow":["GET"]}}],"collection":[{"href":"https:\/\/itellum.com\/es_cr\/wp-json\/wp\/v2\/pages"}],"about":[{"href":"https:\/\/itellum.com\/es_cr\/wp-json\/wp\/v2\/types\/page"}],"author":[{"embeddable":true,"href":"https:\/\/itellum.com\/es_cr\/wp-json\/wp\/v2\/users\/1"}],"replies":[{"embeddable":true,"href":"https:\/\/itellum.com\/es_cr\/wp-json\/wp\/v2\/comments?post=88"}],"version-history":[{"count":43,"href":"https:\/\/itellum.com\/es_cr\/wp-json\/wp\/v2\/pages\/88\/revisions"}],"predecessor-version":[{"id":11134,"href":"https:\/\/itellum.com\/es_cr\/wp-json\/wp\/v2\/pages\/88\/revisions\/11134"}],"wp:attachment":[{"href":"https:\/\/itellum.com\/es_cr\/wp-json\/wp\/v2\/media?parent=88"}],"curies":[{"name":"wp","href":"https:\/\/api.w.org\/{rel}","templated":true}]}}