{"id":6809,"date":"2022-09-06T01:29:52","date_gmt":"2022-09-06T01:29:52","guid":{"rendered":"https:\/\/itellum.com\/es\/?page_id=6809"},"modified":"2025-10-10T18:03:30","modified_gmt":"2025-10-10T18:03:30","slug":"regulaciones","status":"publish","type":"page","link":"https:\/\/itellum.com\/es_cr\/regulaciones\/","title":{"rendered":"Regulaciones"},"content":{"rendered":"\n<div class=\"wp-block-columns is-layout-flex wp-container-core-columns-is-layout-9d6595d7 wp-block-columns-is-layout-flex\">\n<div class=\"wp-block-column is-layout-flow wp-block-column-is-layout-flow\">\n<p><a href=\"https:\/\/itellum.com\/regulaciones\/compensaciones-y-reembolsos\/\">Pol\u00edticas de compensaci\u00f3n, reembolso, devoluciones<\/a><\/p>\n\n\n\n<p><a href=\"https:\/\/itellum.com\/regulaciones\/averias\/\">Aver\u00edas<\/a><\/p>\n\n\n\n<p><a href=\"https:\/\/itellum.com\/reclamaciones\/\">Reclamaciones<\/a><\/p>\n\n\n\n<p><a href=\"https:\/\/itellum.com\/regulaciones\/metodos-de-pago\">M\u00e9todos de pago<\/a><\/p>\n\n\n\n<p><a href=\"https:\/\/itellum.com\/terminos-y-condiciones\/\">T\u00e9rminos y Condiciones<\/a><\/p>\n\n\n\n<p><a href=\"https:\/\/itellum.com\/reporte-de-mantenimientos\/\">Reporte de mantenimientos<\/a><\/p>\n\n\n\n<p><a href=\"https:\/\/itellum.com\/wp-content\/uploads\/2025\/10\/CONTRATO-DE-ADHESION-Y-CARATULA-DEL-CONTRATO-DE-ADHESION-SERVICIO-DE-INTERNET-SATELITAL-EN-BANDA-KA.pdf\">Contrato de adhesi\u00f3n y car\u00e1tula del contrato de adhesi\u00f3n para la prestaci\u00f3n del servicio de internet satelital en banda KA<\/a><\/p>\n<\/div>\n\n\n\n<div class=\"wp-block-column is-layout-flow wp-block-column-is-layout-flow\">\n<p><a href=\"https:\/\/itellum.com\/regulaciones\/desempeno-del-circuito-por-tipo-de-servicio\/\">Desempe\u00f1o del Circuito Satelital<\/a><\/p>\n\n\n\n<p><a href=\"https:\/\/itellum.com\/ficha-tecnica-de-equipos\/\">Ficha t\u00e9cnica de equipos<\/a><\/p>\n\n\n\n<p><a href=\"https:\/\/itellum.com\/metodos-de-contratacion\/\">M\u00e9todos de contrataci\u00f3n<\/a><\/p>\n\n\n\n<p><a href=\"https:\/\/itellum.com\/regulaciones\/otros-cargos\/\">Otros cargo<\/a><a href=\"https:\/\/itellum.com\/es\/regulaciones\/otros-cargos\/\">s<\/a><\/p>\n\n\n\n<p><a href=\"https:\/\/itellum.com\/informacion-del-proveedor\/\">Informaci\u00f3n de proveedor<\/a><\/p>\n\n\n\n<p><a href=\"https:\/\/itellum.com\/politicas-de-garantias\/\">Pol\u00edticas de garant\u00edas<\/a><\/p>\n<\/div>\n<\/div>\n\n\n\n<p><\/p>\n","protected":false},"excerpt":{"rendered":"<p>Pol\u00edticas de compensaci\u00f3n, reembolso, devoluciones Aver\u00edas Reclamaciones M\u00e9todos de pago T\u00e9rminos y Condiciones Reporte de mantenimientos Contrato de adhesi\u00f3n y car\u00e1tula del contrato de adhesi\u00f3n para la prestaci\u00f3n del servicio de internet satelital en banda KA Desempe\u00f1o del Circuito Satelital Ficha t\u00e9cnica de equipos M\u00e9todos&#8230;<\/p>\n","protected":false},"author":255,"featured_media":0,"parent":0,"menu_order":0,"comment_status":"closed","ping_status":"closed","template":"","meta":{"content-type":"","footnotes":""},"class_list":["post-6809","page","type-page","status-publish","hentry"],"yoast_head":"<!-- This site is optimized with the Yoast SEO plugin v20.13 - https:\/\/yoast.com\/wordpress\/plugins\/seo\/ -->\n<title>Regulaciones - Itellum<\/title>\n<meta name=\"robots\" content=\"index, follow, max-snippet:-1, max-image-preview:large, max-video-preview:-1\" \/>\n<link rel=\"canonical\" href=\"https:\/\/itellum.com\/es_cr\/regulaciones\/\" \/>\n<meta property=\"og:locale\" content=\"es_ES\" \/>\n<meta property=\"og:type\" content=\"article\" \/>\n<meta property=\"og:title\" content=\"Regulaciones - Itellum\" \/>\n<meta property=\"og:description\" content=\"Pol\u00edticas de compensaci\u00f3n, reembolso, devoluciones Aver\u00edas Reclamaciones M\u00e9todos de pago T\u00e9rminos y Condiciones Reporte de mantenimientos Contrato de adhesi\u00f3n y car\u00e1tula del contrato de adhesi\u00f3n para la prestaci\u00f3n del servicio de internet satelital en banda KA Desempe\u00f1o del Circuito Satelital Ficha t\u00e9cnica de equipos M\u00e9todos...\" \/>\n<meta property=\"og:url\" content=\"https:\/\/itellum.com\/es_cr\/regulaciones\/\" \/>\n<meta property=\"og:site_name\" content=\"Itellum\" \/>\n<meta property=\"article:modified_time\" content=\"2025-10-10T18:03:30+00:00\" \/>\n<meta name=\"twitter:card\" content=\"summary_large_image\" \/>\n<meta name=\"twitter:label1\" content=\"Est. reading time\" \/>\n\t<meta name=\"twitter:data1\" content=\"1 minuto\" \/>\n<script type=\"application\/ld+json\" class=\"yoast-schema-graph\">{\"@context\":\"https:\/\/schema.org\",\"@graph\":[{\"@type\":\"WebPage\",\"@id\":\"https:\/\/itellum.com\/regulaciones\/\",\"url\":\"https:\/\/itellum.com\/regulaciones\/\",\"name\":\"Regulaciones - Itellum\",\"isPartOf\":{\"@id\":\"https:\/\/itellum.com\/#website\"},\"datePublished\":\"2022-09-06T01:29:52+00:00\",\"dateModified\":\"2025-10-10T18:03:30+00:00\",\"breadcrumb\":{\"@id\":\"https:\/\/itellum.com\/regulaciones\/#breadcrumb\"},\"inLanguage\":\"es-CR\",\"potentialAction\":[{\"@type\":\"ReadAction\",\"target\":[\"https:\/\/itellum.com\/regulaciones\/\"]}]},{\"@type\":\"BreadcrumbList\",\"@id\":\"https:\/\/itellum.com\/regulaciones\/#breadcrumb\",\"itemListElement\":[{\"@type\":\"ListItem\",\"position\":1,\"name\":\"Home\",\"item\":\"https:\/\/itellum.com\/\"},{\"@type\":\"ListItem\",\"position\":2,\"name\":\"Regulaciones\"}]},{\"@type\":\"WebSite\",\"@id\":\"https:\/\/itellum.com\/#website\",\"url\":\"https:\/\/itellum.com\/\",\"name\":\"Itellum\",\"description\":\"ITELLUM proporciona el INTERNET M\u00c1S R\u00c1PIDO\",\"potentialAction\":[{\"@type\":\"SearchAction\",\"target\":{\"@type\":\"EntryPoint\",\"urlTemplate\":\"https:\/\/itellum.com\/?s={search_term_string}\"},\"query-input\":\"required name=search_term_string\"}],\"inLanguage\":\"es-CR\"}]}<\/script>\n<!-- \/ Yoast SEO plugin. -->","yoast_head_json":{"title":"Regulaciones - Itellum","robots":{"index":"index","follow":"follow","max-snippet":"max-snippet:-1","max-image-preview":"max-image-preview:large","max-video-preview":"max-video-preview:-1"},"canonical":"https:\/\/itellum.com\/es_cr\/regulaciones\/","og_locale":"es_ES","og_type":"article","og_title":"Regulaciones - Itellum","og_description":"Pol\u00edticas de compensaci\u00f3n, reembolso, devoluciones Aver\u00edas Reclamaciones M\u00e9todos de pago T\u00e9rminos y Condiciones Reporte de mantenimientos Contrato de adhesi\u00f3n y car\u00e1tula del contrato de adhesi\u00f3n para la prestaci\u00f3n del servicio de internet satelital en banda KA Desempe\u00f1o del Circuito Satelital Ficha t\u00e9cnica de equipos M\u00e9todos...","og_url":"https:\/\/itellum.com\/es_cr\/regulaciones\/","og_site_name":"Itellum","article_modified_time":"2025-10-10T18:03:30+00:00","twitter_card":"summary_large_image","twitter_misc":{"Est. reading time":"1 minuto"},"schema":{"@context":"https:\/\/schema.org","@graph":[{"@type":"WebPage","@id":"https:\/\/itellum.com\/regulaciones\/","url":"https:\/\/itellum.com\/regulaciones\/","name":"Regulaciones - Itellum","isPartOf":{"@id":"https:\/\/itellum.com\/#website"},"datePublished":"2022-09-06T01:29:52+00:00","dateModified":"2025-10-10T18:03:30+00:00","breadcrumb":{"@id":"https:\/\/itellum.com\/regulaciones\/#breadcrumb"},"inLanguage":"es-CR","potentialAction":[{"@type":"ReadAction","target":["https:\/\/itellum.com\/regulaciones\/"]}]},{"@type":"BreadcrumbList","@id":"https:\/\/itellum.com\/regulaciones\/#breadcrumb","itemListElement":[{"@type":"ListItem","position":1,"name":"Home","item":"https:\/\/itellum.com\/"},{"@type":"ListItem","position":2,"name":"Regulaciones"}]},{"@type":"WebSite","@id":"https:\/\/itellum.com\/#website","url":"https:\/\/itellum.com\/","name":"Itellum","description":"ITELLUM proporciona el INTERNET M\u00c1S R\u00c1PIDO","potentialAction":[{"@type":"SearchAction","target":{"@type":"EntryPoint","urlTemplate":"https:\/\/itellum.com\/?s={search_term_string}"},"query-input":"required name=search_term_string"}],"inLanguage":"es-CR"}]}},"_links":{"self":[{"href":"https:\/\/itellum.com\/es_cr\/wp-json\/wp\/v2\/pages\/6809","targetHints":{"allow":["GET"]}}],"collection":[{"href":"https:\/\/itellum.com\/es_cr\/wp-json\/wp\/v2\/pages"}],"about":[{"href":"https:\/\/itellum.com\/es_cr\/wp-json\/wp\/v2\/types\/page"}],"author":[{"embeddable":true,"href":"https:\/\/itellum.com\/es_cr\/wp-json\/wp\/v2\/users\/255"}],"replies":[{"embeddable":true,"href":"https:\/\/itellum.com\/es_cr\/wp-json\/wp\/v2\/comments?post=6809"}],"version-history":[{"count":25,"href":"https:\/\/itellum.com\/es_cr\/wp-json\/wp\/v2\/pages\/6809\/revisions"}],"predecessor-version":[{"id":11276,"href":"https:\/\/itellum.com\/es_cr\/wp-json\/wp\/v2\/pages\/6809\/revisions\/11276"}],"wp:attachment":[{"href":"https:\/\/itellum.com\/es_cr\/wp-json\/wp\/v2\/media?parent=6809"}],"curies":[{"name":"wp","href":"https:\/\/api.w.org\/{rel}","templated":true}]}}