{"id":3600,"date":"2021-07-21T00:37:54","date_gmt":"2021-07-21T00:37:54","guid":{"rendered":"https:\/\/itellum.com\/es\/?page_id=3600"},"modified":"2024-07-16T20:30:19","modified_gmt":"2024-07-16T20:30:19","slug":"terminos-y-condiciones","status":"publish","type":"page","link":"https:\/\/itellum.com\/es_cr\/terminos-y-condiciones\/","title":{"rendered":"T\u00e9rminos y Condiciones"},"content":{"rendered":"\n<p>Bienvenido a nuestro sitio web. <\/p>\n\n\n\n<p>Lea atentamente estos t\u00e9rminos y condiciones (los \u201cT\u00e9rminos\u201d), proporcionados por ITELLUM COMUNICACIONES COSTA RICA S.R.L con cedula de identidad jur\u00eddica n\u00famero tres-ciento dos-seis-nueve-dos-ocho-siete-siete. Estos T\u00e9rminos no aplican a la contrataci\u00f3n de los Servicios, sino exclusivamente al uso del sitio web Otros t\u00e9rminos y condiciones o contratos espec\u00edficos le ser\u00e1n puestos a su disposici\u00f3n previa contrataci\u00f3n de los Servicios. Estos T\u00e9rminos disponen las condiciones bajo los cuales usted utiliza el Portal, incluyendo sus derechos y responsabilidades, as\u00ed como la limitaci\u00f3n de responsabilidad de ITELLUM. Se consideran parte de estos T\u00e9rminos el Aviso de Privacidad.&nbsp;<\/p>\n\n\n\n<p>AL ACCEDER Y USAR ESTE PORTAL, EST\u00c1 ACEPTANDO LAS CONDICIONES DE ESTOS T\u00c9RMINOS, AS\u00cd COMO LOS SE\u00d1ALADOS EN EL AVISO DE PRIVACIDAD. SI USTED, COMO USUARIO, NO EST\u00c1 DE ACUERDO CON ESTOS T\u00c9RMINOS, POR FAVOR NO ACCEDA O HAGA USO DE ESTE PORTAL.&nbsp;<\/p>\n\n\n\n<p><strong>1. CONDICIONES DE ACCESO Y UTILIZACI\u00d3N<\/strong><\/p>\n\n\n\n<p><strong>1.1 Acceso y uso del sitio web:<\/strong><\/p>\n\n\n\n<p>La prestaci\u00f3n del servicio del sitio web tiene car\u00e1cter gratuito y ofrece informaci\u00f3n acerca de los Servicios de telecomunicaciones para nuestros clientes, as\u00ed como la opci\u00f3n de solicitar informaci\u00f3n, tener asistencia de un agente de ventas e ingresar al sistema para los clientes oficiales. Usted reconoce y acepta que el registro es personal y ser\u00e1 el \u00fanico responsable de la administraci\u00f3n de las contrase\u00f1as de acceso que posea o adquiera, y reconoce y acepta que, si no act\u00faa de manera responsable y como se establece en estos T\u00e9rminos, ITELLUM no ser\u00e1 responsable por el uso que pueda hacer un tercero de su contrase\u00f1a, incluso cuando lo hace con desconocimiento de \u00e9ste o contra su voluntad. Por ello, es su responsabilidad utilizar dichas cuentas de acceso de manera l\u00edcita y personal. Usted consiente que, de acuerdo a la normativa vigente, ITELLUM tiene la facultad de corroborar la veracidad de toda la informaci\u00f3n proporcionada por usted. En caso de que la confidencialidad de su cuenta o de su contrase\u00f1a se vea comprometida, usted deber\u00e1 notificarlo inmediatamente a trav\u00e9s de los canales de atenci\u00f3n dispuestos en nuestro Aviso de Privacidad.&nbsp;<\/p>\n\n\n\n<p><strong>1.2 Obligaci\u00f3n de hacer un uso correcto del sitio web:<\/strong><\/p>\n\n\n\n<p>Usted se abstendr\u00e1 de utilizar con fines indebidos o il\u00edcitos el Portal o cualquiera de los elementos que lo integran, como son entre otros:&nbsp;<\/p>\n\n\n\n<p>a) Publicar, distribuir o divulgar cualquier informaci\u00f3n ilegal, abusiva, inapropiada, tergiversadora, obscena, pornogr\u00e1fica, o cualquier otro acto que estimule, incite o genere la publicaci\u00f3n, distribuci\u00f3n o divulgaci\u00f3n de informaci\u00f3n ilegal o il\u00edcita, la realizaci\u00f3n de actos ilegales o il\u00edcitos o que violen en cualquier otra forma la normatividad local, nacional o internacional.&nbsp;<\/p>\n\n\n\n<p>b) Interferir o perturbar a usuarios, equipos o servicios, incluida la distribuci\u00f3n de anuncios o mensajes no solicitados.&nbsp;<\/p>\n\n\n\n<p>c) Falsificar la identidad, mediante modificaci\u00f3n del encabezado de mensajes electr\u00f3nicos o dominios web, suplantaci\u00f3n de terceros, creaci\u00f3n de una identidad falsa con el objeto de confundir a otros y realizar actividades a trav\u00e9s de las cuales se alcance la misma finalidad.&nbsp;<\/p>\n\n\n\n<p>d) Utilizar cualquier Contenido del Portal de manera que pueda infringir alg\u00fan derecho de propiedad intelectual.&nbsp;<\/p>\n\n\n\n<p><strong>2. MANEJO DE CONTENIDOS<\/strong><\/p>\n\n\n\n<p>Todo lo escrito y comunicado a trav\u00e9s de las informaciones, mensajes, gr\u00e1ficos, dibujos, sonidos, im\u00e1genes, fotograf\u00edas, grabaciones, software y, en general, cualquier clase de material accesible a trav\u00e9s del sitio web. Corresponde a propiedad de ITELLUM.&nbsp;<\/p>\n\n\n\n<p><strong>2.1 Medios para la obtenci\u00f3n de contenidos<\/strong><\/p>\n\n\n\n<p>Usted debe abstenerse de obtener o de intentar obtener los Contenidos mediante el empleo de procedimientos o de medios distintos a los que, seg\u00fan los casos, se hayan puesto a su disposici\u00f3n o se hayan indicado a este efecto en las p\u00e1ginas del sitio web en donde se encuentren los contenidos para los visitantes.&nbsp;<\/p>\n\n\n\n<p><strong>2.2 Uso correcto de los contenidos<\/strong><\/p>\n\n\n\n<p>Usted se obliga a usar el sitio web, correcta y l\u00edcita y, en particular, se compromete a abstenerse de:&nbsp;<\/p>\n\n\n\n<p>a) reproducir o copiar, desmontar, traducir, distribuir, exhibir, alquilar, arrendar, vender, transformar, adaptar o modificar los Contenidos, o permitir el acceso del p\u00fablico a trav\u00e9s de cualquier modalidad de comunicaci\u00f3n p\u00fablica, a menos que se cuente con la autorizaci\u00f3n de ITELLUM o el titular de los derechos correspondientes o ello sea legalmente permitido.&nbsp;<\/p>\n\n\n\n<p>b) suprimir, eludir o manipular derechos de autor y dem\u00e1s datos identificativos de los derechos de autor de ITELLUM o de sus titulares, las firmas digitales, o la misma aceptaci\u00f3n de estos t\u00e9rminos y condiciones al acceder al sitio web.&nbsp;<\/p>\n\n\n\n<p>c) copiar los Contenidos y, en particular, a trav\u00e9s de la informaci\u00f3n obtenida a trav\u00e9s del sitio web para comercializar o divulgar de cualquier informaci\u00f3n, por ejemplo, remitiendo publicidad, enviando comunicaciones con fines de venta directa o con cualquier otra clase de finalidad comercial, o enviando mensajes no solicitados dirigidos a personas.\u00a0<\/p>\n\n\n\n<p><strong>3. PROTECCI\u00d3N DE DATOS Y CONFIDENCIALIDAD<\/strong><\/p>\n\n\n\n<p>Para el uso del sitio web, es posible que recabemos ciertos datos de car\u00e1cter personal suyos porque los recibimos a trav\u00e9s de usted. El tratamiento estos datos personales se establecen dentro de la privacidad absoluta de ITELLUM y no ser\u00e1n brindados a terceros. Los datos personales que usted ingrese en el Portal se consideran en todo momento informaci\u00f3n confidencial y privada. ITELLUM se compromete a utilizar medidas de seguridad razonables para evitar la alteraci\u00f3n, p\u00e9rdida, destrucci\u00f3n, robo y tratamiento o acceso no autorizado de sus datos personales.&nbsp;<\/p>\n\n\n\n<p><strong>4. INFORMACI\u00d3N NO REGISTRADA<\/strong><\/p>\n\n\n\n<p>Los logotipos, gr\u00e1ficos, productos, nombres y esl\u00f3ganes de Servicios de ITELLUM son marcas registradas. Usted no podr\u00e1 exhibirlos o utilizarlos de forma alguna o de forma que se haga un uso comercial o enga\u00f1oso (adoptar una falsa identidad) de ellos, o de cualquier forma por la cual se est\u00e9n incumplimiento estos T\u00e9rminos.&nbsp;<\/p>\n\n\n\n<p><strong>5. NO LICENCIAMIENTO<\/strong><\/p>\n\n\n\n<p>ITELLUM no le concede ninguna licencia o autorizaci\u00f3n de uso de ninguna clase sobre sus derechos de propiedad intelectual (<strong>derechos de autor, copyright y propiedad industrial<\/strong>), imagen y dem\u00e1s distintivo o sobre cualquier otra propiedad o derecho relacionado con el sitio web y sus funciones, servicios o contenidos. Usted no tiene derecho alguno de reventa ni de uso comercial del contenido expuesto en el sitio web, de los Servicios de ITELLUM ni de sus Contenidos, ni derecho alguno a compilar ni utilizar lista alguna de productos, descripciones o precios. El uso del sitio web no otorga ning\u00fan derecho excepto por los dispuestos en estos T\u00e9rminos.&nbsp;<\/p>\n","protected":false},"excerpt":{"rendered":"<p>Bienvenido a nuestro sitio web. Lea atentamente estos t\u00e9rminos y condiciones (los \u201cT\u00e9rminos\u201d), proporcionados por ITELLUM COMUNICACIONES COSTA RICA S.R.L con cedula de identidad jur\u00eddica n\u00famero tres-ciento dos-seis-nueve-dos-ocho-siete-siete. Estos T\u00e9rminos no aplican a la contrataci\u00f3n de los Servicios, sino exclusivamente al uso del sitio web&#8230;<\/p>\n","protected":false},"author":255,"featured_media":0,"parent":0,"menu_order":0,"comment_status":"closed","ping_status":"closed","template":"","meta":{"content-type":"","footnotes":""},"class_list":["post-3600","page","type-page","status-publish","hentry"],"yoast_head":"<!-- This site is optimized with the Yoast SEO plugin v20.13 - https:\/\/yoast.com\/wordpress\/plugins\/seo\/ -->\n<title>T\u00e9rminos y Condiciones - Itellum<\/title>\n<meta name=\"robots\" content=\"index, follow, max-snippet:-1, max-image-preview:large, max-video-preview:-1\" \/>\n<link rel=\"canonical\" href=\"https:\/\/itellum.com\/es_cr\/terminos-y-condiciones\/\" \/>\n<meta property=\"og:locale\" content=\"es_ES\" \/>\n<meta property=\"og:type\" content=\"article\" \/>\n<meta property=\"og:title\" content=\"T\u00e9rminos y Condiciones - Itellum\" \/>\n<meta property=\"og:description\" content=\"Bienvenido a nuestro sitio web. Lea atentamente estos t\u00e9rminos y condiciones (los \u201cT\u00e9rminos\u201d), proporcionados por ITELLUM COMUNICACIONES COSTA RICA S.R.L con cedula de identidad jur\u00eddica n\u00famero tres-ciento dos-seis-nueve-dos-ocho-siete-siete. Estos T\u00e9rminos no aplican a la contrataci\u00f3n de los Servicios, sino exclusivamente al uso del sitio web...\" \/>\n<meta property=\"og:url\" content=\"https:\/\/itellum.com\/es_cr\/terminos-y-condiciones\/\" \/>\n<meta property=\"og:site_name\" content=\"Itellum\" \/>\n<meta property=\"article:modified_time\" content=\"2024-07-16T20:30:19+00:00\" \/>\n<meta name=\"twitter:card\" content=\"summary_large_image\" \/>\n<meta name=\"twitter:label1\" content=\"Est. reading time\" \/>\n\t<meta name=\"twitter:data1\" content=\"5 minutos\" \/>\n<script type=\"application\/ld+json\" class=\"yoast-schema-graph\">{\"@context\":\"https:\/\/schema.org\",\"@graph\":[{\"@type\":\"WebPage\",\"@id\":\"https:\/\/itellum.com\/terminos-y-condiciones\/\",\"url\":\"https:\/\/itellum.com\/terminos-y-condiciones\/\",\"name\":\"T\u00e9rminos y Condiciones - Itellum\",\"isPartOf\":{\"@id\":\"https:\/\/itellum.com\/#website\"},\"datePublished\":\"2021-07-21T00:37:54+00:00\",\"dateModified\":\"2024-07-16T20:30:19+00:00\",\"breadcrumb\":{\"@id\":\"https:\/\/itellum.com\/terminos-y-condiciones\/#breadcrumb\"},\"inLanguage\":\"es-CR\",\"potentialAction\":[{\"@type\":\"ReadAction\",\"target\":[\"https:\/\/itellum.com\/terminos-y-condiciones\/\"]}]},{\"@type\":\"BreadcrumbList\",\"@id\":\"https:\/\/itellum.com\/terminos-y-condiciones\/#breadcrumb\",\"itemListElement\":[{\"@type\":\"ListItem\",\"position\":1,\"name\":\"Home\",\"item\":\"https:\/\/itellum.com\/\"},{\"@type\":\"ListItem\",\"position\":2,\"name\":\"T\u00e9rminos y Condiciones\"}]},{\"@type\":\"WebSite\",\"@id\":\"https:\/\/itellum.com\/#website\",\"url\":\"https:\/\/itellum.com\/\",\"name\":\"Itellum\",\"description\":\"ITELLUM proporciona el INTERNET M\u00c1S R\u00c1PIDO\",\"potentialAction\":[{\"@type\":\"SearchAction\",\"target\":{\"@type\":\"EntryPoint\",\"urlTemplate\":\"https:\/\/itellum.com\/?s={search_term_string}\"},\"query-input\":\"required name=search_term_string\"}],\"inLanguage\":\"es-CR\"}]}<\/script>\n<!-- \/ Yoast SEO plugin. -->","yoast_head_json":{"title":"T\u00e9rminos y Condiciones - Itellum","robots":{"index":"index","follow":"follow","max-snippet":"max-snippet:-1","max-image-preview":"max-image-preview:large","max-video-preview":"max-video-preview:-1"},"canonical":"https:\/\/itellum.com\/es_cr\/terminos-y-condiciones\/","og_locale":"es_ES","og_type":"article","og_title":"T\u00e9rminos y Condiciones - Itellum","og_description":"Bienvenido a nuestro sitio web. Lea atentamente estos t\u00e9rminos y condiciones (los \u201cT\u00e9rminos\u201d), proporcionados por ITELLUM COMUNICACIONES COSTA RICA S.R.L con cedula de identidad jur\u00eddica n\u00famero tres-ciento dos-seis-nueve-dos-ocho-siete-siete. Estos T\u00e9rminos no aplican a la contrataci\u00f3n de los Servicios, sino exclusivamente al uso del sitio web...","og_url":"https:\/\/itellum.com\/es_cr\/terminos-y-condiciones\/","og_site_name":"Itellum","article_modified_time":"2024-07-16T20:30:19+00:00","twitter_card":"summary_large_image","twitter_misc":{"Est. reading time":"5 minutos"},"schema":{"@context":"https:\/\/schema.org","@graph":[{"@type":"WebPage","@id":"https:\/\/itellum.com\/terminos-y-condiciones\/","url":"https:\/\/itellum.com\/terminos-y-condiciones\/","name":"T\u00e9rminos y Condiciones - Itellum","isPartOf":{"@id":"https:\/\/itellum.com\/#website"},"datePublished":"2021-07-21T00:37:54+00:00","dateModified":"2024-07-16T20:30:19+00:00","breadcrumb":{"@id":"https:\/\/itellum.com\/terminos-y-condiciones\/#breadcrumb"},"inLanguage":"es-CR","potentialAction":[{"@type":"ReadAction","target":["https:\/\/itellum.com\/terminos-y-condiciones\/"]}]},{"@type":"BreadcrumbList","@id":"https:\/\/itellum.com\/terminos-y-condiciones\/#breadcrumb","itemListElement":[{"@type":"ListItem","position":1,"name":"Home","item":"https:\/\/itellum.com\/"},{"@type":"ListItem","position":2,"name":"T\u00e9rminos y Condiciones"}]},{"@type":"WebSite","@id":"https:\/\/itellum.com\/#website","url":"https:\/\/itellum.com\/","name":"Itellum","description":"ITELLUM proporciona el INTERNET M\u00c1S R\u00c1PIDO","potentialAction":[{"@type":"SearchAction","target":{"@type":"EntryPoint","urlTemplate":"https:\/\/itellum.com\/?s={search_term_string}"},"query-input":"required name=search_term_string"}],"inLanguage":"es-CR"}]}},"_links":{"self":[{"href":"https:\/\/itellum.com\/es_cr\/wp-json\/wp\/v2\/pages\/3600","targetHints":{"allow":["GET"]}}],"collection":[{"href":"https:\/\/itellum.com\/es_cr\/wp-json\/wp\/v2\/pages"}],"about":[{"href":"https:\/\/itellum.com\/es_cr\/wp-json\/wp\/v2\/types\/page"}],"author":[{"embeddable":true,"href":"https:\/\/itellum.com\/es_cr\/wp-json\/wp\/v2\/users\/255"}],"replies":[{"embeddable":true,"href":"https:\/\/itellum.com\/es_cr\/wp-json\/wp\/v2\/comments?post=3600"}],"version-history":[{"count":8,"href":"https:\/\/itellum.com\/es_cr\/wp-json\/wp\/v2\/pages\/3600\/revisions"}],"predecessor-version":[{"id":10889,"href":"https:\/\/itellum.com\/es_cr\/wp-json\/wp\/v2\/pages\/3600\/revisions\/10889"}],"wp:attachment":[{"href":"https:\/\/itellum.com\/es_cr\/wp-json\/wp\/v2\/media?parent=3600"}],"curies":[{"name":"wp","href":"https:\/\/api.w.org\/{rel}","templated":true}]}}