{"id":1182,"date":"2020-06-22T22:03:22","date_gmt":"2020-06-22T22:03:22","guid":{"rendered":"https:\/\/itellum.com\/es\/?page_id=1182"},"modified":"2024-09-03T17:05:52","modified_gmt":"2024-09-03T17:05:52","slug":"itellum-internet-empresarial-con-soporte-al-cliente-premium","status":"publish","type":"page","link":"https:\/\/itellum.com\/es_cr\/itellum-internet-empresarial-con-soporte-al-cliente-premium\/","title":{"rendered":"Internet empresarial Itellum con soporte premium"},"content":{"rendered":"<section class=\"sh-section sh-section-6b60dc9e2043efe53db6b9bfc8f9a97c fw-main-row sh-section-visibility-everywhere\">\r\n\t\r\n\t\r\n\t<div class=\"sh-section-container container-fluid\">\r\n\t\t<div class=\"fw-row\">\n\t\r\n<div class=\"sh-column sh-column-f2c2f86dc39f75c197f4aedee9b7210c fw-col-xs-12\" >\r\n\r\n\t\r\n\t<div class=\"sh-column-wrapper\">\r\n\t\t\r\n\r\n\t<div class=\"sh-heading sh-heading-style1\" id=\"heading-5e7d6e13c6977c966921704460af6f3e\">\r\n\t\t<h1 class=\"sh-heading-content size-xl\">\r\n\t\t\t<span style=\"text-align: center;\">\u00a1Itellum ofrece el mejor Internet, Conectividad y Servicio al Cliente<br \/><span style=\"color: #47c9e5;\"><strong>en Costa Rica!<\/strong><\/span><\/span>\t\t<\/h1>\r\n\t<\/div>\r\n\r\n\r\n\r\n\t<div class=\"sh-heading sh-heading-style1\" id=\"heading-67b546c2890d1e796ceedb4a73bf0145\">\r\n\t\t<h1 class=\"sh-heading-content size-m\">\r\n\t\t\t<span style=\"text-align: center;\">\u00bfListo(a) para contratar una conexi\u00f3n satelital?<\/span><span style=\"text-align: center;\">\u00a1Cont\u00e1ctenos Ahora!<\/span>\t\t<\/h1>\r\n\t<\/div>\r\n\r\n\t<\/div>\r\n\r\n\r\n\t\t\r\n\r\n<\/div>\r\n<\/div>\n\n<div class=\"fw-row\">\n\t\r\n<div class=\"sh-column sh-column-6aebac54585683fc2e3c01b51fbb094b fw-col-xs-12 fw-col-sm-2\" >\r\n\r\n\t\r\n\t<div class=\"sh-column-wrapper\">\r\n\t\t\t<\/div>\r\n\r\n\r\n\t\t\r\n\r\n<\/div>\r\n\r\n<div class=\"sh-column sh-column-e542f497a21590b5cd5ca069853c6593 fw-col-xs-12 fw-col-sm-8\" >\r\n\r\n\t\r\n\t<div class=\"sh-column-wrapper\">\r\n\t\t<div id=\"contact-form-90e528f8fc2a713183a0e766fe18858d\" class=\"form-wrapper contact-form\">\r\n\t<form data-fw-form-id=\"fw_form\" method=\"post\" action=\"https:\/\/itellum.com\/es_cr\/wp-json\/wp\/v2\/pages\/1182\" class=\"fw_form_fw_form\" data-fw-ext-forms-type=\"contact-forms\"><input type=\"hidden\" name=\"fwf\" value=\"fw_form\" \/><input type=\"hidden\" id=\"_nonce_dc008249563cb2bc43014b8a19ef965f\" name=\"_nonce_dc008249563cb2bc43014b8a19ef965f\" value=\"184909b9ca\" \/><input type=\"hidden\" name=\"_wp_http_referer\" value=\"\/es_cr\/wp-json\/wp\/v2\/pages\/1182\" \/><input type=\"hidden\" name=\"fw_ext_forms_form_type\" value=\"contact-forms\" \/><input type=\"hidden\" name=\"fw_ext_forms_form_id\" value=\"90e528f8fc2a713183a0e766fe18858d\" \/><div class=\"wrap-forms\">\n\t<div class=\"fw-row\"><\/div><div class=\"fw-row\"><div class=\"fw-col-xs-12 form-builder-item\">\n\t<div class=\"field-text\">\n\t\t\t\t<label for=\"id-1\">Nombre\t\t\t<sup>*<\/sup>\t\t<\/label>\n\t\t\t\t<input type=\"text\" name=\"text_0b89a02\" placeholder=\"Nombre\" value=\"\" id=\"id-1\" required=\"required\">\n\t\t\t<\/div>\n<\/div><\/div><div class=\"fw-row\"><div class=\"fw-col-xs-12 fw-col-sm-6 form-builder-item\">\n\t<div class=\"field-text\">\n\t\t\t\t<input type=\"text\" name=\"email_f4fc373\" placeholder=\"E-mail\" value=\"\" id=\"id-2\" required=\"required\">\n\t\t\t<\/div>\n<\/div><div class=\"fw-col-xs-12 fw-col-sm-6 form-builder-item\">\n\t<div class=\"field-text\">\n\t\t\t\t<label for=\"id-3\">Tel\u00e9fono\t\t\t<sup>*<\/sup>\t\t<\/label>\n\t\t\t\t<input type=\"text\" name=\"number_656a774\" placeholder=\"Telefono\" value=\"\" id=\"id-3\" required=\"required\">\n\t\t\t<\/div>\n<\/div><\/div><div class=\"fw-row\"><\/div><\/div><div>\n\t<input type=\"submit\" value=\"Obtener informaci\u00f3n\" \/>\n<\/div><\/form><\/div>\r\n\r\n<div id=\"divider-b3053f2bc4869d62e71ea311eb9ad5f0\" class=\"sh-divider sh-divider-center sh-divider-content-none\">\r\n\t\t\t<div class=\"sh-divider-line\"><\/div>\r\n\t<\/div>\r\n\t<\/div>\r\n\r\n\r\n\t\t\r\n\r\n<\/div>\r\n\r\n<div class=\"sh-column sh-column-07c2021a41a31b0c9135b5060acc7861 fw-col-xs-12 fw-col-sm-2\" >\r\n\r\n\t\r\n\t<div class=\"sh-column-wrapper\">\r\n\t\t\t<\/div>\r\n\r\n\r\n\t\t\r\n\r\n<\/div>\r\n<\/div>\n\n<div class=\"fw-row\">\n\t\r\n<div class=\"sh-column sh-column-c8e0e8b7b2038087a3c1af534bccbfae fw-col-xs-12\" >\r\n\r\n\t\r\n\t<div class=\"sh-column-wrapper\">\r\n\t\t\r\n<div id=\"text-block-c5fbed84e1dcaefecc06d98459fe2364\" class=\"sh-text-block\">\r\n\t<p style=\"text-align: center;\">\u00a0Nuestros agentes de servicio al cliente se encargar\u00e1n de atender todas sus necesidades empresariales de <a href=\"https:\/\/itellum.com\/es\/check-eligibility\/\">conectividad.<\/a><\/p><\/div>\r\n\r\n\r\n\t<div class=\"sh-heading sh-heading-style1\" id=\"heading-7e18cb721b826b838e3b34266ca8b922\">\r\n\t\t<h1 class=\"sh-heading-content size-xl\">\r\n\t\t\t<span style=\"text-align: center; font-weight: bold;\">Servicios de Itellum&nbsp;<\/span>\t\t<\/h1>\r\n\t<\/div>\r\n\r\n\t<\/div>\r\n\r\n\r\n\t\t\r\n\r\n<\/div>\r\n<\/div>\n\n\t<\/div>\r\n<\/section>\r\n\r\n<section class=\"sh-section sh-section-03484d0c4ee6d3f38147142c49b33869 fw-main-row sh-section-visibility-everywhere\">\r\n\t\r\n\t\r\n\t<div class=\"sh-section-container container\">\r\n\t\t<div class=\"fw-row\">\n\t\r\n<div class=\"sh-column sh-column-d039fa81d03835ddeffed50c76915748 fw-col-xs-12 fw-col-sm-3\" >\r\n\r\n\t\r\n\t<div class=\"sh-column-wrapper\">\r\n\t\t\r\n<div class=\"sh-iconbox sh-iconbox-style2 sh-iconbox-center improved-responsiveness\" id=\"iconbox-2cdcfdb3247062015f8b23965baae690\">\r\n\t\r\n\t\t\t\t\t<div class=\"sh-iconbox-icon\">\r\n\t\t\t\t<div class=\"sh-iconbox-icon-shape sh-iconbox-square\">\r\n\t\t\t\t\t<i class=\"sh-iconbox-hover fa fa-rss\"><\/i>\r\n\r\n\t\t\t\t\t\t\t\t\t<\/div>\r\n\t\t\t<\/div>\r\n\t\t\r\n\t\t<div class=\"sh-iconbox-aside\">\r\n\t\t\t<div class=\"sh-iconbox-title\">\r\n\t\t\t\t\t\t\t\t\t<h3>Internet Satelital<\/h3>\r\n\t\t\t\t\t\t\t<\/div>\r\n\t\t\t<div class=\"sh-iconbox-seperator\"><\/div>\r\n\t\t\t<div class=\"sh-iconbox-content\">\r\n\t\t\t\t<p style=\"text-align: center; font-size: 18px;\">Internet satelital HughesNet, que es conocido por su amplia cobertura y disponibilidad en \u00e1reas rurales y remotas, utilizando la tecnolog\u00eda de banda Ka, que permite ofrecer mayores velocidades y mejor rendimiento en \u00e1reas de dif\u00edcil acceso.<\/p>\t\t\t<\/div>\r\n\t\t<\/div>\r\n\r\n\t<\/div>\r\n\t<\/div>\r\n\r\n\r\n\t\t\r\n\r\n<\/div>\r\n\r\n<div class=\"sh-column sh-column-1a0a03c8eb6c4d7cf9d60c94522970b3 fw-col-xs-12 fw-col-sm-3\" >\r\n\r\n\t\r\n\t<div class=\"sh-column-wrapper\">\r\n\t\t\r\n<div class=\"sh-iconbox sh-iconbox-style2 sh-iconbox-center improved-responsiveness\" id=\"iconbox-36125857208cbc8d1c540039fde6f436\">\r\n\t\r\n\t\t\t\t\t<div class=\"sh-iconbox-icon\">\r\n\t\t\t\t<div class=\"sh-iconbox-icon-shape sh-iconbox-square\">\r\n\t\t\t\t\t<i class=\"sh-iconbox-hover fa fa-map-marker\"><\/i>\r\n\r\n\t\t\t\t\t\t\t\t\t<\/div>\r\n\t\t\t<\/div>\r\n\t\t\r\n\t\t<div class=\"sh-iconbox-aside\">\r\n\t\t\t<div class=\"sh-iconbox-title\">\r\n\t\t\t\t\t\t\t\t\t<h3>Instalaci\u00f3n en Zonas Rurales<\/h3>\r\n\t\t\t\t\t\t\t<\/div>\r\n\t\t\t<div class=\"sh-iconbox-seperator\"><\/div>\r\n\t\t\t<div class=\"sh-iconbox-content\">\r\n\t\t\t\t<p style=\"text-align: center; font-size: 18px;\">Llevamos el internet de alta velocidad a las \u00e1reas m\u00e1s remotas y rurales de nuestro pa\u00eds. Desde las monta\u00f1as m\u00e1s altas hasta los valles m\u00e1s escondidos, Itellum garantiza una conexi\u00f3n estable y r\u00e1pida para que puedas disfrutar de la mejor experiencia en l\u00ednea.<\/p>\t\t\t<\/div>\r\n\t\t<\/div>\r\n\r\n\t<\/div>\r\n\t<\/div>\r\n\r\n\r\n\t\t\r\n\r\n<\/div>\r\n\r\n<div class=\"sh-column sh-column-15c9d5a7c4425eff3e465ff98316de3f fw-col-xs-12 fw-col-sm-3\" >\r\n\r\n\t\r\n\t<div class=\"sh-column-wrapper\">\r\n\t\t\r\n<div class=\"sh-iconbox sh-iconbox-style2 sh-iconbox-center improved-responsiveness\" id=\"iconbox-f32d5e23205b326f75ffa2f75a8371aa\">\r\n\t\r\n\t\t\t\t\t<div class=\"sh-iconbox-icon\">\r\n\t\t\t\t<div class=\"sh-iconbox-icon-shape sh-iconbox-square\">\r\n\t\t\t\t\t<i class=\"sh-iconbox-hover fa fa-tachometer\"><\/i>\r\n\r\n\t\t\t\t\t\t\t\t\t<\/div>\r\n\t\t\t<\/div>\r\n\t\t\r\n\t\t<div class=\"sh-iconbox-aside\">\r\n\t\t\t<div class=\"sh-iconbox-title\">\r\n\t\t\t\t\t\t\t\t\t<h3>Planes de alta velocidad<\/h3>\r\n\t\t\t\t\t\t\t<\/div>\r\n\t\t\t<div class=\"sh-iconbox-seperator\"><\/div>\r\n\t\t\t<div class=\"sh-iconbox-content\">\r\n\t\t\t\t<p style=\"text-align: center; font-size: 18px;\">Ofrecemos una variedad de planes dise\u00f1ados para satisfacer las necesidades de todos nuestros usuarios. Ya sea que necesites internet para navegar, trabajar desde casa, estudiar o disfrutar de tus series y pel\u00edculas favoritas.<\/p>\t\t\t<\/div>\r\n\t\t<\/div>\r\n\r\n\t<\/div>\r\n\t<\/div>\r\n\r\n\r\n\t\t\r\n\r\n<\/div>\r\n\r\n<div class=\"sh-column sh-column-3208554c6468fcffcf598a8c1ac519de fw-col-xs-12 fw-col-sm-3\" >\r\n\r\n\t\r\n\t<div class=\"sh-column-wrapper\">\r\n\t\t\r\n<div class=\"sh-iconbox sh-iconbox-style2 sh-iconbox-center improved-responsiveness\" id=\"iconbox-b754d655bd64c1b577d8ac705d7ee259\">\r\n\t\r\n\t\t\t\t\t<div class=\"sh-iconbox-icon\">\r\n\t\t\t\t<div class=\"sh-iconbox-icon-shape sh-iconbox-square\">\r\n\t\t\t\t\t<i class=\"sh-iconbox-hover ti-headphone-alt\"><\/i>\r\n\r\n\t\t\t\t\t\t\t\t\t<\/div>\r\n\t\t\t<\/div>\r\n\t\t\r\n\t\t<div class=\"sh-iconbox-aside\">\r\n\t\t\t<div class=\"sh-iconbox-title\">\r\n\t\t\t\t\t\t\t\t\t<h3>Servicio al Cliente<\/h3>\r\n\t\t\t\t\t\t\t<\/div>\r\n\t\t\t<div class=\"sh-iconbox-seperator\"><\/div>\r\n\t\t\t<div class=\"sh-iconbox-content\">\r\n\t\t\t\t<p style=\"text-align: center; font-size: 18px;\">Nuestro equipo de atenci\u00f3n al cliente est\u00e1 disponible para ayudarte en todo momento. Ya sea que necesites asistencia t\u00e9cnica, tengas preguntas sobre tu plan o simplemente quieras optimizar tu conexi\u00f3n, nuestros expertos est\u00e1n listos para ofrecerte soluciones r\u00e1pidas y efectivas.<\/p>\t\t\t<\/div>\r\n\t\t<\/div>\r\n\r\n\t<\/div>\r\n\t<\/div>\r\n\r\n\r\n\t\t\r\n\r\n<\/div>\r\n<\/div>\n\n\t<\/div>\r\n<\/section>\r\n\r\n<section class=\"sh-section sh-section-1a2f728223840b1575ef778308796c7b fw-main-row sh-section-visibility-everywhere\" id=\"layouts\">\r\n\t\r\n\t\r\n\t<div class=\"sh-section-container container section-justify-height\">\r\n\t\t<div class=\"fw-row\">\n\t\r\n<div class=\"sh-column sh-column-f43d3ac5e3fc050be04489eac33cd991 fw-col-xs-12 fw-col-sm-6 sh-animated fadeInLeft\" data-wow-duration=\"2s\">\r\n\r\n\t\r\n\t<div class=\"sh-column-wrapper\">\r\n\t\t\r\n<div id=\"video-player-b7b424baf7634c4b79dfa809c2e7f8c8\" class=\"sh-video-player sh-video-player-style1 sh-placement-left\">\r\n\t<div class=\"sh-video-player-container\">\r\n\t\t<div class=\"sh-video-player-content\">\r\n\t\t\t<iframe loading=\"lazy\" title=\"Potencia tu emprendimiento rural con Itellum.\" width=\"500\" height=\"281\" src=\"https:\/\/www.youtube.com\/embed\/NiesfXPUkEw?feature=oembed\" frameborder=\"0\" allow=\"accelerometer; autoplay; clipboard-write; encrypted-media; gyroscope; picture-in-picture; web-share\" referrerpolicy=\"strict-origin-when-cross-origin\" allowfullscreen><\/iframe>\t\t<\/div>\r\n\t<\/div>\r\n\r\n\t<\/div>\r\n\t<\/div>\r\n\r\n\r\n\t\t\r\n\r\n<\/div>\r\n\r\n<div class=\"sh-column sh-column-393e2aae20366e00b4fb2f89a1b66d70 fw-col-xs-12 fw-col-sm-6\" >\r\n\r\n\t\r\n\t<div class=\"sh-column-wrapper\">\r\n\t\t\r\n\r\n\t<div class=\"sh-heading sh-heading-style1\" id=\"heading-2efdec7e526104519af01121891e9a59\">\r\n\t\t<h1 class=\"sh-heading-content size-l\">\r\n\t\t\t<h1 class=\"sh-heading-content size-default text-left\">\u00a1Potenciando emprendimientos rurales!<\/h1>\t\t<\/h1>\r\n\t<\/div>\r\n\r\n\r\n<div id=\"text-block-4920e1ccc60303bf5d2e82f5225d9589\" class=\"sh-text-block\">\r\n\t<p style=\"font-size: 16px;\">En Itellum estamos dedicados a revelar y elevar los talentos \u00fanicos de nuestros costarricenses, llev\u00e1ndolos desde los rincones mas aut\u00e9nticos de Costa Rica hasta los escenarios globales.<br \/>Nuestra misi\u00f3n es mostrar al mundo la riqueza cultural y creativa de nuestras comunidades rurales, impulsando sus negocios y ampliando sus horizontes. Imagina tus productos artesanales no solo siendo apreciados en nuestro hermoso pa\u00eds, sino tambi\u00e9n admirados y demandados a nivel internacional.<br \/>Con Itellum, no solo fortalecemos la econom\u00eda local, sino que tambi\u00e9n construimos puentes hacia mercados internacionales, permitiendo que el arte y el conocimiento de todos los emprendedores alcancen nuevos destinos y audiencias<br \/>\u00danete a Itellum\u00a0y s\u00e9 parte de una comunidad que valora y promueve lo mejor de Costa Rica.<\/p><\/div>\r\n\t<\/div>\r\n\r\n\r\n\t\t\r\n\r\n<\/div>\r\n<\/div>\n\n\t<\/div>\r\n<\/section>\n","protected":false},"excerpt":{"rendered":"<p>\u00a1Itellum ofrece el mejor Internet, Conectividad y Servicio al Clienteen Costa Rica! \u00bfListo(a) para contratar una conexi\u00f3n satelital?\u00a1Cont\u00e1ctenos Ahora! Nombre * Tel\u00e9fono * \u00a0Nuestros agentes de servicio al cliente se encargar\u00e1n de atender todas sus necesidades empresariales de conectividad. Servicios de Itellum&nbsp; Internet Satelital Internet&#8230;<\/p>\n","protected":false},"author":255,"featured_media":0,"parent":0,"menu_order":0,"comment_status":"closed","ping_status":"closed","template":"","meta":{"content-type":"","footnotes":""},"class_list":["post-1182","page","type-page","status-publish","hentry"],"yoast_head":"<!-- This site is optimized with the Yoast SEO plugin v20.13 - https:\/\/yoast.com\/wordpress\/plugins\/seo\/ -->\n<title>Internet empresarial Itellum con soporte premium - Itellum<\/title>\n<meta name=\"robots\" content=\"index, follow, max-snippet:-1, max-image-preview:large, max-video-preview:-1\" \/>\n<link rel=\"canonical\" href=\"https:\/\/itellum.com\/es_cr\/itellum-internet-empresarial-con-soporte-al-cliente-premium\/\" \/>\n<meta property=\"og:locale\" content=\"es_ES\" \/>\n<meta property=\"og:type\" content=\"article\" \/>\n<meta property=\"og:title\" content=\"Internet empresarial Itellum con soporte premium - Itellum\" \/>\n<meta property=\"og:description\" content=\"\u00a1Itellum ofrece el mejor Internet, Conectividad y Servicio al Clienteen Costa Rica! \u00bfListo(a) para contratar una conexi\u00f3n satelital?\u00a1Cont\u00e1ctenos Ahora! Nombre * Tel\u00e9fono * \u00a0Nuestros agentes de servicio al cliente se encargar\u00e1n de atender todas sus necesidades empresariales de conectividad. Servicios de Itellum&nbsp; Internet Satelital Internet...\" \/>\n<meta property=\"og:url\" content=\"https:\/\/itellum.com\/es_cr\/itellum-internet-empresarial-con-soporte-al-cliente-premium\/\" \/>\n<meta property=\"og:site_name\" content=\"Itellum\" \/>\n<meta property=\"article:modified_time\" content=\"2024-09-03T17:05:52+00:00\" \/>\n<meta name=\"twitter:card\" content=\"summary_large_image\" \/>\n<meta name=\"twitter:label1\" content=\"Est. reading time\" \/>\n\t<meta name=\"twitter:data1\" content=\"2 minutos\" \/>\n<script type=\"application\/ld+json\" class=\"yoast-schema-graph\">{\"@context\":\"https:\/\/schema.org\",\"@graph\":[{\"@type\":\"WebPage\",\"@id\":\"https:\/\/itellum.com\/itellum-internet-empresarial-con-soporte-al-cliente-premium\/\",\"url\":\"https:\/\/itellum.com\/itellum-internet-empresarial-con-soporte-al-cliente-premium\/\",\"name\":\"Internet empresarial Itellum con soporte premium - Itellum\",\"isPartOf\":{\"@id\":\"https:\/\/itellum.com\/#website\"},\"datePublished\":\"2020-06-22T22:03:22+00:00\",\"dateModified\":\"2024-09-03T17:05:52+00:00\",\"breadcrumb\":{\"@id\":\"https:\/\/itellum.com\/itellum-internet-empresarial-con-soporte-al-cliente-premium\/#breadcrumb\"},\"inLanguage\":\"es-CR\",\"potentialAction\":[{\"@type\":\"ReadAction\",\"target\":[\"https:\/\/itellum.com\/itellum-internet-empresarial-con-soporte-al-cliente-premium\/\"]}]},{\"@type\":\"BreadcrumbList\",\"@id\":\"https:\/\/itellum.com\/itellum-internet-empresarial-con-soporte-al-cliente-premium\/#breadcrumb\",\"itemListElement\":[{\"@type\":\"ListItem\",\"position\":1,\"name\":\"Home\",\"item\":\"https:\/\/itellum.com\/\"},{\"@type\":\"ListItem\",\"position\":2,\"name\":\"Internet empresarial Itellum con soporte premium\"}]},{\"@type\":\"WebSite\",\"@id\":\"https:\/\/itellum.com\/#website\",\"url\":\"https:\/\/itellum.com\/\",\"name\":\"Itellum\",\"description\":\"ITELLUM proporciona el INTERNET M\u00c1S R\u00c1PIDO\",\"potentialAction\":[{\"@type\":\"SearchAction\",\"target\":{\"@type\":\"EntryPoint\",\"urlTemplate\":\"https:\/\/itellum.com\/?s={search_term_string}\"},\"query-input\":\"required name=search_term_string\"}],\"inLanguage\":\"es-CR\"}]}<\/script>\n<!-- \/ Yoast SEO plugin. -->","yoast_head_json":{"title":"Internet empresarial Itellum con soporte premium - Itellum","robots":{"index":"index","follow":"follow","max-snippet":"max-snippet:-1","max-image-preview":"max-image-preview:large","max-video-preview":"max-video-preview:-1"},"canonical":"https:\/\/itellum.com\/es_cr\/itellum-internet-empresarial-con-soporte-al-cliente-premium\/","og_locale":"es_ES","og_type":"article","og_title":"Internet empresarial Itellum con soporte premium - Itellum","og_description":"\u00a1Itellum ofrece el mejor Internet, Conectividad y Servicio al Clienteen Costa Rica! \u00bfListo(a) para contratar una conexi\u00f3n satelital?\u00a1Cont\u00e1ctenos Ahora! Nombre * Tel\u00e9fono * \u00a0Nuestros agentes de servicio al cliente se encargar\u00e1n de atender todas sus necesidades empresariales de conectividad. Servicios de Itellum&nbsp; Internet Satelital Internet...","og_url":"https:\/\/itellum.com\/es_cr\/itellum-internet-empresarial-con-soporte-al-cliente-premium\/","og_site_name":"Itellum","article_modified_time":"2024-09-03T17:05:52+00:00","twitter_card":"summary_large_image","twitter_misc":{"Est. reading time":"2 minutos"},"schema":{"@context":"https:\/\/schema.org","@graph":[{"@type":"WebPage","@id":"https:\/\/itellum.com\/itellum-internet-empresarial-con-soporte-al-cliente-premium\/","url":"https:\/\/itellum.com\/itellum-internet-empresarial-con-soporte-al-cliente-premium\/","name":"Internet empresarial Itellum con soporte premium - Itellum","isPartOf":{"@id":"https:\/\/itellum.com\/#website"},"datePublished":"2020-06-22T22:03:22+00:00","dateModified":"2024-09-03T17:05:52+00:00","breadcrumb":{"@id":"https:\/\/itellum.com\/itellum-internet-empresarial-con-soporte-al-cliente-premium\/#breadcrumb"},"inLanguage":"es-CR","potentialAction":[{"@type":"ReadAction","target":["https:\/\/itellum.com\/itellum-internet-empresarial-con-soporte-al-cliente-premium\/"]}]},{"@type":"BreadcrumbList","@id":"https:\/\/itellum.com\/itellum-internet-empresarial-con-soporte-al-cliente-premium\/#breadcrumb","itemListElement":[{"@type":"ListItem","position":1,"name":"Home","item":"https:\/\/itellum.com\/"},{"@type":"ListItem","position":2,"name":"Internet empresarial Itellum con soporte premium"}]},{"@type":"WebSite","@id":"https:\/\/itellum.com\/#website","url":"https:\/\/itellum.com\/","name":"Itellum","description":"ITELLUM proporciona el INTERNET M\u00c1S R\u00c1PIDO","potentialAction":[{"@type":"SearchAction","target":{"@type":"EntryPoint","urlTemplate":"https:\/\/itellum.com\/?s={search_term_string}"},"query-input":"required name=search_term_string"}],"inLanguage":"es-CR"}]}},"_links":{"self":[{"href":"https:\/\/itellum.com\/es_cr\/wp-json\/wp\/v2\/pages\/1182","targetHints":{"allow":["GET"]}}],"collection":[{"href":"https:\/\/itellum.com\/es_cr\/wp-json\/wp\/v2\/pages"}],"about":[{"href":"https:\/\/itellum.com\/es_cr\/wp-json\/wp\/v2\/types\/page"}],"author":[{"embeddable":true,"href":"https:\/\/itellum.com\/es_cr\/wp-json\/wp\/v2\/users\/255"}],"replies":[{"embeddable":true,"href":"https:\/\/itellum.com\/es_cr\/wp-json\/wp\/v2\/comments?post=1182"}],"version-history":[{"count":22,"href":"https:\/\/itellum.com\/es_cr\/wp-json\/wp\/v2\/pages\/1182\/revisions"}],"predecessor-version":[{"id":10866,"href":"https:\/\/itellum.com\/es_cr\/wp-json\/wp\/v2\/pages\/1182\/revisions\/10866"}],"wp:attachment":[{"href":"https:\/\/itellum.com\/es_cr\/wp-json\/wp\/v2\/media?parent=1182"}],"curies":[{"name":"wp","href":"https:\/\/api.w.org\/{rel}","templated":true}]}}