{"id":11000,"date":"2024-07-18T20:58:13","date_gmt":"2024-07-18T20:58:13","guid":{"rendered":"https:\/\/itellum.com\/?page_id=11000"},"modified":"2024-07-18T20:58:14","modified_gmt":"2024-07-18T20:58:14","slug":"reporte-de-mantenimientos","status":"publish","type":"page","link":"https:\/\/itellum.com\/es_cr\/reporte-de-mantenimientos\/","title":{"rendered":"Reporte de mantenimientos"},"content":{"rendered":"\n<p><strong>Reporte de mantenimientos.<\/strong><\/p>\n\n\n\n<p>Este apartado encontrara informaci\u00f3n relacionada con los reportes de trabajos en las redes y sistemas de telecomunicaciones. <br>Itellum Comunicaciones, previo a la ejecuci\u00f3n de trabajos de intervenci\u00f3n en sus redes, y con una antelaci\u00f3n de al menos 48 horas, informar\u00e1 a sus usuarios sobre los servicios que se ver\u00e1n afectados, las zonas de afectaci\u00f3n y el tiempo de afectaci\u00f3n, esta informaci\u00f3n ser\u00e1 publicada en este apartado y adem\u00e1s, cada usuario ser\u00e1 notificado por medio de comunicaci\u00f3n electr\u00f3nica directa.<\/p>\n\n\n\n<p><strong>Actualmente no hay trabajos de mantenimiento activos.<\/strong><\/p>\n","protected":false},"excerpt":{"rendered":"<p>Reporte de mantenimientos. Este apartado encontrara informaci\u00f3n relacionada con los reportes de trabajos en las redes y sistemas de telecomunicaciones. Itellum Comunicaciones, previo a la ejecuci\u00f3n de trabajos de intervenci\u00f3n en sus redes, y con una antelaci\u00f3n de al menos 48 horas, informar\u00e1 a sus&#8230;<\/p>\n","protected":false},"author":258,"featured_media":0,"parent":0,"menu_order":0,"comment_status":"closed","ping_status":"closed","template":"","meta":{"content-type":"","footnotes":""},"class_list":["post-11000","page","type-page","status-publish","hentry"],"yoast_head":"<!-- This site is optimized with the Yoast SEO plugin v20.13 - https:\/\/yoast.com\/wordpress\/plugins\/seo\/ -->\n<title>Reporte de mantenimientos - Itellum<\/title>\n<meta name=\"robots\" content=\"index, follow, max-snippet:-1, max-image-preview:large, max-video-preview:-1\" \/>\n<link rel=\"canonical\" href=\"https:\/\/itellum.com\/es_cr\/reporte-de-mantenimientos\/\" \/>\n<meta property=\"og:locale\" content=\"es_ES\" \/>\n<meta property=\"og:type\" content=\"article\" \/>\n<meta property=\"og:title\" content=\"Reporte de mantenimientos - Itellum\" \/>\n<meta property=\"og:description\" content=\"Reporte de mantenimientos. Este apartado encontrara informaci\u00f3n relacionada con los reportes de trabajos en las redes y sistemas de telecomunicaciones. Itellum Comunicaciones, previo a la ejecuci\u00f3n de trabajos de intervenci\u00f3n en sus redes, y con una antelaci\u00f3n de al menos 48 horas, informar\u00e1 a sus...\" \/>\n<meta property=\"og:url\" content=\"https:\/\/itellum.com\/es_cr\/reporte-de-mantenimientos\/\" \/>\n<meta property=\"og:site_name\" content=\"Itellum\" \/>\n<meta property=\"article:modified_time\" content=\"2024-07-18T20:58:14+00:00\" \/>\n<meta name=\"twitter:card\" content=\"summary_large_image\" \/>\n<meta name=\"twitter:label1\" content=\"Est. reading time\" \/>\n\t<meta name=\"twitter:data1\" content=\"1 minuto\" \/>\n<script type=\"application\/ld+json\" class=\"yoast-schema-graph\">{\"@context\":\"https:\/\/schema.org\",\"@graph\":[{\"@type\":\"WebPage\",\"@id\":\"https:\/\/itellum.com\/reporte-de-mantenimientos\/\",\"url\":\"https:\/\/itellum.com\/reporte-de-mantenimientos\/\",\"name\":\"Reporte de mantenimientos - Itellum\",\"isPartOf\":{\"@id\":\"https:\/\/itellum.com\/#website\"},\"datePublished\":\"2024-07-18T20:58:13+00:00\",\"dateModified\":\"2024-07-18T20:58:14+00:00\",\"breadcrumb\":{\"@id\":\"https:\/\/itellum.com\/reporte-de-mantenimientos\/#breadcrumb\"},\"inLanguage\":\"es-CR\",\"potentialAction\":[{\"@type\":\"ReadAction\",\"target\":[\"https:\/\/itellum.com\/reporte-de-mantenimientos\/\"]}]},{\"@type\":\"BreadcrumbList\",\"@id\":\"https:\/\/itellum.com\/reporte-de-mantenimientos\/#breadcrumb\",\"itemListElement\":[{\"@type\":\"ListItem\",\"position\":1,\"name\":\"Home\",\"item\":\"https:\/\/itellum.com\/\"},{\"@type\":\"ListItem\",\"position\":2,\"name\":\"Reporte de mantenimientos\"}]},{\"@type\":\"WebSite\",\"@id\":\"https:\/\/itellum.com\/#website\",\"url\":\"https:\/\/itellum.com\/\",\"name\":\"Itellum\",\"description\":\"ITELLUM proporciona el INTERNET M\u00c1S R\u00c1PIDO\",\"potentialAction\":[{\"@type\":\"SearchAction\",\"target\":{\"@type\":\"EntryPoint\",\"urlTemplate\":\"https:\/\/itellum.com\/?s={search_term_string}\"},\"query-input\":\"required name=search_term_string\"}],\"inLanguage\":\"es-CR\"}]}<\/script>\n<!-- \/ Yoast SEO plugin. -->","yoast_head_json":{"title":"Reporte de mantenimientos - Itellum","robots":{"index":"index","follow":"follow","max-snippet":"max-snippet:-1","max-image-preview":"max-image-preview:large","max-video-preview":"max-video-preview:-1"},"canonical":"https:\/\/itellum.com\/es_cr\/reporte-de-mantenimientos\/","og_locale":"es_ES","og_type":"article","og_title":"Reporte de mantenimientos - Itellum","og_description":"Reporte de mantenimientos. Este apartado encontrara informaci\u00f3n relacionada con los reportes de trabajos en las redes y sistemas de telecomunicaciones. Itellum Comunicaciones, previo a la ejecuci\u00f3n de trabajos de intervenci\u00f3n en sus redes, y con una antelaci\u00f3n de al menos 48 horas, informar\u00e1 a sus...","og_url":"https:\/\/itellum.com\/es_cr\/reporte-de-mantenimientos\/","og_site_name":"Itellum","article_modified_time":"2024-07-18T20:58:14+00:00","twitter_card":"summary_large_image","twitter_misc":{"Est. reading time":"1 minuto"},"schema":{"@context":"https:\/\/schema.org","@graph":[{"@type":"WebPage","@id":"https:\/\/itellum.com\/reporte-de-mantenimientos\/","url":"https:\/\/itellum.com\/reporte-de-mantenimientos\/","name":"Reporte de mantenimientos - Itellum","isPartOf":{"@id":"https:\/\/itellum.com\/#website"},"datePublished":"2024-07-18T20:58:13+00:00","dateModified":"2024-07-18T20:58:14+00:00","breadcrumb":{"@id":"https:\/\/itellum.com\/reporte-de-mantenimientos\/#breadcrumb"},"inLanguage":"es-CR","potentialAction":[{"@type":"ReadAction","target":["https:\/\/itellum.com\/reporte-de-mantenimientos\/"]}]},{"@type":"BreadcrumbList","@id":"https:\/\/itellum.com\/reporte-de-mantenimientos\/#breadcrumb","itemListElement":[{"@type":"ListItem","position":1,"name":"Home","item":"https:\/\/itellum.com\/"},{"@type":"ListItem","position":2,"name":"Reporte de mantenimientos"}]},{"@type":"WebSite","@id":"https:\/\/itellum.com\/#website","url":"https:\/\/itellum.com\/","name":"Itellum","description":"ITELLUM proporciona el INTERNET M\u00c1S R\u00c1PIDO","potentialAction":[{"@type":"SearchAction","target":{"@type":"EntryPoint","urlTemplate":"https:\/\/itellum.com\/?s={search_term_string}"},"query-input":"required name=search_term_string"}],"inLanguage":"es-CR"}]}},"_links":{"self":[{"href":"https:\/\/itellum.com\/es_cr\/wp-json\/wp\/v2\/pages\/11000","targetHints":{"allow":["GET"]}}],"collection":[{"href":"https:\/\/itellum.com\/es_cr\/wp-json\/wp\/v2\/pages"}],"about":[{"href":"https:\/\/itellum.com\/es_cr\/wp-json\/wp\/v2\/types\/page"}],"author":[{"embeddable":true,"href":"https:\/\/itellum.com\/es_cr\/wp-json\/wp\/v2\/users\/258"}],"replies":[{"embeddable":true,"href":"https:\/\/itellum.com\/es_cr\/wp-json\/wp\/v2\/comments?post=11000"}],"version-history":[{"count":3,"href":"https:\/\/itellum.com\/es_cr\/wp-json\/wp\/v2\/pages\/11000\/revisions"}],"predecessor-version":[{"id":11004,"href":"https:\/\/itellum.com\/es_cr\/wp-json\/wp\/v2\/pages\/11000\/revisions\/11004"}],"wp:attachment":[{"href":"https:\/\/itellum.com\/es_cr\/wp-json\/wp\/v2\/media?parent=11000"}],"curies":[{"name":"wp","href":"https:\/\/api.w.org\/{rel}","templated":true}]}}