{"id":10916,"date":"2024-07-17T17:37:38","date_gmt":"2024-07-17T17:37:38","guid":{"rendered":"https:\/\/itellum.com\/?page_id=10916"},"modified":"2025-08-22T16:51:59","modified_gmt":"2025-08-22T16:51:59","slug":"metodos-de-contratacion","status":"publish","type":"page","link":"https:\/\/itellum.com\/es_cr\/metodos-de-contratacion\/","title":{"rendered":"M\u00e9todos de contrataci\u00f3n"},"content":{"rendered":"\n<h2 class=\"wp-block-heading\">M\u00e9todos de contrataci\u00f3n<\/h2>\n\n\n\n<p>Los usuarios finales podr\u00e1n optar por contratar su servicio de satelital de las siguientes maneras:<\/p>\n\n\n\n<p><strong>Contrataci\u00f3n sin permanencia m\u00ednima<\/strong><\/p>\n\n\n\n<p><strong>Venta<br><\/strong>El cliente compra el kit satelital de contado. <br>Los precios finales de los componentes del kit satelital podr\u00e1n ser revisados en el siguiente apartado: <a href=\"https:\/\/itellum.com\/regulaciones\/otros-cargos\/\">presiona aqu\u00ed para ver<\/a><br><\/p>\n\n\n\n<p><strong>Comodato<\/strong><br>El cliente recibe el kit satelital en calidad de pr\u00e9stamo por parte de Itellum Comunicaciones, con la condici\u00f3n de devolver el equipo una vez solicite la baja de su servicio.<\/p>\n\n\n\n<p><\/p>\n","protected":false},"excerpt":{"rendered":"<p>M\u00e9todos de contrataci\u00f3n Los usuarios finales podr\u00e1n optar por contratar su servicio de satelital de las siguientes maneras: Contrataci\u00f3n sin permanencia m\u00ednima VentaEl cliente compra el kit satelital de contado. Los precios finales de los componentes del kit satelital podr\u00e1n ser revisados en el siguiente&#8230;<\/p>\n","protected":false},"author":258,"featured_media":0,"parent":0,"menu_order":0,"comment_status":"closed","ping_status":"closed","template":"","meta":{"content-type":"","footnotes":""},"class_list":["post-10916","page","type-page","status-publish","hentry"],"yoast_head":"<!-- This site is optimized with the Yoast SEO plugin v20.13 - https:\/\/yoast.com\/wordpress\/plugins\/seo\/ -->\n<title>M\u00e9todos de contrataci\u00f3n - Itellum<\/title>\n<meta name=\"robots\" content=\"index, follow, max-snippet:-1, max-image-preview:large, max-video-preview:-1\" \/>\n<link rel=\"canonical\" href=\"https:\/\/itellum.com\/es_cr\/metodos-de-contratacion\/\" \/>\n<meta property=\"og:locale\" content=\"es_ES\" \/>\n<meta property=\"og:type\" content=\"article\" \/>\n<meta property=\"og:title\" content=\"M\u00e9todos de contrataci\u00f3n - Itellum\" \/>\n<meta property=\"og:description\" content=\"M\u00e9todos de contrataci\u00f3n Los usuarios finales podr\u00e1n optar por contratar su servicio de satelital de las siguientes maneras: Contrataci\u00f3n sin permanencia m\u00ednima VentaEl cliente compra el kit satelital de contado. Los precios finales de los componentes del kit satelital podr\u00e1n ser revisados en el siguiente...\" \/>\n<meta property=\"og:url\" content=\"https:\/\/itellum.com\/es_cr\/metodos-de-contratacion\/\" \/>\n<meta property=\"og:site_name\" content=\"Itellum\" \/>\n<meta property=\"article:modified_time\" content=\"2025-08-22T16:51:59+00:00\" \/>\n<meta name=\"twitter:card\" content=\"summary_large_image\" \/>\n<meta name=\"twitter:label1\" content=\"Est. reading time\" \/>\n\t<meta name=\"twitter:data1\" content=\"1 minuto\" \/>\n<script type=\"application\/ld+json\" class=\"yoast-schema-graph\">{\"@context\":\"https:\/\/schema.org\",\"@graph\":[{\"@type\":\"WebPage\",\"@id\":\"https:\/\/itellum.com\/metodos-de-contratacion\/\",\"url\":\"https:\/\/itellum.com\/metodos-de-contratacion\/\",\"name\":\"M\u00e9todos de contrataci\u00f3n - Itellum\",\"isPartOf\":{\"@id\":\"https:\/\/itellum.com\/#website\"},\"datePublished\":\"2024-07-17T17:37:38+00:00\",\"dateModified\":\"2025-08-22T16:51:59+00:00\",\"breadcrumb\":{\"@id\":\"https:\/\/itellum.com\/metodos-de-contratacion\/#breadcrumb\"},\"inLanguage\":\"es-CR\",\"potentialAction\":[{\"@type\":\"ReadAction\",\"target\":[\"https:\/\/itellum.com\/metodos-de-contratacion\/\"]}]},{\"@type\":\"BreadcrumbList\",\"@id\":\"https:\/\/itellum.com\/metodos-de-contratacion\/#breadcrumb\",\"itemListElement\":[{\"@type\":\"ListItem\",\"position\":1,\"name\":\"Home\",\"item\":\"https:\/\/itellum.com\/\"},{\"@type\":\"ListItem\",\"position\":2,\"name\":\"M\u00e9todos de contrataci\u00f3n\"}]},{\"@type\":\"WebSite\",\"@id\":\"https:\/\/itellum.com\/#website\",\"url\":\"https:\/\/itellum.com\/\",\"name\":\"Itellum\",\"description\":\"ITELLUM proporciona el INTERNET M\u00c1S R\u00c1PIDO\",\"potentialAction\":[{\"@type\":\"SearchAction\",\"target\":{\"@type\":\"EntryPoint\",\"urlTemplate\":\"https:\/\/itellum.com\/?s={search_term_string}\"},\"query-input\":\"required name=search_term_string\"}],\"inLanguage\":\"es-CR\"}]}<\/script>\n<!-- \/ Yoast SEO plugin. -->","yoast_head_json":{"title":"M\u00e9todos de contrataci\u00f3n - Itellum","robots":{"index":"index","follow":"follow","max-snippet":"max-snippet:-1","max-image-preview":"max-image-preview:large","max-video-preview":"max-video-preview:-1"},"canonical":"https:\/\/itellum.com\/es_cr\/metodos-de-contratacion\/","og_locale":"es_ES","og_type":"article","og_title":"M\u00e9todos de contrataci\u00f3n - Itellum","og_description":"M\u00e9todos de contrataci\u00f3n Los usuarios finales podr\u00e1n optar por contratar su servicio de satelital de las siguientes maneras: Contrataci\u00f3n sin permanencia m\u00ednima VentaEl cliente compra el kit satelital de contado. Los precios finales de los componentes del kit satelital podr\u00e1n ser revisados en el siguiente...","og_url":"https:\/\/itellum.com\/es_cr\/metodos-de-contratacion\/","og_site_name":"Itellum","article_modified_time":"2025-08-22T16:51:59+00:00","twitter_card":"summary_large_image","twitter_misc":{"Est. reading time":"1 minuto"},"schema":{"@context":"https:\/\/schema.org","@graph":[{"@type":"WebPage","@id":"https:\/\/itellum.com\/metodos-de-contratacion\/","url":"https:\/\/itellum.com\/metodos-de-contratacion\/","name":"M\u00e9todos de contrataci\u00f3n - Itellum","isPartOf":{"@id":"https:\/\/itellum.com\/#website"},"datePublished":"2024-07-17T17:37:38+00:00","dateModified":"2025-08-22T16:51:59+00:00","breadcrumb":{"@id":"https:\/\/itellum.com\/metodos-de-contratacion\/#breadcrumb"},"inLanguage":"es-CR","potentialAction":[{"@type":"ReadAction","target":["https:\/\/itellum.com\/metodos-de-contratacion\/"]}]},{"@type":"BreadcrumbList","@id":"https:\/\/itellum.com\/metodos-de-contratacion\/#breadcrumb","itemListElement":[{"@type":"ListItem","position":1,"name":"Home","item":"https:\/\/itellum.com\/"},{"@type":"ListItem","position":2,"name":"M\u00e9todos de contrataci\u00f3n"}]},{"@type":"WebSite","@id":"https:\/\/itellum.com\/#website","url":"https:\/\/itellum.com\/","name":"Itellum","description":"ITELLUM proporciona el INTERNET M\u00c1S R\u00c1PIDO","potentialAction":[{"@type":"SearchAction","target":{"@type":"EntryPoint","urlTemplate":"https:\/\/itellum.com\/?s={search_term_string}"},"query-input":"required name=search_term_string"}],"inLanguage":"es-CR"}]}},"_links":{"self":[{"href":"https:\/\/itellum.com\/es_cr\/wp-json\/wp\/v2\/pages\/10916","targetHints":{"allow":["GET"]}}],"collection":[{"href":"https:\/\/itellum.com\/es_cr\/wp-json\/wp\/v2\/pages"}],"about":[{"href":"https:\/\/itellum.com\/es_cr\/wp-json\/wp\/v2\/types\/page"}],"author":[{"embeddable":true,"href":"https:\/\/itellum.com\/es_cr\/wp-json\/wp\/v2\/users\/258"}],"replies":[{"embeddable":true,"href":"https:\/\/itellum.com\/es_cr\/wp-json\/wp\/v2\/comments?post=10916"}],"version-history":[{"count":11,"href":"https:\/\/itellum.com\/es_cr\/wp-json\/wp\/v2\/pages\/10916\/revisions"}],"predecessor-version":[{"id":11264,"href":"https:\/\/itellum.com\/es_cr\/wp-json\/wp\/v2\/pages\/10916\/revisions\/11264"}],"wp:attachment":[{"href":"https:\/\/itellum.com\/es_cr\/wp-json\/wp\/v2\/media?parent=10916"}],"curies":[{"name":"wp","href":"https:\/\/api.w.org\/{rel}","templated":true}]}}