{"id":6845,"date":"2022-09-06T23:18:36","date_gmt":"2022-09-06T23:18:36","guid":{"rendered":"https:\/\/itellum.com\/es\/?page_id=6845"},"modified":"2025-08-22T16:00:29","modified_gmt":"2025-08-22T16:00:29","slug":"metodos-de-pago","status":"publish","type":"page","link":"https:\/\/itellum.com\/en_us\/regulaciones\/metodos-de-pago\/","title":{"rendered":"Methods of payment"},"content":{"rendered":"<p>The company offers facilities to the client for the acquisition of the product such as different payment methods, for example:<\/p>\n\n\n\n<p><strong>Cash<\/strong>: Make payments for our services (monthly fees, equipment payments, transfers, among others) quickly and easily by bank transfer or cash at any of our branches located in:&nbsp;<\/p>\n\n\n\n<ul class=\"wp-block-list\">\n<li><strong>P\u00e9rez Zeled\u00f3n Branch<\/strong>&nbsp;<br>Address: On the Interamerican Highway in front of the Greek Y, San Isidro de El General, San Jos\u00e9, Costa Rica.&nbsp;<br>L\u00ednea Gratuita: 800-ITELLUM (800-4835586)&nbsp;<br>Telephone Number: + (506) 4020-1224&nbsp;<br>WhatsApp: + (506) 6006-9011&nbsp;<br>E-mail:<a href=\"mailto:info@itellum.com\" target=\"_blank\" rel=\"noreferrer noopener\">info@itellum.com<\/a>&nbsp;<\/li>\n\n\n\n<li><strong>Sucursal San Jos\u00e9<\/strong>&nbsp;<br>Direcci\u00f3n: San Jos\u00e9, San Jos\u00e9, Mata Redonda, Sabana Norte, Centro Corporativo CLS, piso 9<br>L\u00ednea Gratuita: 800-ITELLUM (800-4835586)<br>Telephone Number: + (506) 4020-1224&nbsp;<br>WhatsApp: + (506) 6006-9011&nbsp;<br>E-mail:<a href=\"mailto:info@itellum.com\" target=\"_blank\" rel=\"noreferrer noopener\">info@itellum.com<\/a>&nbsp;<\/li>\n<\/ul>\n\n\n\n<p><strong>Bank Transfer<\/strong>: You will now be able to make your payments by bank transfer to our accounts at BAC Credomatic.&nbsp;<br>Itellum Communications of Costa Rica SRL<br>3-102-692877<\/p>\n\n\n\n<ul class=\"wp-block-list\">\n<li><strong>IBAN Dollar Account<\/strong>: CR47010200009355156431&nbsp;<\/li>\n\n\n\n<li><strong>IBAN Colones Account<\/strong>: CR73010200009507395329<\/li>\n<\/ul>\n\n\n\n<p><strong>Mobile<\/strong>: Ahora podr\u00e1s realizar el pago de tus facturas por medio de Sinpe m\u00f3vil al n\u00famero +506 6362 3030, a nombre de Itellum_comunicaciones<\/p>\n\n\n\n<p><strong>Credit (Payment in installments):\u00a0<\/strong>Los clientes podr\u00e1n optar por una l\u00ednea de cr\u00e9dito con Itellum por un plazo no mayor a 3 meses, otorgada directamente por Itellum sin intermediarios financieros. Esta modalidad de pago no implica una sujeci\u00f3n a contratos con cl\u00e1usulas de permanencia m\u00ednima. El cliente puede retirarse a\u00fan sin haber cancelado la totalidad del cr\u00e9dito asociado del equipo, respetando y cumpliendo con las condiciones de garant\u00eda o cr\u00e9dito previamente acordadas para la venta del equipo.<\/p>\n\n\n\n<p><strong>Express payment:<\/strong>&nbsp;It is a BAC Credomatic platform that will allow automating service payments (monthly fees, equipment, transfers, among others) to customers through the affiliation of a credit or debit card in the platform. This in turn is programmed so that the automatic payment is made on the corresponding cut-off date.<\/p>\n\n\n\n<p><strong>Compraclick:<\/strong>&nbsp;It is a service of Bac San Jos\u00e9 bank that allows us to generate a direct link to the BAC platform that will facilitate the client to make payments for their services (monthly payments, equipment, transfers, among others) from anywhere, it does not require affiliation or registration of the client's card information to be used.<\/p>\n\n\n\n<p><\/p>","protected":false},"excerpt":{"rendered":"<p>La empresa brinda facilidades al cliente para la adquisici\u00f3n del producto como lo son diversos m\u00e9todos de pago, por ejemplo: Contado: Realice los pagos de nuestros servicios (mensualidades, pago de equipos, traslados, entre otros)\u202fde manera r\u00e1pida y sencilla por medio de transferencia bancaria o efectivo&#8230;<\/p>","protected":false},"author":255,"featured_media":0,"parent":6809,"menu_order":0,"comment_status":"closed","ping_status":"closed","template":"","meta":{"content-type":"","footnotes":""},"class_list":["post-6845","page","type-page","status-publish","hentry"],"yoast_head":"<!-- This site is optimized with the Yoast SEO plugin v20.13 - https:\/\/yoast.com\/wordpress\/plugins\/seo\/ -->\n<title>M\u00e9todos de pago - Itellum<\/title>\n<meta name=\"robots\" content=\"index, follow, max-snippet:-1, max-image-preview:large, max-video-preview:-1\" \/>\n<link rel=\"canonical\" href=\"https:\/\/itellum.com\/en_us\/regulaciones\/metodos-de-pago\/\" \/>\n<meta property=\"og:locale\" content=\"en_US\" \/>\n<meta property=\"og:type\" content=\"article\" \/>\n<meta property=\"og:title\" content=\"M\u00e9todos de pago - Itellum\" \/>\n<meta property=\"og:description\" content=\"La empresa brinda facilidades al cliente para la adquisici\u00f3n del producto como lo son diversos m\u00e9todos de pago, por ejemplo: Contado: Realice los pagos de nuestros servicios (mensualidades, pago de equipos, traslados, entre otros)\u202fde manera r\u00e1pida y sencilla por medio de transferencia bancaria o efectivo...\" \/>\n<meta property=\"og:url\" content=\"https:\/\/itellum.com\/en_us\/regulaciones\/metodos-de-pago\/\" \/>\n<meta property=\"og:site_name\" content=\"Itellum\" \/>\n<meta property=\"article:modified_time\" content=\"2025-08-22T16:00:29+00:00\" \/>\n<meta name=\"twitter:card\" content=\"summary_large_image\" \/>\n<meta name=\"twitter:label1\" content=\"Est. reading time\" \/>\n\t<meta name=\"twitter:data1\" content=\"2 minutes\" \/>\n<script type=\"application\/ld+json\" class=\"yoast-schema-graph\">{\"@context\":\"https:\/\/schema.org\",\"@graph\":[{\"@type\":\"WebPage\",\"@id\":\"https:\/\/itellum.com\/regulaciones\/metodos-de-pago\/\",\"url\":\"https:\/\/itellum.com\/regulaciones\/metodos-de-pago\/\",\"name\":\"M\u00e9todos de pago - Itellum\",\"isPartOf\":{\"@id\":\"https:\/\/itellum.com\/#website\"},\"datePublished\":\"2022-09-06T23:18:36+00:00\",\"dateModified\":\"2025-08-22T16:00:29+00:00\",\"breadcrumb\":{\"@id\":\"https:\/\/itellum.com\/regulaciones\/metodos-de-pago\/#breadcrumb\"},\"inLanguage\":\"en-US\",\"potentialAction\":[{\"@type\":\"ReadAction\",\"target\":[\"https:\/\/itellum.com\/regulaciones\/metodos-de-pago\/\"]}]},{\"@type\":\"BreadcrumbList\",\"@id\":\"https:\/\/itellum.com\/regulaciones\/metodos-de-pago\/#breadcrumb\",\"itemListElement\":[{\"@type\":\"ListItem\",\"position\":1,\"name\":\"Home\",\"item\":\"https:\/\/itellum.com\/\"},{\"@type\":\"ListItem\",\"position\":2,\"name\":\"Regulaciones\",\"item\":\"https:\/\/itellum.com\/regulaciones\/\"},{\"@type\":\"ListItem\",\"position\":3,\"name\":\"M\u00e9todos de pago\"}]},{\"@type\":\"WebSite\",\"@id\":\"https:\/\/itellum.com\/#website\",\"url\":\"https:\/\/itellum.com\/\",\"name\":\"Itellum\",\"description\":\"ITELLUM proporciona el INTERNET M\u00c1S R\u00c1PIDO\",\"potentialAction\":[{\"@type\":\"SearchAction\",\"target\":{\"@type\":\"EntryPoint\",\"urlTemplate\":\"https:\/\/itellum.com\/?s={search_term_string}\"},\"query-input\":\"required name=search_term_string\"}],\"inLanguage\":\"en-US\"}]}<\/script>\n<!-- \/ Yoast SEO plugin. -->","yoast_head_json":{"title":"M\u00e9todos de pago - Itellum","robots":{"index":"index","follow":"follow","max-snippet":"max-snippet:-1","max-image-preview":"max-image-preview:large","max-video-preview":"max-video-preview:-1"},"canonical":"https:\/\/itellum.com\/en_us\/regulaciones\/metodos-de-pago\/","og_locale":"en_US","og_type":"article","og_title":"M\u00e9todos de pago - Itellum","og_description":"La empresa brinda facilidades al cliente para la adquisici\u00f3n del producto como lo son diversos m\u00e9todos de pago, por ejemplo: Contado: Realice los pagos de nuestros servicios (mensualidades, pago de equipos, traslados, entre otros)\u202fde manera r\u00e1pida y sencilla por medio de transferencia bancaria o efectivo...","og_url":"https:\/\/itellum.com\/en_us\/regulaciones\/metodos-de-pago\/","og_site_name":"Itellum","article_modified_time":"2025-08-22T16:00:29+00:00","twitter_card":"summary_large_image","twitter_misc":{"Est. reading time":"2 minutes"},"schema":{"@context":"https:\/\/schema.org","@graph":[{"@type":"WebPage","@id":"https:\/\/itellum.com\/regulaciones\/metodos-de-pago\/","url":"https:\/\/itellum.com\/regulaciones\/metodos-de-pago\/","name":"M\u00e9todos de pago - Itellum","isPartOf":{"@id":"https:\/\/itellum.com\/#website"},"datePublished":"2022-09-06T23:18:36+00:00","dateModified":"2025-08-22T16:00:29+00:00","breadcrumb":{"@id":"https:\/\/itellum.com\/regulaciones\/metodos-de-pago\/#breadcrumb"},"inLanguage":"en-US","potentialAction":[{"@type":"ReadAction","target":["https:\/\/itellum.com\/regulaciones\/metodos-de-pago\/"]}]},{"@type":"BreadcrumbList","@id":"https:\/\/itellum.com\/regulaciones\/metodos-de-pago\/#breadcrumb","itemListElement":[{"@type":"ListItem","position":1,"name":"Home","item":"https:\/\/itellum.com\/"},{"@type":"ListItem","position":2,"name":"Regulaciones","item":"https:\/\/itellum.com\/regulaciones\/"},{"@type":"ListItem","position":3,"name":"M\u00e9todos de pago"}]},{"@type":"WebSite","@id":"https:\/\/itellum.com\/#website","url":"https:\/\/itellum.com\/","name":"Itellum","description":"ITELLUM proporciona el INTERNET M\u00c1S R\u00c1PIDO","potentialAction":[{"@type":"SearchAction","target":{"@type":"EntryPoint","urlTemplate":"https:\/\/itellum.com\/?s={search_term_string}"},"query-input":"required name=search_term_string"}],"inLanguage":"en-US"}]}},"_links":{"self":[{"href":"https:\/\/itellum.com\/en_us\/wp-json\/wp\/v2\/pages\/6845","targetHints":{"allow":["GET"]}}],"collection":[{"href":"https:\/\/itellum.com\/en_us\/wp-json\/wp\/v2\/pages"}],"about":[{"href":"https:\/\/itellum.com\/en_us\/wp-json\/wp\/v2\/types\/page"}],"author":[{"embeddable":true,"href":"https:\/\/itellum.com\/en_us\/wp-json\/wp\/v2\/users\/255"}],"replies":[{"embeddable":true,"href":"https:\/\/itellum.com\/en_us\/wp-json\/wp\/v2\/comments?post=6845"}],"version-history":[{"count":19,"href":"https:\/\/itellum.com\/en_us\/wp-json\/wp\/v2\/pages\/6845\/revisions"}],"predecessor-version":[{"id":11254,"href":"https:\/\/itellum.com\/en_us\/wp-json\/wp\/v2\/pages\/6845\/revisions\/11254"}],"up":[{"embeddable":true,"href":"https:\/\/itellum.com\/en_us\/wp-json\/wp\/v2\/pages\/6809"}],"wp:attachment":[{"href":"https:\/\/itellum.com\/en_us\/wp-json\/wp\/v2\/media?parent=6845"}],"curies":[{"name":"wp","href":"https:\/\/api.w.org\/{rel}","templated":true}]}}