{"id":6817,"date":"2022-09-06T01:57:22","date_gmt":"2022-09-06T01:57:22","guid":{"rendered":"https:\/\/itellum.com\/es\/?page_id=6817"},"modified":"2025-08-27T21:12:57","modified_gmt":"2025-08-27T21:12:57","slug":"otros-cargos","status":"publish","type":"page","link":"https:\/\/itellum.com\/en_us\/regulaciones\/otros-cargos\/","title":{"rendered":"Otros cargos"},"content":{"rendered":"<p><strong>Plans and rates<\/strong><\/p>\n\n\n\n<p>Itellum offers two different plans to its satellite internet customers described below:&nbsp;<\/p>\n\n\n\n<figure class=\"wp-block-table is-style-stripes\"><table class=\"has-fixed-layout\"><tbody><tr><td>RESIDENTIAL<\/td><td>\u00a246,635 \/ mes &nbsp;(Incluye IVA, impuestos a la Cruz Roja y 911)<\/td><\/tr><tr><td>CORPORATE<\/td><td>\u00a2379,615 \/ mes &nbsp;(Incluye IVA, impuestos a la Cruz Roja y 911)<\/td><\/tr><\/tbody><\/table><\/figure>\n\n\n\n<p><strong>Reconnection cost<\/strong><\/p>\n\n\n\n<p>Una vez el servicio de internet satelital es desconectado por incumplimiento de pago el cliente deber\u00e1 cancelar los meses pendientes mas un cargo de \u20a1 50,000 (Incluye IVA) por costos de reconexi\u00f3n<\/p>\n\n\n\n<p><strong>Service transfer<\/strong><\/p>\n\n\n\n<p>El traslado de servicio deber\u00e1 ser solicitado a servicio al cliente con 10 d\u00edas h\u00e1biles de anticipaci\u00f3n y este tendr\u00e1 un costo de \u20a1 133,200 (Incluye IVA)<\/p>\n\n\n\n<p><strong><strong>Return of equipment<\/strong>&nbsp;<\/strong><\/p>\n\n\n\n<p>No hay costos adicionales derivados al cliente por conceptos de devoluci\u00f3n.<\/p>\n\n\n\n<p><strong>Equipment collection<\/strong><\/p>\n\n\n\n<p style=\"text-decoration:none\">La visita de recolecci\u00f3n de equipo no tiene costo derivado para el cliente.&nbsp;<\/p>\n\n\n\n<p><strong>Reactivation of services<\/strong><\/p>\n\n\n\n<p>Las reactivaciones de servicios no tienen costos derivados para el cliente.<\/p>\n\n\n\n<p><strong>IP Addressing<\/strong><\/p>\n\n\n\n<p>Cada servicio contar\u00e1 con una direcci\u00f3n IP p\u00fablica din\u00e1mica la cual no tendr\u00e1 ning\u00fan costa adicional para el cliente. En caso de requerir un grupo de direcciones IP deber\u00e1 comunicarse con su asesor de venta preferido para solicitar la cotizaci\u00f3n correspondiente y validar la disponibilidad de las mismas.<\/p>\n\n\n\n<p><strong>Installation Cost<\/strong><\/p>\n\n\n\n<p>La instalaci\u00f3n se efectuara en un periodo no mayor a 4 d\u00edas h\u00e1biles y tendr\u00e1 un costo de \u20a166,600 (Incluye IVA) incluyendo en este costo los insumos necesarios (cableado, torniller\u00eda, grapas, Sellador)<\/p>\n\n\n\n<p><strong>Cost of technical visit for breakdowns caused by the client<\/strong><\/p>\n\n\n\n<p>El costo de la visita t\u00e9cnica injustificada es de \u20a1165,000 (Incluye IVA) y se cobrar\u00e1 a partir de la segunda visita por este motivo, el monto deber\u00e1 ser cancelado por el cliente al momento de terminar con la respectiva revisi\u00f3n y soluci\u00f3n de la aver\u00eda.&nbsp;<\/p>\n\n\n\n<p><strong><strong>Replacement cost<\/strong><\/strong><\/p>\n\n\n\n<p>In case a user needs to replace any of the parts of the satellite kit that has been damaged by his own (verifiable) manipulation, he must pay for the affected component according to the following list:&nbsp;<\/p>\n\n\n\n<ul class=\"wp-block-list\">\n<li>Antena reflectora \u20a1129,704 (Incluye IVA)&nbsp;<\/li>\n\n\n\n<li>Radio transmisor \u20a1115,000 (Incluye IVA)&nbsp;<\/li>\n\n\n\n<li>Modem Router \u20a1123,676 (Incluye IVA)&nbsp;<\/li>\n<\/ul>\n\n\n\n<p><strong>Cost of arrears<\/strong>&nbsp;<\/p>\n\n\n\n<p>If applicable, the late payment charge will be 4% of the total value of the invoice pending payment.&nbsp;<\/p>\n\n\n\n<p><strong>Installation Time<\/strong>&nbsp;<\/p>\n\n\n\n<p>El tiempo de instalaci\u00f3n ser\u00e1 de 4 d\u00edas h\u00e1biles.<\/p>\n\n\n\n<p>Si no se puede instalar el servicio por responsabilidad del cliente, la empresa puede cancelar la orden, pero solo podr\u00e1 cobrar los costos proporcionales al avance de la instalaci\u00f3n, con aviso previo y en un plazo razonable.<\/p>\n\n\n\n<p>Si la empresa incumple el plazo de instalaci\u00f3n acordado, debe cancelar la orden y, dentro de 5 d\u00edas naturales desde la solicitud de reembolso, devolver todo el dinero pagado por la instalaci\u00f3n, m\u00e1s intereses legales, y aceptar la devoluci\u00f3n de cualquier equipo entregado, sin costo ni responsabilidad para&nbsp;el&nbsp;cliente.<\/p>\n\n\n\n<p><strong>Cargos aplicables por no poderse instalar el servicio<\/strong><\/p>\n\n\n\n<p>Por causas imputables al operador: La instalaci\u00f3n no realizada por causas atribuibles a Itellum no tiene costo derivado para el cliente.<\/p>\n\n\n\n<p>Por causas imputables al cliente: En caso de no poder realizar la instalaci\u00f3n del servicio por razones atribuibles al cliente, se aplicar\u00e1n los siguientes cargos:<\/p>\n\n\n\n<ul class=\"wp-block-list\">\n<li>Cancelaci\u00f3n realizada despu\u00e9s de la llamada inicial, pero antes de agendar una visita t\u00e9cnica o coordinar una fecha de instalaci\u00f3n: sin costo<\/li>\n<\/ul>\n\n\n\n<ul class=\"wp-block-list\">\n<li>Cancelaci\u00f3n realizada despu\u00e9s de haber coordinado una fecha y hora para la instalaci\u00f3n, pero antes de que el personal t\u00e9cnico se traslade al sitio: \u20a115,000 (por gastos administrativos y de programaci\u00f3n, incluye IVA).<\/li>\n<\/ul>\n\n\n\n<ul class=\"wp-block-list\">\n<li>Cancelaci\u00f3n realizada cuando el equipo t\u00e9cnico ya se encuentra en el lugar acordado o mientras se est\u00e1 llevando a cabo la instalaci\u00f3n: \u20a135,000 (por gastos de traslado, tiempo t\u00e9cnico y recursos asignados, incluye IVA). <\/li>\n<\/ul>\n\n\n\n<p><\/p>\n\n\n\n<p><\/p>","protected":false},"excerpt":{"rendered":"<p>Planes y tarifas Itellum ofrece dos planes diferentes a sus clientes de internet satelital descritos a continuaci\u00f3n:&nbsp; RESIDENCIAL \u00a246,635 \/ mes &nbsp;(Incluye IVA, impuestos a la Cruz Roja y 911) CORPORATIVO \u00a2379,615 \/ mes &nbsp;(Incluye IVA, impuestos a la Cruz Roja y 911) Costo de&#8230;<\/p>","protected":false},"author":255,"featured_media":0,"parent":6809,"menu_order":0,"comment_status":"closed","ping_status":"closed","template":"","meta":{"content-type":"","footnotes":""},"class_list":["post-6817","page","type-page","status-publish","hentry"],"yoast_head":"<!-- This site is optimized with the Yoast SEO plugin v20.13 - https:\/\/yoast.com\/wordpress\/plugins\/seo\/ -->\n<title>Otros cargos - Itellum<\/title>\n<meta name=\"robots\" content=\"index, follow, max-snippet:-1, max-image-preview:large, max-video-preview:-1\" \/>\n<link rel=\"canonical\" href=\"https:\/\/itellum.com\/en_us\/regulaciones\/otros-cargos\/\" \/>\n<meta property=\"og:locale\" content=\"en_US\" \/>\n<meta property=\"og:type\" content=\"article\" \/>\n<meta property=\"og:title\" content=\"Otros cargos - Itellum\" \/>\n<meta property=\"og:description\" content=\"Planes y tarifas Itellum ofrece dos planes diferentes a sus clientes de internet satelital descritos a continuaci\u00f3n:&nbsp; RESIDENCIAL \u00a246,635 \/ mes &nbsp;(Incluye IVA, impuestos a la Cruz Roja y 911) CORPORATIVO \u00a2379,615 \/ mes &nbsp;(Incluye IVA, impuestos a la Cruz Roja y 911) Costo de...\" \/>\n<meta property=\"og:url\" content=\"https:\/\/itellum.com\/en_us\/regulaciones\/otros-cargos\/\" \/>\n<meta property=\"og:site_name\" content=\"Itellum\" \/>\n<meta property=\"article:modified_time\" content=\"2025-08-27T21:12:57+00:00\" \/>\n<meta name=\"twitter:card\" content=\"summary_large_image\" \/>\n<meta name=\"twitter:label1\" content=\"Est. reading time\" \/>\n\t<meta name=\"twitter:data1\" content=\"3 minutes\" \/>\n<script type=\"application\/ld+json\" class=\"yoast-schema-graph\">{\"@context\":\"https:\/\/schema.org\",\"@graph\":[{\"@type\":\"WebPage\",\"@id\":\"https:\/\/itellum.com\/regulaciones\/otros-cargos\/\",\"url\":\"https:\/\/itellum.com\/regulaciones\/otros-cargos\/\",\"name\":\"Otros cargos - Itellum\",\"isPartOf\":{\"@id\":\"https:\/\/itellum.com\/#website\"},\"datePublished\":\"2022-09-06T01:57:22+00:00\",\"dateModified\":\"2025-08-27T21:12:57+00:00\",\"breadcrumb\":{\"@id\":\"https:\/\/itellum.com\/regulaciones\/otros-cargos\/#breadcrumb\"},\"inLanguage\":\"en-US\",\"potentialAction\":[{\"@type\":\"ReadAction\",\"target\":[\"https:\/\/itellum.com\/regulaciones\/otros-cargos\/\"]}]},{\"@type\":\"BreadcrumbList\",\"@id\":\"https:\/\/itellum.com\/regulaciones\/otros-cargos\/#breadcrumb\",\"itemListElement\":[{\"@type\":\"ListItem\",\"position\":1,\"name\":\"Home\",\"item\":\"https:\/\/itellum.com\/\"},{\"@type\":\"ListItem\",\"position\":2,\"name\":\"Regulaciones\",\"item\":\"https:\/\/itellum.com\/regulaciones\/\"},{\"@type\":\"ListItem\",\"position\":3,\"name\":\"Otros cargos\"}]},{\"@type\":\"WebSite\",\"@id\":\"https:\/\/itellum.com\/#website\",\"url\":\"https:\/\/itellum.com\/\",\"name\":\"Itellum\",\"description\":\"ITELLUM proporciona el INTERNET M\u00c1S R\u00c1PIDO\",\"potentialAction\":[{\"@type\":\"SearchAction\",\"target\":{\"@type\":\"EntryPoint\",\"urlTemplate\":\"https:\/\/itellum.com\/?s={search_term_string}\"},\"query-input\":\"required name=search_term_string\"}],\"inLanguage\":\"en-US\"}]}<\/script>\n<!-- \/ Yoast SEO plugin. -->","yoast_head_json":{"title":"Otros cargos - Itellum","robots":{"index":"index","follow":"follow","max-snippet":"max-snippet:-1","max-image-preview":"max-image-preview:large","max-video-preview":"max-video-preview:-1"},"canonical":"https:\/\/itellum.com\/en_us\/regulaciones\/otros-cargos\/","og_locale":"en_US","og_type":"article","og_title":"Otros cargos - Itellum","og_description":"Planes y tarifas Itellum ofrece dos planes diferentes a sus clientes de internet satelital descritos a continuaci\u00f3n:&nbsp; RESIDENCIAL \u00a246,635 \/ mes &nbsp;(Incluye IVA, impuestos a la Cruz Roja y 911) CORPORATIVO \u00a2379,615 \/ mes &nbsp;(Incluye IVA, impuestos a la Cruz Roja y 911) Costo de...","og_url":"https:\/\/itellum.com\/en_us\/regulaciones\/otros-cargos\/","og_site_name":"Itellum","article_modified_time":"2025-08-27T21:12:57+00:00","twitter_card":"summary_large_image","twitter_misc":{"Est. reading time":"3 minutes"},"schema":{"@context":"https:\/\/schema.org","@graph":[{"@type":"WebPage","@id":"https:\/\/itellum.com\/regulaciones\/otros-cargos\/","url":"https:\/\/itellum.com\/regulaciones\/otros-cargos\/","name":"Otros cargos - Itellum","isPartOf":{"@id":"https:\/\/itellum.com\/#website"},"datePublished":"2022-09-06T01:57:22+00:00","dateModified":"2025-08-27T21:12:57+00:00","breadcrumb":{"@id":"https:\/\/itellum.com\/regulaciones\/otros-cargos\/#breadcrumb"},"inLanguage":"en-US","potentialAction":[{"@type":"ReadAction","target":["https:\/\/itellum.com\/regulaciones\/otros-cargos\/"]}]},{"@type":"BreadcrumbList","@id":"https:\/\/itellum.com\/regulaciones\/otros-cargos\/#breadcrumb","itemListElement":[{"@type":"ListItem","position":1,"name":"Home","item":"https:\/\/itellum.com\/"},{"@type":"ListItem","position":2,"name":"Regulaciones","item":"https:\/\/itellum.com\/regulaciones\/"},{"@type":"ListItem","position":3,"name":"Otros cargos"}]},{"@type":"WebSite","@id":"https:\/\/itellum.com\/#website","url":"https:\/\/itellum.com\/","name":"Itellum","description":"ITELLUM proporciona el INTERNET M\u00c1S R\u00c1PIDO","potentialAction":[{"@type":"SearchAction","target":{"@type":"EntryPoint","urlTemplate":"https:\/\/itellum.com\/?s={search_term_string}"},"query-input":"required name=search_term_string"}],"inLanguage":"en-US"}]}},"_links":{"self":[{"href":"https:\/\/itellum.com\/en_us\/wp-json\/wp\/v2\/pages\/6817","targetHints":{"allow":["GET"]}}],"collection":[{"href":"https:\/\/itellum.com\/en_us\/wp-json\/wp\/v2\/pages"}],"about":[{"href":"https:\/\/itellum.com\/en_us\/wp-json\/wp\/v2\/types\/page"}],"author":[{"embeddable":true,"href":"https:\/\/itellum.com\/en_us\/wp-json\/wp\/v2\/users\/255"}],"replies":[{"embeddable":true,"href":"https:\/\/itellum.com\/en_us\/wp-json\/wp\/v2\/comments?post=6817"}],"version-history":[{"count":31,"href":"https:\/\/itellum.com\/en_us\/wp-json\/wp\/v2\/pages\/6817\/revisions"}],"predecessor-version":[{"id":11268,"href":"https:\/\/itellum.com\/en_us\/wp-json\/wp\/v2\/pages\/6817\/revisions\/11268"}],"up":[{"embeddable":true,"href":"https:\/\/itellum.com\/en_us\/wp-json\/wp\/v2\/pages\/6809"}],"wp:attachment":[{"href":"https:\/\/itellum.com\/en_us\/wp-json\/wp\/v2\/media?parent=6817"}],"curies":[{"name":"wp","href":"https:\/\/api.w.org\/{rel}","templated":true}]}}