{"id":11007,"date":"2024-07-18T21:19:03","date_gmt":"2024-07-18T21:19:03","guid":{"rendered":"https:\/\/itellum.com\/?page_id=11007"},"modified":"2025-06-24T17:28:54","modified_gmt":"2025-06-24T17:28:54","slug":"informacion-del-proveedor","status":"publish","type":"page","link":"https:\/\/itellum.com\/en_us\/informacion-del-proveedor\/","title":{"rendered":"Informaci\u00f3n del proveedor"},"content":{"rendered":"<p><strong>Detailed information about Itellum Comunicaciones<\/strong><\/p>\n\n\n\n<p><strong>Company name<\/strong><br>Itellum Communications of Costa Rica SRL<\/p>\n\n\n\n<p><strong>Cedula jur\u00eddica<\/strong><br>3-102-692877<\/p>\n\n\n\n<p><strong>Branches<\/strong>:<br><strong>P\u00e9rez Zeled\u00f3n Headquarters<\/strong>\u00a0<br>Address: On the Interamerican Highway in front of the Greek Y, San Isidro de El General, San Jos\u00e9, Costa Rica.\u00a0<br>Telephone Number: + (506) 4020-1224\u00a0<br>Toll-free: 800-ITELLUM (800-4835-5866)<br>WhatsApp: + (506) 6006-9011\u00a0<br>E-mail:<a href=\"mailto:info@itellum.com\" target=\"_blank\" rel=\"noreferrer noopener\">info@itellum.com<\/a><br><strong>San Jos\u00e9 Office<br><\/strong>Address: San Jos\u00e9, San Jos\u00e9, Mata Redonda, Sabana Norte, Centro Corporativo CLS, 9th floor.<br>Phone Number: + (506) 2588-2079<br>Toll-free: 800-ITELLUM (800-4835-5866)<br>WhatsApp: + (506) 6006-9011<br>E-mail:<a href=\"mailto:info@itellum.com\" target=\"_blank\" rel=\"noreferrer noopener\">info@itellum.com<\/a><br><\/p>\n\n\n\n<p><strong>Hours of operation<\/strong>:<br>Mon-Fri 8 A.M- 5 P.M<\/p>\n\n\n\n<p>Sat 8 A.M-12P.M<\/p>\n\n\n\n<p><\/p>","protected":false},"excerpt":{"rendered":"<p>Informaci\u00f3n detallada de Itellum Comunicaciones Raz\u00f3n socialItellum Comunicaciones de Costa Rica SRL Cedula jur\u00eddica3-102-692877 Sucursales:Oficinas Centrales P\u00e9rez Zeled\u00f3n\u00a0Direcci\u00f3n: Sobre carretera interamericana frente a la Y griega, San Isidro de El General, San Jos\u00e9, Costa Rica.\u00a0N\u00famero de Tel\u00e9fono: + (506) 4020-1224\u00a0L\u00ednea gratuita: \u00a0800-ITELLUM (800-4835586)WhatsApp: + (506)&#8230;<\/p>","protected":false},"author":258,"featured_media":0,"parent":0,"menu_order":0,"comment_status":"closed","ping_status":"closed","template":"","meta":{"content-type":"","footnotes":""},"class_list":["post-11007","page","type-page","status-publish","hentry"],"yoast_head":"<!-- This site is optimized with the Yoast SEO plugin v20.13 - https:\/\/yoast.com\/wordpress\/plugins\/seo\/ -->\n<title>Informaci\u00f3n del proveedor - Itellum<\/title>\n<meta name=\"robots\" content=\"index, follow, max-snippet:-1, max-image-preview:large, max-video-preview:-1\" \/>\n<link rel=\"canonical\" href=\"https:\/\/itellum.com\/en_us\/informacion-del-proveedor\/\" \/>\n<meta property=\"og:locale\" content=\"en_US\" \/>\n<meta property=\"og:type\" content=\"article\" \/>\n<meta property=\"og:title\" content=\"Informaci\u00f3n del proveedor - Itellum\" \/>\n<meta property=\"og:description\" content=\"Informaci\u00f3n detallada de Itellum Comunicaciones Raz\u00f3n socialItellum Comunicaciones de Costa Rica SRL Cedula jur\u00eddica3-102-692877 Sucursales:Oficinas Centrales P\u00e9rez Zeled\u00f3n\u00a0Direcci\u00f3n: Sobre carretera interamericana frente a la Y griega, San Isidro de El General, San Jos\u00e9, Costa Rica.\u00a0N\u00famero de Tel\u00e9fono: + (506) 4020-1224\u00a0L\u00ednea gratuita: \u00a0800-ITELLUM (800-4835586)WhatsApp: + (506)...\" \/>\n<meta property=\"og:url\" content=\"https:\/\/itellum.com\/en_us\/informacion-del-proveedor\/\" \/>\n<meta property=\"og:site_name\" content=\"Itellum\" \/>\n<meta property=\"article:modified_time\" content=\"2025-06-24T17:28:54+00:00\" \/>\n<meta name=\"twitter:card\" content=\"summary_large_image\" \/>\n<meta name=\"twitter:label1\" content=\"Est. reading time\" \/>\n\t<meta name=\"twitter:data1\" content=\"1 minute\" \/>\n<script type=\"application\/ld+json\" class=\"yoast-schema-graph\">{\"@context\":\"https:\/\/schema.org\",\"@graph\":[{\"@type\":\"WebPage\",\"@id\":\"https:\/\/itellum.com\/informacion-del-proveedor\/\",\"url\":\"https:\/\/itellum.com\/informacion-del-proveedor\/\",\"name\":\"Informaci\u00f3n del proveedor - Itellum\",\"isPartOf\":{\"@id\":\"https:\/\/itellum.com\/#website\"},\"datePublished\":\"2024-07-18T21:19:03+00:00\",\"dateModified\":\"2025-06-24T17:28:54+00:00\",\"breadcrumb\":{\"@id\":\"https:\/\/itellum.com\/informacion-del-proveedor\/#breadcrumb\"},\"inLanguage\":\"en-US\",\"potentialAction\":[{\"@type\":\"ReadAction\",\"target\":[\"https:\/\/itellum.com\/informacion-del-proveedor\/\"]}]},{\"@type\":\"BreadcrumbList\",\"@id\":\"https:\/\/itellum.com\/informacion-del-proveedor\/#breadcrumb\",\"itemListElement\":[{\"@type\":\"ListItem\",\"position\":1,\"name\":\"Home\",\"item\":\"https:\/\/itellum.com\/\"},{\"@type\":\"ListItem\",\"position\":2,\"name\":\"Informaci\u00f3n del proveedor\"}]},{\"@type\":\"WebSite\",\"@id\":\"https:\/\/itellum.com\/#website\",\"url\":\"https:\/\/itellum.com\/\",\"name\":\"Itellum\",\"description\":\"ITELLUM proporciona el INTERNET M\u00c1S R\u00c1PIDO\",\"potentialAction\":[{\"@type\":\"SearchAction\",\"target\":{\"@type\":\"EntryPoint\",\"urlTemplate\":\"https:\/\/itellum.com\/?s={search_term_string}\"},\"query-input\":\"required name=search_term_string\"}],\"inLanguage\":\"en-US\"}]}<\/script>\n<!-- \/ Yoast SEO plugin. -->","yoast_head_json":{"title":"Informaci\u00f3n del proveedor - Itellum","robots":{"index":"index","follow":"follow","max-snippet":"max-snippet:-1","max-image-preview":"max-image-preview:large","max-video-preview":"max-video-preview:-1"},"canonical":"https:\/\/itellum.com\/en_us\/informacion-del-proveedor\/","og_locale":"en_US","og_type":"article","og_title":"Informaci\u00f3n del proveedor - Itellum","og_description":"Informaci\u00f3n detallada de Itellum Comunicaciones Raz\u00f3n socialItellum Comunicaciones de Costa Rica SRL Cedula jur\u00eddica3-102-692877 Sucursales:Oficinas Centrales P\u00e9rez Zeled\u00f3n\u00a0Direcci\u00f3n: Sobre carretera interamericana frente a la Y griega, San Isidro de El General, San Jos\u00e9, Costa Rica.\u00a0N\u00famero de Tel\u00e9fono: + (506) 4020-1224\u00a0L\u00ednea gratuita: \u00a0800-ITELLUM (800-4835586)WhatsApp: + (506)...","og_url":"https:\/\/itellum.com\/en_us\/informacion-del-proveedor\/","og_site_name":"Itellum","article_modified_time":"2025-06-24T17:28:54+00:00","twitter_card":"summary_large_image","twitter_misc":{"Est. reading time":"1 minute"},"schema":{"@context":"https:\/\/schema.org","@graph":[{"@type":"WebPage","@id":"https:\/\/itellum.com\/informacion-del-proveedor\/","url":"https:\/\/itellum.com\/informacion-del-proveedor\/","name":"Informaci\u00f3n del proveedor - Itellum","isPartOf":{"@id":"https:\/\/itellum.com\/#website"},"datePublished":"2024-07-18T21:19:03+00:00","dateModified":"2025-06-24T17:28:54+00:00","breadcrumb":{"@id":"https:\/\/itellum.com\/informacion-del-proveedor\/#breadcrumb"},"inLanguage":"en-US","potentialAction":[{"@type":"ReadAction","target":["https:\/\/itellum.com\/informacion-del-proveedor\/"]}]},{"@type":"BreadcrumbList","@id":"https:\/\/itellum.com\/informacion-del-proveedor\/#breadcrumb","itemListElement":[{"@type":"ListItem","position":1,"name":"Home","item":"https:\/\/itellum.com\/"},{"@type":"ListItem","position":2,"name":"Informaci\u00f3n del proveedor"}]},{"@type":"WebSite","@id":"https:\/\/itellum.com\/#website","url":"https:\/\/itellum.com\/","name":"Itellum","description":"ITELLUM proporciona el INTERNET M\u00c1S R\u00c1PIDO","potentialAction":[{"@type":"SearchAction","target":{"@type":"EntryPoint","urlTemplate":"https:\/\/itellum.com\/?s={search_term_string}"},"query-input":"required name=search_term_string"}],"inLanguage":"en-US"}]}},"_links":{"self":[{"href":"https:\/\/itellum.com\/en_us\/wp-json\/wp\/v2\/pages\/11007","targetHints":{"allow":["GET"]}}],"collection":[{"href":"https:\/\/itellum.com\/en_us\/wp-json\/wp\/v2\/pages"}],"about":[{"href":"https:\/\/itellum.com\/en_us\/wp-json\/wp\/v2\/types\/page"}],"author":[{"embeddable":true,"href":"https:\/\/itellum.com\/en_us\/wp-json\/wp\/v2\/users\/258"}],"replies":[{"embeddable":true,"href":"https:\/\/itellum.com\/en_us\/wp-json\/wp\/v2\/comments?post=11007"}],"version-history":[{"count":6,"href":"https:\/\/itellum.com\/en_us\/wp-json\/wp\/v2\/pages\/11007\/revisions"}],"predecessor-version":[{"id":11151,"href":"https:\/\/itellum.com\/en_us\/wp-json\/wp\/v2\/pages\/11007\/revisions\/11151"}],"wp:attachment":[{"href":"https:\/\/itellum.com\/en_us\/wp-json\/wp\/v2\/media?parent=11007"}],"curies":[{"name":"wp","href":"https:\/\/api.w.org\/{rel}","templated":true}]}}