{"id":1499,"date":"2018-06-19T18:26:18","date_gmt":"2018-06-19T18:26:18","guid":{"rendered":"https:\/\/itellum.com\/?page_id=280"},"modified":"2022-12-12T18:20:59","modified_gmt":"2022-12-12T18:20:59","slug":"puerto-jimenez-fiber-2","status":"publish","type":"page","link":"https:\/\/itellum.com\/en\/puerto-jimenez-fiber-2\/","title":{"rendered":"Fiber Internet Service in Puerto Jim\u00e9nez, Costa Rica with Itellum"},"content":{"rendered":"<section class=\"sh-section sh-section-6b60dc9e2043efe53db6b9bfc8f9a97c fw-main-row sh-section-visibility-everywhere\">\r\n\t\r\n\t\r\n\t<div class=\"sh-section-container container-fluid\">\r\n\t\t<div class=\"fw-row\">\n\t\r\n<div class=\"sh-column sh-column-f2c2f86dc39f75c197f4aedee9b7210c fw-col-xs-12\" >\r\n\r\n\t\r\n\t<div class=\"sh-column-wrapper\">\r\n\t\t\r\n\r\n\t<div class=\"sh-heading sh-heading-style1\" id=\"heading-5e7d6e13c6977c966921704460af6f3e\">\r\n\t\t<h1 class=\"sh-heading-content size-xl\">\r\n\t\t\t<span style=\"text-align: center; font-weight: bold; text-shadow: 2px 2px #000;\">Fiber Internet Service in Puerto Jim\u00e9nez,<br \/>Costa Rica with Itellum<\/span>\t\t<\/h1>\r\n\t<\/div>\r\n\r\n\r\n\r\n\t<div class=\"sh-heading sh-heading-style1\" id=\"heading-67b546c2890d1e796ceedb4a73bf0145\">\r\n\t\t<h2 class=\"sh-heading-content size-m\">\r\n\t\t\t<span style=\"text-align: center;\">Contact us for check availability<\/span>\t\t<\/h2>\r\n\t<\/div>\r\n\r\n\t<\/div>\r\n\r\n\r\n\t\t\r\n\r\n<\/div>\r\n<\/div>\n\n<div class=\"fw-row\">\n\t\r\n<div class=\"sh-column sh-column-07c2021a41a31b0c9135b5060acc7861 fw-col-xs-12 fw-col-sm-2\" >\r\n\r\n\t\r\n\t<div class=\"sh-column-wrapper\">\r\n\t\t\t<\/div>\r\n\r\n\r\n\t\t\r\n\r\n<\/div>\r\n\r\n<div class=\"sh-column sh-column-e542f497a21590b5cd5ca069853c6593 fw-col-xs-12 fw-col-sm-8\" >\r\n\r\n\t\r\n\t<div class=\"sh-column-wrapper\">\r\n\t\t\r\n<div id=\"text-block-dcc076761dbbf223c12ef0d205775848\" class=\"sh-text-block\">\r\n\t<p>\n\t\t\t\t\t<script>\n\t\t\t\t\t\twindow.hsFormsOnReady = window.hsFormsOnReady || [];\n\t\t\t\t\t\twindow.hsFormsOnReady.push(()=>{\n\t\t\t\t\t\t\thbspt.forms.create({\n\t\t\t\t\t\t\t\tportalId: 8156896,\n\t\t\t\t\t\t\t\tformId: \"e82c952a-0a35-4fbf-9bea-680e982e0cbe\",\n\t\t\t\t\t\t\t\ttarget: \"#hbspt-form-1776842060000-8641593025\",\n\t\t\t\t\t\t\t\tregion: \"\",\n\t\t\t\t\t\t\t\t\n\t\t\t\t\t\t})});\n\t\t\t\t\t<\/script>\n\t\t\t\t\t<div class=\"hbspt-form\" id=\"hbspt-form-1776842060000-8641593025\"><\/div><\/div>\r\n\r\n<div id=\"divider-b3053f2bc4869d62e71ea311eb9ad5f0\" class=\"sh-divider sh-divider-center sh-divider-content-none\">\r\n\t\t\t<div class=\"sh-divider-line\"><\/div>\r\n\t<\/div>\r\n\r\n<div id=\"text-block-c5fbed84e1dcaefecc06d98459fe2364\" class=\"sh-text-block\">\r\n\t<p style=\"text-align: center;\"><b>Puerto Jim\u00e9nez: <\/b>Currently, Puerto Jim\u00e9nez has banks, a small airport of commercial flights from San Jose to the&nbsp;Osa Peninsula, a hospital, Red Cross service, restaurants, hotels and supermarkets among other basic services. Naturally, Itellum is there to provide the excellent business Internet service that you require.<\/p><\/div>\r\n\t<\/div>\r\n\r\n\r\n\t\t\r\n\r\n<\/div>\r\n\r\n<div class=\"sh-column sh-column-6aebac54585683fc2e3c01b51fbb094b fw-col-xs-12 fw-col-sm-2\" >\r\n\r\n\t\r\n\t<div class=\"sh-column-wrapper\">\r\n\t\t\t<\/div>\r\n\r\n\r\n\t\t\r\n\r\n<\/div>\r\n<\/div>\n\n\t<\/div>\r\n<\/section>\r\n\r\n<section class=\"sh-section sh-section-03484d0c4ee6d3f38147142c49b33869 fw-main-row sh-section-visibility-everywhere\">\r\n\t\r\n\t\r\n\t<div class=\"sh-section-container container\">\r\n\t\t<div class=\"fw-row\">\n\t\r\n<div class=\"sh-column sh-column-d039fa81d03835ddeffed50c76915748 fw-col-xs-12 fw-col-sm-6\" >\r\n\r\n\t\r\n\t<div class=\"sh-column-wrapper\">\r\n\t\t\r\n<div class=\"sh-iconbox sh-iconbox-style2 sh-iconbox-center improved-responsiveness\" id=\"iconbox-2cdcfdb3247062015f8b23965baae690\">\r\n\t\r\n\t\t\t\t\t<div class=\"sh-iconbox-icon\">\r\n\t\t\t\t<div class=\"sh-iconbox-icon-shape sh-iconbox-square\">\r\n\t\t\t\t\t<i class=\"sh-iconbox-hover fa fa-map-marker\"><\/i>\r\n\r\n\t\t\t\t\t\t\t\t\t<\/div>\r\n\t\t\t<\/div>\r\n\t\t\r\n\t\t<div class=\"sh-iconbox-aside\">\r\n\t\t\t<div class=\"sh-iconbox-title\">\r\n\t\t\t\t\t\t\t\t\t<h3>Fiber In Your Area<\/h3>\r\n\t\t\t\t\t\t\t<\/div>\r\n\t\t\t<div class=\"sh-iconbox-seperator\"><\/div>\r\n\t\t\t<div class=\"sh-iconbox-content\">\r\n\t\t\t\t<p style=\"text-align: center;\">We want every business in Costa Rica to have the opportunity to receive the best possible service. &nbsp;&nbsp;We work locally to not only improve access to commercial grade internet in Costa Rican Communities but ensure that our clients get the best possible care.<\/p>\t\t\t<\/div>\r\n\t\t<\/div>\r\n\r\n\t<\/div>\r\n\r\n<div class=\"sh-empty-space\" id=\"empty-space-dec66512744d760236f897e32576b178\"><\/div>\r\n\r\n<div id=\"button-e39033a91564101a0bf502b6adf97c85\" class=\"sh-button-container  sh-button-style-5\">\r\n\t<div class=\"sh-element-margin\">\r\n\t\t<a href=\"https:\/\/itellum.com\/contact-us\/\" target=\"_self\" class=\"sh-button sh-button-large \">\r\n\r\n\t\t\t\r\n\t\t\t\t\t\t\t<span class=\"sh-button-text\">\r\n\t\t\t\t\tContact us\t\t\t\t<\/span>\r\n\t\t\t\r\n\t\t\t\r\n\t\t<\/a>\r\n\t\t\t<\/div>\r\n<\/div>\r\n\t<\/div>\r\n\r\n\r\n\t\t\t\t<div class=\"preload\">\r\n\t\t\t<img src=\"\/\/itellum.com\/wp-content\/uploads\/2020\/06\/bg-box-3.png\" \/>\r\n\t\t<\/div>\r\n\t\r\n\r\n<\/div>\r\n\r\n<div class=\"sh-column sh-column-3208554c6468fcffcf598a8c1ac519de fw-col-xs-12 fw-col-sm-6\" >\r\n\r\n\t\r\n\t<div class=\"sh-column-wrapper\">\r\n\t\t\r\n<div class=\"sh-iconbox sh-iconbox-style2 sh-iconbox-center improved-responsiveness\" id=\"iconbox-b754d655bd64c1b577d8ac705d7ee259\">\r\n\t\r\n\t\t\t\t\t<div class=\"sh-iconbox-icon\">\r\n\t\t\t\t<div class=\"sh-iconbox-icon-shape sh-iconbox-square\">\r\n\t\t\t\t\t<i class=\"sh-iconbox-hover fa fa-users\"><\/i>\r\n\r\n\t\t\t\t\t\t\t\t\t<\/div>\r\n\t\t\t<\/div>\r\n\t\t\r\n\t\t<div class=\"sh-iconbox-aside\">\r\n\t\t\t<div class=\"sh-iconbox-title\">\r\n\t\t\t\t\t\t\t\t\t<h3>Best Customer Service<\/h3>\r\n\t\t\t\t\t\t\t<\/div>\r\n\t\t\t<div class=\"sh-iconbox-seperator\"><\/div>\r\n\t\t\t<div class=\"sh-iconbox-content\">\r\n\t\t\t\t<p style=\"text-align: center;\">Our bilingual staff are friendly and knowledgeable. \u00a0You\u2019ll enjoy our timely service as we are a company that respectfully doesn\u2019t participate in the all too common \u201cTico Time Standard\u201d \u00a0Let us show you what we mean.<\/p>\t\t\t<\/div>\r\n\t\t<\/div>\r\n\r\n\t<\/div>\r\n\r\n<div class=\"sh-empty-space\" id=\"empty-space-6b1e255ebac4c94800090aade44e38d5\"><\/div>\r\n\r\n<div id=\"button-69122f9b5a54a68a0bacdf5575d7084b\" class=\"sh-button-container  sh-button-style-5\">\r\n\t<div class=\"sh-element-margin\">\r\n\t\t<a href=\"https:\/\/itellum.com\/contact-us\/\" target=\"_self\" class=\"sh-button sh-button-large \">\r\n\r\n\t\t\t\r\n\t\t\t\t\t\t\t<span class=\"sh-button-text\">\r\n\t\t\t\t\tContact us\t\t\t\t<\/span>\r\n\t\t\t\r\n\t\t\t\r\n\t\t<\/a>\r\n\t\t\t<\/div>\r\n<\/div>\r\n\t<\/div>\r\n\r\n\r\n\t\t\t\t<div class=\"preload\">\r\n\t\t\t<img src=\"\/\/itellum.com\/wp-content\/uploads\/2020\/06\/bg-box-3.png\" \/>\r\n\t\t<\/div>\r\n\t\r\n\r\n<\/div>\r\n<\/div>\n\n\t<\/div>\r\n<\/section>\r\n\r\n<section class=\"sh-section sh-section-ea0e1dd5e025f658f70829486b622a3f fw-main-row sh-section-visibility-everywhere\">\r\n\t\r\n\t\r\n\t<div class=\"sh-section-container container\">\r\n\t\t\t<\/div>\r\n<\/section>\r\n\r\n<section class=\"sh-section sh-section-1a2f728223840b1575ef778308796c7b fw-main-row sh-section-visibility-everywhere\" id=\"layouts\">\r\n\t\r\n\t\r\n\t<div class=\"sh-section-container container section-justify-height\">\r\n\t\t<div class=\"fw-row\">\n\t\r\n<div class=\"sh-column sh-column-393e2aae20366e00b4fb2f89a1b66d70 fw-col-xs-12\" >\r\n\r\n\t\r\n\t<div class=\"sh-column-wrapper\">\r\n\t\t\r\n\r\n\t<div class=\"sh-heading sh-heading-style1\" id=\"heading-2efdec7e526104519af01121891e9a59\">\r\n\t\t<h1 class=\"sh-heading-content size-l\">\r\n\t\t\t<span style=\"text-align: center;\">Learn more about <strong style=\"color: #47c9e5;\">High Speed Fiber Internet<\/strong> in Puerto Jim\u00e9nez, Costa Rica<\/span>\t\t<\/h1>\r\n\t<\/div>\r\n\r\n\r\n<div class=\"sh-empty-space\" id=\"empty-space-ec52ea4b1eb95c89d648bbd247846d4e\"><\/div>\r\n\r\n<div id=\"text-block-4920e1ccc60303bf5d2e82f5225d9589\" class=\"sh-text-block\">\r\n\t<p>Across the Golfo Dulce is Puerto Jim\u00e9nez, the largest town in the Osa Pen\u00ednsula with a population of just over 3,000 habitants and its multi-colored wooden buildings.<\/p><p>In the late 1960s, the remote seaside town was transformed into a thriving port by gold mining and logging. With the care of its townspeople, it has managed to retain its charming, small-town ambiance.<\/p><p>While tourism has attracted a number of foreign residents to this little corner of the world, there is still enough of a Costa Rican population to maintain a unique local flavor. It has maintained a close relationship with nature due to its proximity to Golfo Dulce National Park and Corcovado National Park \u2014 areas coined by National Geographic as \u201cone of the most biologically intense places on earth.\u201d<\/p><p>Collectively these two parks occupy about 250,000 acres of wildlife sanctuary and natural reserve that is shared with its human neighbors.<\/p><p>Visitors and locals alike benefit from #Internet and Broadband, but the most secure and fastest in the country. From Golfito to Puerto Jim\u00e9nez and all points in between represent the dream location for those that want to be digital nomads far from the cities and amid a wild tropical wonderland.<\/p><\/div>\r\n\r\n<div class=\"sh-empty-space\" id=\"empty-space-e261ce81ccb13fe97a3a52ce908c25a9\"><\/div>\r\n\r\n<div id=\"button-d21c79640155f523fc231c5bdde3ab45\" class=\"sh-button-container  sh-button-style-5\">\r\n\t<div class=\"sh-element-margin\">\r\n\t\t<a href=\"https:\/\/itellum.com\/check-eligibility\/\" target=\"_self\" class=\"sh-button sh-button-medium \">\r\n\r\n\t\t\t\r\n\t\t\t\t\t\t\t<span class=\"sh-button-text\">\r\n\t\t\t\t\tGet Fiber in Puerto Jim\u00e9nez\t\t\t\t<\/span>\r\n\t\t\t\r\n\t\t\t\r\n\t\t<\/a>\r\n\t\t\t<\/div>\r\n<\/div>\r\n\t<\/div>\r\n\r\n\r\n\t\t\r\n\r\n<\/div>\r\n<\/div>\n\n\t<\/div>\r\n<\/section>\n","protected":false},"excerpt":{"rendered":"<p>Fiber Internet Service in Puerto Jim\u00e9nez,Costa Rica with Itellum Contact us for check availability Puerto Jim\u00e9nez: Currently, Puerto Jim\u00e9nez has banks, a small airport of commercial flights from San Jose to the&nbsp;Osa Peninsula, a hospital, Red Cross service, restaurants, hotels and supermarkets among other basic&#8230;<\/p>\n","protected":false},"author":1,"featured_media":290,"parent":0,"menu_order":0,"comment_status":"closed","ping_status":"closed","template":"","meta":{"content-type":"","inline_featured_image":false},"yoast_head":"<!-- This site is optimized with the Yoast SEO plugin v21.5 - https:\/\/yoast.com\/wordpress\/plugins\/seo\/ -->\n<title>Fiber Internet Service in Puerto Jim\u00e9nez, Costa Rica with Itellum - Itellum<\/title>\n<meta name=\"robots\" content=\"index, follow, max-snippet:-1, max-image-preview:large, max-video-preview:-1\" \/>\n<link rel=\"canonical\" href=\"https:\/\/itellum.com\/en\/puerto-jimenez-fiber-2\/\" \/>\n<meta property=\"og:locale\" content=\"en_US\" \/>\n<meta property=\"og:type\" content=\"article\" \/>\n<meta property=\"og:title\" content=\"Fiber Internet Service in Puerto Jim\u00e9nez, Costa Rica with Itellum - Itellum\" \/>\n<meta property=\"og:description\" content=\"Fiber Internet Service in Puerto Jim\u00e9nez,Costa Rica with Itellum Contact us for check availability Puerto Jim\u00e9nez: Currently, Puerto Jim\u00e9nez has banks, a small airport of commercial flights from San Jose to the&nbsp;Osa Peninsula, a hospital, Red Cross service, restaurants, hotels and supermarkets among other basic...\" \/>\n<meta property=\"og:url\" content=\"https:\/\/itellum.com\/en\/puerto-jimenez-fiber-2\/\" \/>\n<meta property=\"og:site_name\" content=\"Itellum\" \/>\n<meta property=\"article:modified_time\" content=\"2022-12-12T18:20:59+00:00\" \/>\n<meta property=\"og:image\" content=\"https:\/\/itellum.com\/en\/wp-content\/uploads\/2018\/06\/puerto-jimenez-fiber-1.jpg\" \/>\n\t<meta property=\"og:image:width\" content=\"333\" \/>\n\t<meta property=\"og:image:height\" content=\"500\" \/>\n\t<meta property=\"og:image:type\" content=\"image\/jpeg\" \/>\n<meta name=\"twitter:card\" content=\"summary_large_image\" \/>\n<meta name=\"twitter:label1\" content=\"Est. reading time\" \/>\n\t<meta name=\"twitter:data1\" content=\"3 minutes\" \/>\n<script type=\"application\/ld+json\" class=\"yoast-schema-graph\">{\"@context\":\"https:\/\/schema.org\",\"@graph\":[{\"@type\":\"WebPage\",\"@id\":\"https:\/\/itellum.com\/en\/puerto-jimenez-fiber-2\/\",\"url\":\"https:\/\/itellum.com\/en\/puerto-jimenez-fiber-2\/\",\"name\":\"Fiber Internet Service in Puerto Jim\u00e9nez, Costa Rica with Itellum - Itellum\",\"isPartOf\":{\"@id\":\"https:\/\/itellum.com\/en\/#website\"},\"datePublished\":\"2018-06-19T18:26:18+00:00\",\"dateModified\":\"2022-12-12T18:20:59+00:00\",\"breadcrumb\":{\"@id\":\"https:\/\/itellum.com\/en\/puerto-jimenez-fiber-2\/#breadcrumb\"},\"inLanguage\":\"en-US\",\"potentialAction\":[{\"@type\":\"ReadAction\",\"target\":[\"https:\/\/itellum.com\/en\/puerto-jimenez-fiber-2\/\"]}]},{\"@type\":\"BreadcrumbList\",\"@id\":\"https:\/\/itellum.com\/en\/puerto-jimenez-fiber-2\/#breadcrumb\",\"itemListElement\":[{\"@type\":\"ListItem\",\"position\":1,\"name\":\"Home\",\"item\":\"https:\/\/itellum.com\/en\/\"},{\"@type\":\"ListItem\",\"position\":2,\"name\":\"Fiber Internet Service in Puerto Jim\u00e9nez, Costa Rica with Itellum\"}]},{\"@type\":\"WebSite\",\"@id\":\"https:\/\/itellum.com\/en\/#website\",\"url\":\"https:\/\/itellum.com\/en\/\",\"name\":\"Itellum\",\"description\":\"Costa Rica&#039;s Leading Commercial Internet Provider\",\"potentialAction\":[{\"@type\":\"SearchAction\",\"target\":{\"@type\":\"EntryPoint\",\"urlTemplate\":\"https:\/\/itellum.com\/en\/?s={search_term_string}\"},\"query-input\":\"required name=search_term_string\"}],\"inLanguage\":\"en-US\"}]}<\/script>\n<!-- \/ Yoast SEO plugin. -->","yoast_head_json":{"title":"Fiber Internet Service in Puerto Jim\u00e9nez, Costa Rica with Itellum - Itellum","robots":{"index":"index","follow":"follow","max-snippet":"max-snippet:-1","max-image-preview":"max-image-preview:large","max-video-preview":"max-video-preview:-1"},"canonical":"https:\/\/itellum.com\/en\/puerto-jimenez-fiber-2\/","og_locale":"en_US","og_type":"article","og_title":"Fiber Internet Service in Puerto Jim\u00e9nez, Costa Rica with Itellum - Itellum","og_description":"Fiber Internet Service in Puerto Jim\u00e9nez,Costa Rica with Itellum Contact us for check availability Puerto Jim\u00e9nez: Currently, Puerto Jim\u00e9nez has banks, a small airport of commercial flights from San Jose to the&nbsp;Osa Peninsula, a hospital, Red Cross service, restaurants, hotels and supermarkets among other basic...","og_url":"https:\/\/itellum.com\/en\/puerto-jimenez-fiber-2\/","og_site_name":"Itellum","article_modified_time":"2022-12-12T18:20:59+00:00","og_image":[{"width":333,"height":500,"url":"https:\/\/itellum.com\/en\/wp-content\/uploads\/2018\/06\/puerto-jimenez-fiber-1.jpg","type":"image\/jpeg"}],"twitter_card":"summary_large_image","twitter_misc":{"Est. reading time":"3 minutes"},"schema":{"@context":"https:\/\/schema.org","@graph":[{"@type":"WebPage","@id":"https:\/\/itellum.com\/en\/puerto-jimenez-fiber-2\/","url":"https:\/\/itellum.com\/en\/puerto-jimenez-fiber-2\/","name":"Fiber Internet Service in Puerto Jim\u00e9nez, Costa Rica with Itellum - Itellum","isPartOf":{"@id":"https:\/\/itellum.com\/en\/#website"},"datePublished":"2018-06-19T18:26:18+00:00","dateModified":"2022-12-12T18:20:59+00:00","breadcrumb":{"@id":"https:\/\/itellum.com\/en\/puerto-jimenez-fiber-2\/#breadcrumb"},"inLanguage":"en-US","potentialAction":[{"@type":"ReadAction","target":["https:\/\/itellum.com\/en\/puerto-jimenez-fiber-2\/"]}]},{"@type":"BreadcrumbList","@id":"https:\/\/itellum.com\/en\/puerto-jimenez-fiber-2\/#breadcrumb","itemListElement":[{"@type":"ListItem","position":1,"name":"Home","item":"https:\/\/itellum.com\/en\/"},{"@type":"ListItem","position":2,"name":"Fiber Internet Service in Puerto Jim\u00e9nez, Costa Rica with Itellum"}]},{"@type":"WebSite","@id":"https:\/\/itellum.com\/en\/#website","url":"https:\/\/itellum.com\/en\/","name":"Itellum","description":"Costa Rica&#039;s Leading Commercial Internet Provider","potentialAction":[{"@type":"SearchAction","target":{"@type":"EntryPoint","urlTemplate":"https:\/\/itellum.com\/en\/?s={search_term_string}"},"query-input":"required name=search_term_string"}],"inLanguage":"en-US"}]}},"_links":{"self":[{"href":"https:\/\/itellum.com\/en\/wp-json\/wp\/v2\/pages\/1499"}],"collection":[{"href":"https:\/\/itellum.com\/en\/wp-json\/wp\/v2\/pages"}],"about":[{"href":"https:\/\/itellum.com\/en\/wp-json\/wp\/v2\/types\/page"}],"author":[{"embeddable":true,"href":"https:\/\/itellum.com\/en\/wp-json\/wp\/v2\/users\/1"}],"replies":[{"embeddable":true,"href":"https:\/\/itellum.com\/en\/wp-json\/wp\/v2\/comments?post=1499"}],"version-history":[{"count":7,"href":"https:\/\/itellum.com\/en\/wp-json\/wp\/v2\/pages\/1499\/revisions"}],"predecessor-version":[{"id":3381,"href":"https:\/\/itellum.com\/en\/wp-json\/wp\/v2\/pages\/1499\/revisions\/3381"}],"wp:featuredmedia":[{"embeddable":true,"href":"https:\/\/itellum.com\/en\/wp-json\/wp\/v2\/media\/290"}],"wp:attachment":[{"href":"https:\/\/itellum.com\/en\/wp-json\/wp\/v2\/media?parent=1499"}],"curies":[{"name":"wp","href":"https:\/\/api.w.org\/{rel}","templated":true}]}}