{"id":1491,"date":"2018-06-19T18:18:03","date_gmt":"2018-06-19T18:18:03","guid":{"rendered":"https:\/\/itellum.com\/?page_id=264"},"modified":"2022-11-30T21:20:32","modified_gmt":"2022-11-30T21:20:32","slug":"golfito-fiber-2","status":"publish","type":"page","link":"https:\/\/itellum.com\/en\/golfito-fiber-2\/","title":{"rendered":"Fiber Internet Service in Golfito, Costa Rica with Itellum"},"content":{"rendered":"<section class=\"sh-section sh-section-6b60dc9e2043efe53db6b9bfc8f9a97c fw-main-row sh-section-visibility-everywhere\">\r\n\t\r\n\t\r\n\t<div class=\"sh-section-container container-fluid\">\r\n\t\t<div class=\"fw-row\">\n\t\r\n<div class=\"sh-column sh-column-f2c2f86dc39f75c197f4aedee9b7210c fw-col-xs-12\" >\r\n\r\n\t\r\n\t<div class=\"sh-column-wrapper\">\r\n\t\t\r\n\r\n\t<div class=\"sh-heading sh-heading-style1\" id=\"heading-5e7d6e13c6977c966921704460af6f3e\">\r\n\t\t<h1 class=\"sh-heading-content size-xl\">\r\n\t\t\t<span style=\"text-align: center; font-weight: bold; text-shadow: 2px 2px #000;\">Fiber Internet Service in Golfito, <br \/>Costa Rica with Itellum<\/span>\t\t<\/h1>\r\n\t<\/div>\r\n\r\n\r\n\r\n\t<div class=\"sh-heading sh-heading-style1\" id=\"heading-67b546c2890d1e796ceedb4a73bf0145\">\r\n\t\t<h2 class=\"sh-heading-content size-m\">\r\n\t\t\t<span style=\"text-align: center;\">Contact us for check availability<\/span>\t\t<\/h2>\r\n\t<\/div>\r\n\r\n\t<\/div>\r\n\r\n\r\n\t\t\r\n\r\n<\/div>\r\n<\/div>\n\n<div class=\"fw-row\">\n\t\r\n<div class=\"sh-column sh-column-07c2021a41a31b0c9135b5060acc7861 fw-col-xs-12 fw-col-sm-2\" >\r\n\r\n\t\r\n\t<div class=\"sh-column-wrapper\">\r\n\t\t\t<\/div>\r\n\r\n\r\n\t\t\r\n\r\n<\/div>\r\n\r\n<div class=\"sh-column sh-column-e542f497a21590b5cd5ca069853c6593 fw-col-xs-12 fw-col-sm-8\" >\r\n\r\n\t\r\n\t<div class=\"sh-column-wrapper\">\r\n\t\t\r\n<div id=\"text-block-fecd5a6166f4386dbd7c0fa9f91ef8d6\" class=\"sh-text-block\">\r\n\t<p>\n\t\t\t\t\t<script>\n\t\t\t\t\t\twindow.hsFormsOnReady = window.hsFormsOnReady || [];\n\t\t\t\t\t\twindow.hsFormsOnReady.push(()=>{\n\t\t\t\t\t\t\thbspt.forms.create({\n\t\t\t\t\t\t\t\tportalId: 8156896,\n\t\t\t\t\t\t\t\tformId: \"e82c952a-0a35-4fbf-9bea-680e982e0cbe\",\n\t\t\t\t\t\t\t\ttarget: \"#hbspt-form-1776827281000-2635196457\",\n\t\t\t\t\t\t\t\tregion: \"\",\n\t\t\t\t\t\t\t\t\n\t\t\t\t\t\t})});\n\t\t\t\t\t<\/script>\n\t\t\t\t\t<div class=\"hbspt-form\" id=\"hbspt-form-1776827281000-2635196457\"><\/div><\/div>\r\n\r\n<div id=\"divider-b3053f2bc4869d62e71ea311eb9ad5f0\" class=\"sh-divider sh-divider-center sh-divider-content-none\">\r\n\t\t\t<div class=\"sh-divider-line\"><\/div>\r\n\t<\/div>\r\n\r\n<div id=\"text-block-c5fbed84e1dcaefecc06d98459fe2364\" class=\"sh-text-block\">\r\n\t<p style=\"text-align: center;\"><b>Golfito:<\/b> It is part of the Brunca region, more specifically it is in the so-called South Zone. In the canton of Golfito is located the commercial free warehouse of Golfito, where you can buy appliances and other products free of taxes. Here, Itellum provides the BEST Internet services available, beating all competition for quality, reliability, speed and price.<\/p><\/div>\r\n\t<\/div>\r\n\r\n\r\n\t\t\r\n\r\n<\/div>\r\n\r\n<div class=\"sh-column sh-column-6aebac54585683fc2e3c01b51fbb094b fw-col-xs-12 fw-col-sm-2\" >\r\n\r\n\t\r\n\t<div class=\"sh-column-wrapper\">\r\n\t\t\t<\/div>\r\n\r\n\r\n\t\t\r\n\r\n<\/div>\r\n<\/div>\n\n\t<\/div>\r\n<\/section>\r\n\r\n<section class=\"sh-section sh-section-03484d0c4ee6d3f38147142c49b33869 fw-main-row sh-section-visibility-everywhere\">\r\n\t\r\n\t\r\n\t<div class=\"sh-section-container container\">\r\n\t\t<div class=\"fw-row\">\n\t\r\n<div class=\"sh-column sh-column-d039fa81d03835ddeffed50c76915748 fw-col-xs-12 fw-col-sm-6\" >\r\n\r\n\t\r\n\t<div class=\"sh-column-wrapper\">\r\n\t\t\r\n<div class=\"sh-iconbox sh-iconbox-style2 sh-iconbox-center improved-responsiveness\" id=\"iconbox-2cdcfdb3247062015f8b23965baae690\">\r\n\t\r\n\t\t\t\t\t<div class=\"sh-iconbox-icon\">\r\n\t\t\t\t<div class=\"sh-iconbox-icon-shape sh-iconbox-square\">\r\n\t\t\t\t\t<i class=\"sh-iconbox-hover fa fa-map-marker\"><\/i>\r\n\r\n\t\t\t\t\t\t\t\t\t<\/div>\r\n\t\t\t<\/div>\r\n\t\t\r\n\t\t<div class=\"sh-iconbox-aside\">\r\n\t\t\t<div class=\"sh-iconbox-title\">\r\n\t\t\t\t\t\t\t\t\t<h3>Fiber In Your Area<\/h3>\r\n\t\t\t\t\t\t\t<\/div>\r\n\t\t\t<div class=\"sh-iconbox-seperator\"><\/div>\r\n\t\t\t<div class=\"sh-iconbox-content\">\r\n\t\t\t\t<p style=\"text-align: center;\">We want every business in Costa Rica to have the opportunity to receive the best possible service. &nbsp;&nbsp;We work locally to not only improve access to commercial grade internet in Costa Rican Communities but ensure that our clients get the best possible care.<\/p>\t\t\t<\/div>\r\n\t\t<\/div>\r\n\r\n\t<\/div>\r\n\r\n<div class=\"sh-empty-space\" id=\"empty-space-dec66512744d760236f897e32576b178\"><\/div>\r\n\r\n<div id=\"button-e39033a91564101a0bf502b6adf97c85\" class=\"sh-button-container  sh-button-style-5\">\r\n\t<div class=\"sh-element-margin\">\r\n\t\t<a href=\"https:\/\/itellum.com\/contact-us\/\" target=\"_self\" class=\"sh-button sh-button-large \">\r\n\r\n\t\t\t\r\n\t\t\t\t\t\t\t<span class=\"sh-button-text\">\r\n\t\t\t\t\tContact us\t\t\t\t<\/span>\r\n\t\t\t\r\n\t\t\t\r\n\t\t<\/a>\r\n\t\t\t<\/div>\r\n<\/div>\r\n\t<\/div>\r\n\r\n\r\n\t\t\t\t<div class=\"preload\">\r\n\t\t\t<img src=\"\/\/itellum.com\/wp-content\/uploads\/2020\/06\/bg-box-3.png\" \/>\r\n\t\t<\/div>\r\n\t\r\n\r\n<\/div>\r\n\r\n<div class=\"sh-column sh-column-3208554c6468fcffcf598a8c1ac519de fw-col-xs-12 fw-col-sm-6\" >\r\n\r\n\t\r\n\t<div class=\"sh-column-wrapper\">\r\n\t\t\r\n<div class=\"sh-iconbox sh-iconbox-style2 sh-iconbox-center improved-responsiveness\" id=\"iconbox-b754d655bd64c1b577d8ac705d7ee259\">\r\n\t\r\n\t\t\t\t\t<div class=\"sh-iconbox-icon\">\r\n\t\t\t\t<div class=\"sh-iconbox-icon-shape sh-iconbox-square\">\r\n\t\t\t\t\t<i class=\"sh-iconbox-hover fa fa-users\"><\/i>\r\n\r\n\t\t\t\t\t\t\t\t\t<\/div>\r\n\t\t\t<\/div>\r\n\t\t\r\n\t\t<div class=\"sh-iconbox-aside\">\r\n\t\t\t<div class=\"sh-iconbox-title\">\r\n\t\t\t\t\t\t\t\t\t<h3>Best Customer Service<\/h3>\r\n\t\t\t\t\t\t\t<\/div>\r\n\t\t\t<div class=\"sh-iconbox-seperator\"><\/div>\r\n\t\t\t<div class=\"sh-iconbox-content\">\r\n\t\t\t\t<p style=\"text-align: center;\">Our bilingual staff are friendly and knowledgeable. \u00a0You\u2019ll enjoy our timely service as we are a company that respectfully doesn\u2019t participate in the all too common \u201cTico Time Standard\u201d \u00a0Let us show you what we mean.<\/p>\t\t\t<\/div>\r\n\t\t<\/div>\r\n\r\n\t<\/div>\r\n\r\n<div class=\"sh-empty-space\" id=\"empty-space-6b1e255ebac4c94800090aade44e38d5\"><\/div>\r\n\r\n<div id=\"button-69122f9b5a54a68a0bacdf5575d7084b\" class=\"sh-button-container  sh-button-style-5\">\r\n\t<div class=\"sh-element-margin\">\r\n\t\t<a href=\"https:\/\/itellum.com\/contact-us\/\" target=\"_self\" class=\"sh-button sh-button-large \">\r\n\r\n\t\t\t\r\n\t\t\t\t\t\t\t<span class=\"sh-button-text\">\r\n\t\t\t\t\tContact us\t\t\t\t<\/span>\r\n\t\t\t\r\n\t\t\t\r\n\t\t<\/a>\r\n\t\t\t<\/div>\r\n<\/div>\r\n\t<\/div>\r\n\r\n\r\n\t\t\t\t<div class=\"preload\">\r\n\t\t\t<img src=\"\/\/itellum.com\/wp-content\/uploads\/2020\/06\/bg-box-3.png\" \/>\r\n\t\t<\/div>\r\n\t\r\n\r\n<\/div>\r\n<\/div>\n\n\t<\/div>\r\n<\/section>\r\n\r\n<section class=\"sh-section sh-section-1a2f728223840b1575ef778308796c7b fw-main-row sh-section-visibility-everywhere\" id=\"layouts\">\r\n\t\r\n\t\r\n\t<div class=\"sh-section-container container section-justify-height\">\r\n\t\t<div class=\"fw-row\">\n\t\r\n<div class=\"sh-column sh-column-c4be5f6e203dfdd08eee849076f2f480 fw-col-xs-12\" >\r\n\r\n\t\r\n\t<div class=\"sh-column-wrapper\">\r\n\t\t\r\n<div class=\"sh-heading  \" id=\"heading-e5515e358c5cfe86b7dd2665f3db2d15\">\r\n\t<div class=\"sh-element-margin\">\r\n\r\n\t\t\r\n\t\t\t<h2 class=\"sh-heading-content size-default text-center\">\r\n\t\t\t\tMore about Fiber Internet and Golfito Costa Rica\t\t\t<\/h2>\r\n\r\n\t\t\r\n\t<\/div>\r\n<\/div>\r\n\t<\/div>\r\n\r\n\r\n\t\t\r\n\r\n<\/div>\r\n<\/div>\n\n<div class=\"fw-row\">\n\t\r\n<div class=\"sh-column sh-column-c4be5f6e203dfdd08eee849076f2f480 fw-col-xs-12\" >\r\n\r\n\t\r\n\t<div class=\"sh-column-wrapper\">\r\n\t\t\r\n<div id=\"text-block-688ca2e5d8c8e471caa8c833befd0ec7\" class=\"sh-text-block\">\r\n\t<p>From the arrival of Ponce de Le\u00f3n in 1519 until today spans over 500 years of history. and now The preservation of Golfitos past has been made possible using superior internet as a major tool. Prior to this the area was inhabited by the indigenous people from the Bruncas.<\/p><p>Fast forward to 1874, when Costa Ricans began colonizing the area. Its development is linked to the opening of the South Inter-American Highway and mainly to the cultivation of bananas and the arrival of the Compa\u00f1\u00eda Bananera, (United Fruit Company). The 1930s saw a shift from the Caribbean coast to the South Pacific region due to depletion of soil, blight, and labor problems and Golfito was a \u201cnatural\u201d port.<\/p><p>The Compa\u00f1\u00eda Bananera developed separate neighborhoods in Golfito, where some lived with a high lifestyle, trying to imitate American styles, while other barrios were more humble, maintaining the tastes of Costa Ricans, and they were full of grocery stores and a variety of shops.<\/p><p>Large farms set the prices for the produce and governed the train and ship schedules to their advantage which the smaller producers were obligated to adhere to. The \u201cBanana Era\u201d met with the same destruction that it did on the Atlantic coast and production decreases leaving the population out of work.<\/p><p>Golfito is a bayside town surrounded by lush green mountains, the remote beaches of the Golfo Dulce, and numerous estuaries plentiful with a stunning array of wildlife. Boutique-style marinas with their quaint wooden architecture line the coast and are a colorful contrast to the forested mountain backdrop. It\u2019s almost like a scene from Jimmy Buffet\u2019s Margaritaville!<\/p><p>Much of the region is under the jurisdiction of MINAE, the Ministry of Environment, Energy and Telecommunications. The Golfito Wildlife Refuge protects forested and beach areas surrounding Golfito which has some of the most plentiful rain in the world at 150 - 200 inches annually. The park does not have any public facilities, although it does have a system hiking trails which allow you to reach vantage points to view the scenic landscape below. The abundant sea and land wildlife make it a perfect destination for naturalists and eco-travelers. Piedras Blancas National Park borders the refuge. As an eco-destination, it has some unique accommodations nearby; Playa Cativa Lodge, La Gamboa Rainforest Lodge Esquinas Rainforest Lodge, Treetop Camping, and Forrest Lodge and even some only accessible by boat such as Saladero Lodge.<\/p><p>By 1986 the Free Zone \u201cDeposito\u201d was created and provided more jobs and commercial efforts in the area. The Golfito Duty-Free Zone is still operating today. Its creation serves two main purposes; to give Costa Ricans and visitors a tax break and to bring tourism to the area. The plan has worked quite well since the rules to buy at the Deposito meant you had to stay overnight. This brought commerce to the area and although they have upgraded the system so you no longer have to stay overnight, it did put the area on the map. Hotels cropped up close to the Duty-Free Zone for the shoppers convenience. Hotel Sierra, Cabinas Cristy, and Hotel San Martin are close by and provide accommodations for visitors. Several restaurants also provide comfortable venues to enjoy traditional dishes of the area and fresh and seafood are excellent choices. Thanks to the fastest, most reliable #Internet in Costa Rica, you can find out information about the approximately 50 duty-free outlets online. Before one had to buy an entrance ticket which would not be valid until the following day. Now your entrance card is digital and can be used immediately. Many of the stores have websites that you can access to see their offerings so you don\u2019t spend so much time wandering around.<\/p><p>Judesur is a government organization that has used the commercial-grade Internet in the area to their advantage, not only for the duty-free zone but for various projects in the area. Although the Golfito airport is not particularly busy it does serve domestic traffic for those visiting the free zone, the port and to bring sports fishermen and water sports enthusiasts to the area. Since the area has become the destination for those that love to be away from the \u201cbeaten path\u201d, <a href=\"https:\/\/itellum.com\/check-eligibility\/\">Internet for hotels and medium-sized businesses<\/a> is increasingly important. Tourists from North and South America and Europe gravitate to this area for the fishing and the environmental awareness of the hotels and lodges here. Casa Roland Marina &amp; Resort, Golfito Marina Village &amp; Resort, Hotel &amp; Restaurant Mar y Luna, Fish Hook Marina &amp; Lodge, Hotel Las Gaviotas, and Hotel El Gran Ceibo are just some of the establishments in the area. And there is a large selection of fishing charter and supply companies at your doorstep like Hooked-Up Sportfishing and Banana Bay Marina. Part of the reason for the popularity of sport fishing here is that there are few areas in the world that have a similar geographic configuration that has the incredible offshore\/inshore saltwater species combination found here. Sailfish, Blue, Black and Striped Marlin, and more than a dozen Red Snapper species can be found in the area.<\/p><p>Anglers can expect to catch big Roosterfish; Snapper family species such as Cubera, Colorado, Red, Mullet and Spotted Rosy; Grouper; Pompano; Jack; Mackerel; Shark and small Barracuda. Many of the hotels and lodges in the area offer the experience of being able to fish in world-class waters and still maintain a \u201cworking\u201d presence online with<a href=\"https:\/\/itellum.com\/check-eligibility\/\"> Fiber Optic Internet Connectivity<\/a> and that makes for a productive but enjoyable vacation.<\/p><p>The Golfito Hospital, originally built by the United Fruit Company to accommodate the management and workers is now part of the CCSS or national health system of Costa Rica. About 5 years ago it underwent some much-needed remodeling; mainly replacing 70-year-old screened windows with glass, replacing wooden structures that are susceptible to fire and installing an air exchange system. It services 35,000 people in the area that can now be treated locally rather than having to travel to P\u00e9rez Zeled\u00f3n or San Jos\u00e9 for more sophisticated treatment. Very close to the hospital is a branch campus of the University of Costa Rica where students mostly from the southern zone attend. It is a public university that offers scholarships and housing to approximately 90% of its students and has a student union, a library, laboratories, and art and recreational facilities. Golfito has 5 major schools covering (1st\u20136th year) and one secondary school (7th\u201312th year) that also offers a separate night schooling. Both the hospital and university benefit from the redundant <a href=\"https:\/\/itellum.com\/check-eligibility\/\">quality of the Internet<\/a> and the best service and support delivered by <a href=\"http:\/\/www.itellum.com\">Itellum<\/a>.<\/p><p>Although the port does not attract the type of cruise line traffic that the ports of Limon and Puntarenas do, it does attract the smaller more exclusive ships such as Windstar with limited frequency. In fact, the Windstar Cruise Line is one of the few cruise lines that pull into Golfito. These ships are shallow draft and some are under sail with 300 passengers or less and therefore have less impact on the \u201cpeacefulness\u201d of this port town. Cruise passengers can opt to go on tours close by including snorkeling, hiking, zip-lining, rappelling waterfalls, or a visit to the quaint Playa Cacao for some excellent seafood in one the old-style restaurants. Many cruise passengers like to just relax at one of the establishments on the shore and catch up on emails via internet via 1:1 international fiber optics. The Golfito Marina Village was completed in 2017 and was to be built in several phases. The final plan was to accommodate up to six super-yachts measuring 107 meters in length and has 132 slips for yachts measuring from 10 to 106 meters. The first phase opened with approximately 50 slips with foreign investment from the United States of about USD 50 million. The plan was to include hotels, restaurants, and generate at least 400 much-needed new jobs for the residents. The original investors abandoned the project in 2019, however they did so with documents in place to allow future investors to take it over. The property is susceptible to deterioration until interested investors rejuvenate the project once again.<\/p><p>Larger ships anchor out at sea and tender into the port facilities but seldom carry more than 600 passengers and 500 crew although increased popularity is attracting larger ships and in turn, more tourist dollars. One can notice some sizable private yachts in the harbor that often come to visit and enjoy the natural beauty of Golfito and its surroundings. Golfito does accommodate cargo ships also and larger ships are piloted in from about two miles out from the port entrance. The pier is 317 meters (1040 ft) long and can accommodate two 150-meter (492 ft) long ships or one 300-meter (984 ft) long ship. Most of the cargo traffic is made up of tanker ships discharging petroleum products.<\/p><p>Golfito is still a little wild and remote, but that\u2019s just part of its intrigue and charm and yet another place to enjoy the <a href=\"https:\/\/itellum.com\/\">best internet Costa Rica<\/a> has to offer on a road less traveled.<\/p><\/div>\r\n\t<\/div>\r\n\r\n\r\n\t\t\r\n\r\n<\/div>\r\n<\/div>\n\n<div class=\"fw-row\">\n\t\r\n<div class=\"sh-column sh-column-c4be5f6e203dfdd08eee849076f2f480 fw-col-xs-12\" >\r\n\r\n\t\r\n\t<div class=\"sh-column-wrapper\">\r\n\t\t\r\n<div id=\"button-186d166730d1f427f50d34df7c1b19b1\" class=\"sh-button-container  sh-button-style-5\">\r\n\t<div class=\"sh-element-margin\">\r\n\t\t<a href=\"https:\/\/itellum.com\/check-eligibility\/\" target=\"_self\" class=\"sh-button sh-button-medium \">\r\n\r\n\t\t\t\r\n\t\t\t\t\t\t\t<span class=\"sh-button-text\">\r\n\t\t\t\t\tGet Fiber in Golfito\t\t\t\t<\/span>\r\n\t\t\t\r\n\t\t\t\r\n\t\t<\/a>\r\n\t\t\t<\/div>\r\n<\/div>\r\n\t<\/div>\r\n\r\n\r\n\t\t\r\n\r\n<\/div>\r\n<\/div>\n\n\t<\/div>\r\n<\/section>\n","protected":false},"excerpt":{"rendered":"<p>Fiber Internet Service in Golfito, Costa Rica with Itellum Contact us for check availability Golfito: It is part of the Brunca region, more specifically it is in the so-called South Zone. In the canton of Golfito is located the commercial free warehouse of Golfito, where&#8230;<\/p>\n","protected":false},"author":1,"featured_media":287,"parent":0,"menu_order":0,"comment_status":"closed","ping_status":"closed","template":"","meta":{"content-type":"","inline_featured_image":false},"yoast_head":"<!-- This site is optimized with the Yoast SEO plugin v21.5 - https:\/\/yoast.com\/wordpress\/plugins\/seo\/ -->\n<title>Fiber Internet Service in Golfito, Costa Rica with Itellum - Itellum<\/title>\n<meta name=\"robots\" content=\"index, follow, max-snippet:-1, max-image-preview:large, max-video-preview:-1\" \/>\n<link rel=\"canonical\" href=\"https:\/\/itellum.com\/en\/golfito-fiber-2\/\" \/>\n<meta property=\"og:locale\" content=\"en_US\" \/>\n<meta property=\"og:type\" content=\"article\" \/>\n<meta property=\"og:title\" content=\"Fiber Internet Service in Golfito, Costa Rica with Itellum - Itellum\" \/>\n<meta property=\"og:description\" content=\"Fiber Internet Service in Golfito, Costa Rica with Itellum Contact us for check availability Golfito: It is part of the Brunca region, more specifically it is in the so-called South Zone. In the canton of Golfito is located the commercial free warehouse of Golfito, where...\" \/>\n<meta property=\"og:url\" content=\"https:\/\/itellum.com\/en\/golfito-fiber-2\/\" \/>\n<meta property=\"og:site_name\" content=\"Itellum\" \/>\n<meta property=\"article:modified_time\" content=\"2022-11-30T21:20:32+00:00\" \/>\n<meta property=\"og:image\" content=\"https:\/\/itellum.com\/en\/wp-content\/uploads\/2018\/06\/golfito-fiber-1.jpg\" \/>\n\t<meta property=\"og:image:width\" content=\"333\" \/>\n\t<meta property=\"og:image:height\" content=\"500\" \/>\n\t<meta property=\"og:image:type\" content=\"image\/jpeg\" \/>\n<meta name=\"twitter:card\" content=\"summary_large_image\" \/>\n<meta name=\"twitter:label1\" content=\"Est. reading time\" \/>\n\t<meta name=\"twitter:data1\" content=\"8 minutes\" \/>\n<script type=\"application\/ld+json\" class=\"yoast-schema-graph\">{\"@context\":\"https:\/\/schema.org\",\"@graph\":[{\"@type\":\"WebPage\",\"@id\":\"https:\/\/itellum.com\/en\/golfito-fiber-2\/\",\"url\":\"https:\/\/itellum.com\/en\/golfito-fiber-2\/\",\"name\":\"Fiber Internet Service in Golfito, Costa Rica with Itellum - Itellum\",\"isPartOf\":{\"@id\":\"https:\/\/itellum.com\/en\/#website\"},\"datePublished\":\"2018-06-19T18:18:03+00:00\",\"dateModified\":\"2022-11-30T21:20:32+00:00\",\"breadcrumb\":{\"@id\":\"https:\/\/itellum.com\/en\/golfito-fiber-2\/#breadcrumb\"},\"inLanguage\":\"en-US\",\"potentialAction\":[{\"@type\":\"ReadAction\",\"target\":[\"https:\/\/itellum.com\/en\/golfito-fiber-2\/\"]}]},{\"@type\":\"BreadcrumbList\",\"@id\":\"https:\/\/itellum.com\/en\/golfito-fiber-2\/#breadcrumb\",\"itemListElement\":[{\"@type\":\"ListItem\",\"position\":1,\"name\":\"Home\",\"item\":\"https:\/\/itellum.com\/en\/\"},{\"@type\":\"ListItem\",\"position\":2,\"name\":\"Fiber Internet Service in Golfito, Costa Rica with Itellum\"}]},{\"@type\":\"WebSite\",\"@id\":\"https:\/\/itellum.com\/en\/#website\",\"url\":\"https:\/\/itellum.com\/en\/\",\"name\":\"Itellum\",\"description\":\"Costa Rica&#039;s Leading Commercial Internet Provider\",\"potentialAction\":[{\"@type\":\"SearchAction\",\"target\":{\"@type\":\"EntryPoint\",\"urlTemplate\":\"https:\/\/itellum.com\/en\/?s={search_term_string}\"},\"query-input\":\"required name=search_term_string\"}],\"inLanguage\":\"en-US\"}]}<\/script>\n<!-- \/ Yoast SEO plugin. -->","yoast_head_json":{"title":"Fiber Internet Service in Golfito, Costa Rica with Itellum - Itellum","robots":{"index":"index","follow":"follow","max-snippet":"max-snippet:-1","max-image-preview":"max-image-preview:large","max-video-preview":"max-video-preview:-1"},"canonical":"https:\/\/itellum.com\/en\/golfito-fiber-2\/","og_locale":"en_US","og_type":"article","og_title":"Fiber Internet Service in Golfito, Costa Rica with Itellum - Itellum","og_description":"Fiber Internet Service in Golfito, Costa Rica with Itellum Contact us for check availability Golfito: It is part of the Brunca region, more specifically it is in the so-called South Zone. In the canton of Golfito is located the commercial free warehouse of Golfito, where...","og_url":"https:\/\/itellum.com\/en\/golfito-fiber-2\/","og_site_name":"Itellum","article_modified_time":"2022-11-30T21:20:32+00:00","og_image":[{"width":333,"height":500,"url":"https:\/\/itellum.com\/en\/wp-content\/uploads\/2018\/06\/golfito-fiber-1.jpg","type":"image\/jpeg"}],"twitter_card":"summary_large_image","twitter_misc":{"Est. reading time":"8 minutes"},"schema":{"@context":"https:\/\/schema.org","@graph":[{"@type":"WebPage","@id":"https:\/\/itellum.com\/en\/golfito-fiber-2\/","url":"https:\/\/itellum.com\/en\/golfito-fiber-2\/","name":"Fiber Internet Service in Golfito, Costa Rica with Itellum - Itellum","isPartOf":{"@id":"https:\/\/itellum.com\/en\/#website"},"datePublished":"2018-06-19T18:18:03+00:00","dateModified":"2022-11-30T21:20:32+00:00","breadcrumb":{"@id":"https:\/\/itellum.com\/en\/golfito-fiber-2\/#breadcrumb"},"inLanguage":"en-US","potentialAction":[{"@type":"ReadAction","target":["https:\/\/itellum.com\/en\/golfito-fiber-2\/"]}]},{"@type":"BreadcrumbList","@id":"https:\/\/itellum.com\/en\/golfito-fiber-2\/#breadcrumb","itemListElement":[{"@type":"ListItem","position":1,"name":"Home","item":"https:\/\/itellum.com\/en\/"},{"@type":"ListItem","position":2,"name":"Fiber Internet Service in Golfito, Costa Rica with Itellum"}]},{"@type":"WebSite","@id":"https:\/\/itellum.com\/en\/#website","url":"https:\/\/itellum.com\/en\/","name":"Itellum","description":"Costa Rica&#039;s Leading Commercial Internet Provider","potentialAction":[{"@type":"SearchAction","target":{"@type":"EntryPoint","urlTemplate":"https:\/\/itellum.com\/en\/?s={search_term_string}"},"query-input":"required name=search_term_string"}],"inLanguage":"en-US"}]}},"_links":{"self":[{"href":"https:\/\/itellum.com\/en\/wp-json\/wp\/v2\/pages\/1491"}],"collection":[{"href":"https:\/\/itellum.com\/en\/wp-json\/wp\/v2\/pages"}],"about":[{"href":"https:\/\/itellum.com\/en\/wp-json\/wp\/v2\/types\/page"}],"author":[{"embeddable":true,"href":"https:\/\/itellum.com\/en\/wp-json\/wp\/v2\/users\/1"}],"replies":[{"embeddable":true,"href":"https:\/\/itellum.com\/en\/wp-json\/wp\/v2\/comments?post=1491"}],"version-history":[{"count":4,"href":"https:\/\/itellum.com\/en\/wp-json\/wp\/v2\/pages\/1491\/revisions"}],"predecessor-version":[{"id":3375,"href":"https:\/\/itellum.com\/en\/wp-json\/wp\/v2\/pages\/1491\/revisions\/3375"}],"wp:featuredmedia":[{"embeddable":true,"href":"https:\/\/itellum.com\/en\/wp-json\/wp\/v2\/media\/287"}],"wp:attachment":[{"href":"https:\/\/itellum.com\/en\/wp-json\/wp\/v2\/media?parent=1491"}],"curies":[{"name":"wp","href":"https:\/\/api.w.org\/{rel}","templated":true}]}}