{"id":148,"date":"2018-06-15T19:12:26","date_gmt":"2018-06-15T19:12:26","guid":{"rendered":"https:\/\/itellum.com\/?page_id=148"},"modified":"2022-12-09T19:16:48","modified_gmt":"2022-12-09T19:16:48","slug":"cartago-fiber","status":"publish","type":"page","link":"https:\/\/itellum.com\/en\/cartago-fiber\/","title":{"rendered":"Fiber Internet Service in Cartago, Costa Rica with Itellum"},"content":{"rendered":"<section class=\"sh-section sh-section-6b60dc9e2043efe53db6b9bfc8f9a97c fw-main-row sh-section-visibility-everywhere\">\r\n\t\r\n\t\r\n\t<div class=\"sh-section-container container-fluid\">\r\n\t\t<div class=\"fw-row\">\n\t\r\n<div class=\"sh-column sh-column-f2c2f86dc39f75c197f4aedee9b7210c fw-col-xs-12\" >\r\n\r\n\t\r\n\t<div class=\"sh-column-wrapper\">\r\n\t\t\r\n\r\n\t<div class=\"sh-heading sh-heading-style1\" id=\"heading-5e7d6e13c6977c966921704460af6f3e\">\r\n\t\t<h1 class=\"sh-heading-content size-xl\">\r\n\t\t\t<span style=\"text-align: center; font-weight: bold; text-shadow: 2px 2px #000;\">Fiber Internet Service in Cartago, <br \/>Costa Rica with Itellum<\/span>\t\t<\/h1>\r\n\t<\/div>\r\n\r\n\r\n\r\n\t<div class=\"sh-heading sh-heading-style1\" id=\"heading-67b546c2890d1e796ceedb4a73bf0145\">\r\n\t\t<h2 class=\"sh-heading-content size-m\">\r\n\t\t\t<span style=\"text-align: center;\">Contact us for check availability<\/span>\t\t<\/h2>\r\n\t<\/div>\r\n\r\n\t<\/div>\r\n\r\n\r\n\t\t\r\n\r\n<\/div>\r\n<\/div>\n\n<div class=\"fw-row\">\n\t\r\n<div class=\"sh-column sh-column-4b8bf15f578acdbaa3daab9d860a2a73 fw-col-xs-12 fw-col-sm-2\" >\r\n\r\n\t\r\n\t<div class=\"sh-column-wrapper\">\r\n\t\t\t<\/div>\r\n\r\n\r\n\t\t\r\n\r\n<\/div>\r\n\r\n<div class=\"sh-column sh-column-e542f497a21590b5cd5ca069853c6593 fw-col-xs-12 fw-col-sm-8\" >\r\n\r\n\t\r\n\t<div class=\"sh-column-wrapper\">\r\n\t\t\r\n<div id=\"text-block-71b534d1077ccd7b1c8028daef12dc60\" class=\"sh-text-block\">\r\n\t<p>\n\t\t\t\t\t<script>\n\t\t\t\t\t\twindow.hsFormsOnReady = window.hsFormsOnReady || [];\n\t\t\t\t\t\twindow.hsFormsOnReady.push(()=>{\n\t\t\t\t\t\t\thbspt.forms.create({\n\t\t\t\t\t\t\t\tportalId: 8156896,\n\t\t\t\t\t\t\t\tformId: \"e82c952a-0a35-4fbf-9bea-680e982e0cbe\",\n\t\t\t\t\t\t\t\ttarget: \"#hbspt-form-1776811742000-5185174221\",\n\t\t\t\t\t\t\t\tregion: \"\",\n\t\t\t\t\t\t\t\t\n\t\t\t\t\t\t})});\n\t\t\t\t\t<\/script>\n\t\t\t\t\t<div class=\"hbspt-form\" id=\"hbspt-form-1776811742000-5185174221\"><\/div><\/div>\r\n\r\n<div id=\"divider-b3053f2bc4869d62e71ea311eb9ad5f0\" class=\"sh-divider sh-divider-center sh-divider-content-none\">\r\n\t\t\t<div class=\"sh-divider-line\"><\/div>\r\n\t<\/div>\r\n\t<\/div>\r\n\r\n\r\n\t\t\r\n\r\n<\/div>\r\n\r\n<div class=\"sh-column sh-column-6aebac54585683fc2e3c01b51fbb094b fw-col-xs-12 fw-col-sm-2\" >\r\n\r\n\t\r\n\t<div class=\"sh-column-wrapper\">\r\n\t\t\t<\/div>\r\n\r\n\r\n\t\t\r\n\r\n<\/div>\r\n<\/div>\n\n<div class=\"fw-row\">\n\t\r\n<div class=\"sh-column sh-column-c8e0e8b7b2038087a3c1af534bccbfae fw-col-xs-12\" >\r\n\r\n\t\r\n\t<div class=\"sh-column-wrapper\">\r\n\t\t\r\n<div id=\"text-block-c5fbed84e1dcaefecc06d98459fe2364\" class=\"sh-text-block\">\r\n\t<p style=\"text-align: center;\">\u00a0We won\u2019t share personal information\u00a0 \u00a0| \u00a0<span style=\"color: #00d2ff;\">PRIVAT POLICY<\/span><\/p><\/div>\r\n\t<\/div>\r\n\r\n\r\n\t\t\r\n\r\n<\/div>\r\n<\/div>\n\n<div class=\"fw-row\">\n\t\r\n<div class=\"sh-column sh-column-9f39b5ec38837d2cbb97082d60828d98 fw-col-xs-12 fw-col-sm-2\" >\r\n\r\n\t\r\n\t<div class=\"sh-column-wrapper\">\r\n\t\t\t<\/div>\r\n\r\n\r\n\t\t\r\n\r\n<\/div>\r\n\r\n<div class=\"sh-column sh-column-e72108f04e3c0a6630da674f1ef0a015 fw-col-xs-12 fw-col-sm-8\" >\r\n\r\n\t\r\n\t<div class=\"sh-column-wrapper\">\r\n\t\t\r\n<div id=\"text-block-a09efd6c2095891126ace1f1576be32f\" class=\"sh-text-block\">\r\n\t<p style=\"text-align: center;\">\u00a0Cartago: It is located in the Guarco Valley, in the central region of Costa Rica. The most famous celebration that takes place in the city of Carthage is the pilgrimage to the Basilica of Our Lady of the Angels, which takes place on the eve of August 2 of each year.<\/p><p style=\"text-align: center;\">Itellum has several nodes and optical fiber rings with the capacity to meet any of the high-speed data needs of government or business entities within the province.<\/p><\/div>\r\n\t<\/div>\r\n\r\n\r\n\t\t\r\n\r\n<\/div>\r\n\r\n<div class=\"sh-column sh-column-07c2021a41a31b0c9135b5060acc7861 fw-col-xs-12 fw-col-sm-2\" >\r\n\r\n\t\r\n\t<div class=\"sh-column-wrapper\">\r\n\t\t\t<\/div>\r\n\r\n\r\n\t\t\r\n\r\n<\/div>\r\n<\/div>\n\n\t<\/div>\r\n<\/section>\r\n\r\n<section class=\"sh-section sh-section-03484d0c4ee6d3f38147142c49b33869 fw-main-row sh-section-visibility-everywhere\">\r\n\t\r\n\t\r\n\t<div class=\"sh-section-container container\">\r\n\t\t<div class=\"fw-row\">\n\t\r\n<div class=\"sh-column sh-column-d039fa81d03835ddeffed50c76915748 fw-col-xs-12 fw-col-sm-6\" >\r\n\r\n\t\r\n\t<div class=\"sh-column-wrapper\">\r\n\t\t\r\n<div class=\"sh-iconbox sh-iconbox-style2 sh-iconbox-center improved-responsiveness\" id=\"iconbox-2cdcfdb3247062015f8b23965baae690\">\r\n\t\r\n\t\t\t\t\t<div class=\"sh-iconbox-icon\">\r\n\t\t\t\t<div class=\"sh-iconbox-icon-shape sh-iconbox-square\">\r\n\t\t\t\t\t<i class=\"sh-iconbox-hover fa fa-map-marker\"><\/i>\r\n\r\n\t\t\t\t\t\t\t\t\t<\/div>\r\n\t\t\t<\/div>\r\n\t\t\r\n\t\t<div class=\"sh-iconbox-aside\">\r\n\t\t\t<div class=\"sh-iconbox-title\">\r\n\t\t\t\t\t\t\t\t\t<h3>Fiber In Your Area<\/h3>\r\n\t\t\t\t\t\t\t<\/div>\r\n\t\t\t<div class=\"sh-iconbox-seperator\"><\/div>\r\n\t\t\t<div class=\"sh-iconbox-content\">\r\n\t\t\t\t<p style=\"text-align: center;\">We want every business in Costa Rica to have the opportunity to receive the best possible service. &nbsp;&nbsp;We work locally to not only improve access to commercial grade internet in Costa Rican Communities but ensure that our clients get the best possible care.<\/p>\t\t\t<\/div>\r\n\t\t<\/div>\r\n\r\n\t<\/div>\r\n\r\n<div class=\"sh-empty-space\" id=\"empty-space-dec66512744d760236f897e32576b178\"><\/div>\r\n\r\n<div id=\"button-e39033a91564101a0bf502b6adf97c85\" class=\"sh-button-container  sh-button-style-5\">\r\n\t<div class=\"sh-element-margin\">\r\n\t\t<a href=\"https:\/\/itellum.com\/contact-us\/\" target=\"_self\" class=\"sh-button sh-button-large \">\r\n\r\n\t\t\t\r\n\t\t\t\t\t\t\t<span class=\"sh-button-text\">\r\n\t\t\t\t\tContact us\t\t\t\t<\/span>\r\n\t\t\t\r\n\t\t\t\r\n\t\t<\/a>\r\n\t\t\t<\/div>\r\n<\/div>\r\n\t<\/div>\r\n\r\n\r\n\t\t\t\t<div class=\"preload\">\r\n\t\t\t<img src=\"\/\/itellum.com\/wp-content\/uploads\/2020\/06\/bg-box-3.png\" \/>\r\n\t\t<\/div>\r\n\t\r\n\r\n<\/div>\r\n\r\n<div class=\"sh-column sh-column-3208554c6468fcffcf598a8c1ac519de fw-col-xs-12 fw-col-sm-6\" >\r\n\r\n\t\r\n\t<div class=\"sh-column-wrapper\">\r\n\t\t\r\n<div class=\"sh-iconbox sh-iconbox-style2 sh-iconbox-center improved-responsiveness\" id=\"iconbox-b754d655bd64c1b577d8ac705d7ee259\">\r\n\t\r\n\t\t\t\t\t<div class=\"sh-iconbox-icon\">\r\n\t\t\t\t<div class=\"sh-iconbox-icon-shape sh-iconbox-square\">\r\n\t\t\t\t\t<i class=\"sh-iconbox-hover fa fa-users\"><\/i>\r\n\r\n\t\t\t\t\t\t\t\t\t<\/div>\r\n\t\t\t<\/div>\r\n\t\t\r\n\t\t<div class=\"sh-iconbox-aside\">\r\n\t\t\t<div class=\"sh-iconbox-title\">\r\n\t\t\t\t\t\t\t\t\t<h3>Best Customer Service<\/h3>\r\n\t\t\t\t\t\t\t<\/div>\r\n\t\t\t<div class=\"sh-iconbox-seperator\"><\/div>\r\n\t\t\t<div class=\"sh-iconbox-content\">\r\n\t\t\t\t<p style=\"text-align: center;\">Our bilingual staff are friendly and knowledgeable. \u00a0You\u2019ll enjoy our timely service as we are a company that respectfully doesn\u2019t participate in the all too common \u201cTico Time Standard\u201d \u00a0Let us show you what we mean.<\/p>\t\t\t<\/div>\r\n\t\t<\/div>\r\n\r\n\t<\/div>\r\n\r\n<div class=\"sh-empty-space\" id=\"empty-space-6b1e255ebac4c94800090aade44e38d5\"><\/div>\r\n\r\n<div id=\"button-69122f9b5a54a68a0bacdf5575d7084b\" class=\"sh-button-container  sh-button-style-5\">\r\n\t<div class=\"sh-element-margin\">\r\n\t\t<a href=\"https:\/\/itellum.com\/contact-us\/\" target=\"_self\" class=\"sh-button sh-button-large \">\r\n\r\n\t\t\t\r\n\t\t\t\t\t\t\t<span class=\"sh-button-text\">\r\n\t\t\t\t\tContact us\t\t\t\t<\/span>\r\n\t\t\t\r\n\t\t\t\r\n\t\t<\/a>\r\n\t\t\t<\/div>\r\n<\/div>\r\n\t<\/div>\r\n\r\n\r\n\t\t\t\t<div class=\"preload\">\r\n\t\t\t<img src=\"\/\/itellum.com\/wp-content\/uploads\/2020\/06\/bg-box-3.png\" \/>\r\n\t\t<\/div>\r\n\t\r\n\r\n<\/div>\r\n<\/div>\n\n\t<\/div>\r\n<\/section>\r\n\r\n<section class=\"sh-section sh-section-1a2f728223840b1575ef778308796c7b fw-main-row sh-section-visibility-everywhere\" id=\"layouts\">\r\n\t\r\n\t\r\n\t<div class=\"sh-section-container container section-justify-height\">\r\n\t\t<div class=\"fw-row\">\n\t\r\n<div class=\"sh-column sh-column-393e2aae20366e00b4fb2f89a1b66d70 fw-col-xs-12\" >\r\n\r\n\t\r\n\t<div class=\"sh-column-wrapper\">\r\n\t\t\r\n\r\n\t<div class=\"sh-heading sh-heading-style1\" id=\"heading-2efdec7e526104519af01121891e9a59\">\r\n\t\t<h1 class=\"sh-heading-content size-l\">\r\n\t\t\t<span style=\"text-align: center;\">Learn more about <strong style=\"color: #47c9e5;\">Cartago<\/strong> Costa Rica and Internet Service Options<\/span>\t\t<\/h1>\r\n\t<\/div>\r\n\r\n\r\n<div class=\"sh-empty-space\" id=\"empty-space-ec52ea4b1eb95c89d648bbd247846d4e\"><\/div>\r\n\r\n<div id=\"text-block-4920e1ccc60303bf5d2e82f5225d9589\" class=\"sh-text-block\">\r\n\t<p>The fastest, most reliable\u00a0<strong>Internet in Cartago<\/strong>\u00a0can be found in the historic city of Costa Rica. Founded in 1563, it has come a long way since Costa Rica\u2019s separation from Spain in 1821. Once the home of influential, affluent families and where governors and principal authorities resided, the areas socioeconomic growth was stifled during the Spanish domination and almost no physical evidence remains after many floods and earthquakes.<\/p><p>One thing that this city has, is a compelling history. The city was damaged by major earthquakes in 1822, 1841 and in 1910. Fifty-three years later, the Irazu Volcano erupted damaging parts of the agricultural areas surrounding the city. Cartago has been the capital of Costa Rica twice and is now the capital of Cartago province that is comprised of 11 districts. How is it that it could be the capital of the country two times?<\/p><p>According to the Pact of Concord of 1821, between 1822 and 1823 the capital rotated between Cartago, San Jos\u00e9, Heredia and Alajuela. The first political statute named Cartago as the capital once again in 1823. However, a civil war coupled with a coalition of Alajuela and San Jos\u00e9 resulted in San Jos\u00e9 becoming the capital which was considered a larger and more developed city. Cartago was also the location of the first permanent court of International Law and the first international tribunal of Human Rights in world history, inaugurated in 1908 and later moved to San Jos\u00e9 in 1910 due to the earthquake. It is evident that the area has had its setbacks, but continues to thrive with today's <em>fiber optic internet connectivity so instrumental in putting Cartago on the map<\/em>.<\/p><p>With the best #Internet <a href=\"https:\/\/incostarica.com\/\" target=\"_blank\" rel=\"noopener\">in Costa Rica<\/a>, Cartago has varied accommodations from hotels to bed and breakfasts, lodges and hostels. It is a hub for outdoor activities, nature and historic culture. It may not be the first destination one thinks of in Costa Rica, but it is certainly well-visited. Itellum provides internet for hotels in the area making the city an accessible home base for the attractions in the surrounding area.<\/p><p>An annual event that puts Cartago on the map is the famous pilgrimage to La Bas\u00edlica de Nuestra Se\u00f1ora de Los \u00c1ngeles (the Basilica of Our Lady of the Angels) which happens every August. Legend has it that the image of the Virgin in the form of a small statue appeared to Juana Pereira, an indigenous woman of the area, in 1635, several times, so it was decided to build a memorial temple in the same place.<\/p><p>The small statue known as \"La Negrita\" attracts between over a million visitors to 2.5 million who walk from various areas of the country including some that come from other countries in Central America. The majority will make the walk from San Jos\u00e9 which is 22 kilometers or 13.7 miles. Also located nearby are the Ruins of Ujarras, Costa Rica\u2019s oldest church built from 1575 to 1580. Although the ruins were destroyed by flood it remains a beautiful attraction with gardens enjoyed by both locals and tourists.<\/p><p>Just minutes from Cartago are the active volcanos of Iraz\u00fa and Turrialba. Although the last eruption of Irazu was in 1994 and only lasted one day, it is still considered an active volcano and is the highest active volcano in Costa Rica at 11,260 feet (3,432 m). Of the several craters at the summit, one is an emerald green lake which is a popular attraction in the Iraz\u00fa Volcano National Park which is approximately 5705 acres. Frequently visited by locals and tourists, one can see both the Atlantic and Pacific Oceans from the highest point. Both wildlife and agriculture are abundant in the primary and secondary forests with armadillos, owls, rabbits, foxes, woodpeckers, and hummingbirds.<\/p><p>Iraz\u00fa is the site of 83 telecommunications towers which serve major parts of the country. At a slightly lower elevation, the Turrialba Volcano is experiencing activity currently and has affected the surrounding area and much of the rest of the Central Valley. As a result, the surrounding Turrialba Volcano National Park has been forced to close to the general public due to safety concerns.<\/p><p>The Guayabo National Park and Monument outside of Turrialba is the largest archaeological site discovered to date in Costa Rica and thought to have been inhabited since 1000 BC. A visit to the site will uncover a network of stone-paved streets, round platforms which were the base for wooden structures, aqueducts, ponds, carved stone designs and drawings of animals. There are bridges, water tanks and homesites with petroglyphs estimated to be 3000 years old. Only a small portion of the site has been professionally excavated and archaeologically studied, hence the majority of the site is still shrouded in the mystery of its history.<\/p><p>Back in 1910 Charles Lankester came from England and began collecting orchids. Fourteen years later he bought a farm and created an area dedicated to orchids and other plants. His daughter inherited the farm and sold it to the University of Costa Rica (UCR) with the stipulation that it remain a botanical garden.<\/p><p>UCR developed a course on orchidology and today the gardens are home to over 3000 species of plants and take up 11 hectares or 27.2 acres. It has been redesignated a few times but the last designation by UCR was an epiphyte sanctuary. Lankester Botanical Garden is open to the public and is visited by people of all ages and is a world-class display of flowering epiphytes on display and in the wild.<\/p><p>The rich soil and temperate climate make the rural areas around Cartago a productive agricultural area. The area accounts for approximately 25% of Costa Rica\u2019s agriculture and livestock with main crops being potatoes, onions, coffee, cauliflower, an assortment of other fruits and vegetables, dairy products and orchids. As with all towns and cities in Costa Rica, the farmers market in Costa Rica provides an excellent source of the local produce of the area.<\/p><p>One aspect that makes Cartago a cohesive city is its many festivals and local events that bring it\u2019s people together. You can find anything from a vegan market with vegan produce, prepared food and environmentally-friendly products to live music concerts celebrating the 80\u2019s to various types of workshops, sports events from cycling to soccer, Latino Dance Nights and business seminars. Of course, Cartago has its share of shopping destinations, one of which is the shopping mall Paseo Metr\u00f3poli with two levels housing 160 stores, a gymnasium and one level of movie theatres.<\/p><p>One may wonder what Turrialba has to do with the World Series. Rawlings Costa Rica, under the umbrella of Rawlings Sporting Goods Co. opened it\u2019s doors in 1987 making official regulation baseballs for Major League Baseball games, the minor leagues and commercial distribution. Once a major source of income for families in the area with some 600 employees, it closed down its apparel division but continues to make baseballs. An interesting tidbit of information is that professional baseball balls must weigh no more than 5 ounces. have a circumference of 9 inches and a total of 108 red stitches. Rawlings Costa Rica produces close to 2.4 million baseballs a year.<\/p><p><strong>With redundant quality Internet<\/strong>, another major employer of the area is La Lima Corporate Complex and Free Zone with 195 acres and over 20 acres of state-of-the-art technological infrastructure. Strategically located, it provides rapid access to San Jos\u00e9 and both the Caribbean and Pacific coasts. Hi-tech operations such as Edwards Life Sciences, Zollner Electronics and Heraeus Medical have large production facilities here that revel in the commercial grade #Internet that caters to businesses medium and large.<\/p><p>Famous for erupting volcanos and devastating earthquakes in it\u2019s past and some in very recent history, Cartago has used technology to educate the population about these geological phenomena. No one wants to experience these occurrences first hand, but learning about them and how to react to them is of utmost importance. Magmatica is an unusual combination of a restaurant with an educational yet bone-chilling theme. The unique earthquake simulator gives the visitor the experience of what it feels like in a 6.4-magnitude earthquake and can simulate up to an 8.8 on the Richter scale. The 1910 earthquake had a magnitude of 6.4 and over 700 people were killed. Magm\u00e1tica was created to generate interest in the science that helps seismologists predict earthquakes.<\/p><p>The premise is to ensure that the population that could be affected can learn the most effective procedures to get to safety before an earthquake happens. A tour of the premises also includes interactive displays that familiarize you with the tropical wildlife of the country and how the tectonic energy has constructed the environment and natural landscape.<\/p><p>Superior #Internet is synonymous with the Costa Rica Institute of Technology, (Instituto Tecnol\u00f3gico de Costa Rica), also known as \"ITCR\" or \u201cTEC\u201d. TEC is the top public university specializing in engineering and science located in Cartago offering undergraduate and graduate studies in fields including engineering (construction, industrial production, electronics, industrial maintenance, biotechnology, mechatronics), computer science and business management. The school started in a small house in downtown Cartago and moved to the current main university campus with the assistance of a loan from the Inter-American Development Bank. There are also campuses in San Carlos, Alajuela, Limon and San Jose. The high caliber standard of <a href=\"http:\/\/www.itellum.com\/en\/\">Itellum\u2019s<\/a> Internet via 1:1 International Fiber Optics give the TEC the edge they need to supply students with the tools they need to excel. Itellum coins their service as being an \u201cInternet Concierge\u201d; offering their services from start to finish with a superior product as promised and delivered. This is extremely important to the university students that strive to develop and engineer their own products that reach beyond expectations. Recently two students from the School of Chemistry, and Mechatronics Engineering filed patent applications. Laura Hern\u00e1ndez created a new method for detection and analysis of nitrates in water, while Arys Carrasquilla created a conductive sensor that is resistant to highly saline media that has superior durability beyond that which is currently available in the market. The sensor is unique because it has the capability of data transmission to the \"cloud\" for analysis by researchers globally. <strong>The mere fact that this is possible substantiates the importance of the best internet\u00a0<a href=\"https:\/\/incostarica.com\/\" target=\"_blank\" rel=\"noopener\">Costa Rica<\/a>\u00a0can be proud of, coupled with the best service and support made available by iTellum.<\/strong><\/p><\/div>\r\n\r\n<div class=\"sh-empty-space\" id=\"empty-space-e261ce81ccb13fe97a3a52ce908c25a9\"><\/div>\r\n\r\n<div id=\"button-d21c79640155f523fc231c5bdde3ab45\" class=\"sh-button-container  sh-button-style-5\">\r\n\t<div class=\"sh-element-margin\">\r\n\t\t<a href=\"https:\/\/itellum.com\/check-eligibility\/\" target=\"_self\" class=\"sh-button sh-button-medium \">\r\n\r\n\t\t\t\r\n\t\t\t\t\t\t\t<span class=\"sh-button-text\">\r\n\t\t\t\t\tGet Fiber in Cartago\t\t\t\t<\/span>\r\n\t\t\t\r\n\t\t\t\r\n\t\t<\/a>\r\n\t\t\t<\/div>\r\n<\/div>\r\n\t<\/div>\r\n\r\n\r\n\t\t\r\n\r\n<\/div>\r\n<\/div>\n\n\t<\/div>\r\n<\/section>\n","protected":false},"excerpt":{"rendered":"<p>Fiber Internet Service in Cartago, Costa Rica with Itellum Contact us for check availability \u00a0We won\u2019t share personal information\u00a0 \u00a0| \u00a0PRIVAT POLICY \u00a0Cartago: It is located in the Guarco Valley, in the central region of Costa Rica. The most famous celebration that takes place in&#8230;<\/p>\n","protected":false},"author":1,"featured_media":0,"parent":0,"menu_order":0,"comment_status":"closed","ping_status":"closed","template":"","meta":{"content-type":"","inline_featured_image":false},"yoast_head":"<!-- This site is optimized with the Yoast SEO plugin v21.5 - https:\/\/yoast.com\/wordpress\/plugins\/seo\/ -->\n<title>Fiber Internet Service in Cartago, Costa Rica with Itellum - Itellum<\/title>\n<meta name=\"robots\" content=\"index, follow, max-snippet:-1, max-image-preview:large, max-video-preview:-1\" \/>\n<link rel=\"canonical\" href=\"https:\/\/itellum.com\/en\/cartago-fiber\/\" \/>\n<meta property=\"og:locale\" content=\"en_US\" \/>\n<meta property=\"og:type\" content=\"article\" \/>\n<meta property=\"og:title\" content=\"Fiber Internet Service in Cartago, Costa Rica with Itellum - Itellum\" \/>\n<meta property=\"og:description\" content=\"Fiber Internet Service in Cartago, Costa Rica with Itellum Contact us for check availability \u00a0We won\u2019t share personal information\u00a0 \u00a0| \u00a0PRIVAT POLICY \u00a0Cartago: It is located in the Guarco Valley, in the central region of Costa Rica. The most famous celebration that takes place in...\" \/>\n<meta property=\"og:url\" content=\"https:\/\/itellum.com\/en\/cartago-fiber\/\" \/>\n<meta property=\"og:site_name\" content=\"Itellum\" \/>\n<meta property=\"article:modified_time\" content=\"2022-12-09T19:16:48+00:00\" \/>\n<meta name=\"twitter:card\" content=\"summary_large_image\" \/>\n<meta name=\"twitter:label1\" content=\"Est. reading time\" \/>\n\t<meta name=\"twitter:data1\" content=\"10 minutes\" \/>\n<script type=\"application\/ld+json\" class=\"yoast-schema-graph\">{\"@context\":\"https:\/\/schema.org\",\"@graph\":[{\"@type\":\"WebPage\",\"@id\":\"https:\/\/itellum.com\/en\/cartago-fiber\/\",\"url\":\"https:\/\/itellum.com\/en\/cartago-fiber\/\",\"name\":\"Fiber Internet Service in Cartago, Costa Rica with Itellum - Itellum\",\"isPartOf\":{\"@id\":\"https:\/\/itellum.com\/en\/#website\"},\"datePublished\":\"2018-06-15T19:12:26+00:00\",\"dateModified\":\"2022-12-09T19:16:48+00:00\",\"breadcrumb\":{\"@id\":\"https:\/\/itellum.com\/en\/cartago-fiber\/#breadcrumb\"},\"inLanguage\":\"en-US\",\"potentialAction\":[{\"@type\":\"ReadAction\",\"target\":[\"https:\/\/itellum.com\/en\/cartago-fiber\/\"]}]},{\"@type\":\"BreadcrumbList\",\"@id\":\"https:\/\/itellum.com\/en\/cartago-fiber\/#breadcrumb\",\"itemListElement\":[{\"@type\":\"ListItem\",\"position\":1,\"name\":\"Home\",\"item\":\"https:\/\/itellum.com\/en\/\"},{\"@type\":\"ListItem\",\"position\":2,\"name\":\"Fiber Internet Service in Cartago, Costa Rica with Itellum\"}]},{\"@type\":\"WebSite\",\"@id\":\"https:\/\/itellum.com\/en\/#website\",\"url\":\"https:\/\/itellum.com\/en\/\",\"name\":\"Itellum\",\"description\":\"Costa Rica&#039;s Leading Commercial Internet Provider\",\"potentialAction\":[{\"@type\":\"SearchAction\",\"target\":{\"@type\":\"EntryPoint\",\"urlTemplate\":\"https:\/\/itellum.com\/en\/?s={search_term_string}\"},\"query-input\":\"required name=search_term_string\"}],\"inLanguage\":\"en-US\"}]}<\/script>\n<!-- \/ Yoast SEO plugin. -->","yoast_head_json":{"title":"Fiber Internet Service in Cartago, Costa Rica with Itellum - Itellum","robots":{"index":"index","follow":"follow","max-snippet":"max-snippet:-1","max-image-preview":"max-image-preview:large","max-video-preview":"max-video-preview:-1"},"canonical":"https:\/\/itellum.com\/en\/cartago-fiber\/","og_locale":"en_US","og_type":"article","og_title":"Fiber Internet Service in Cartago, Costa Rica with Itellum - Itellum","og_description":"Fiber Internet Service in Cartago, Costa Rica with Itellum Contact us for check availability \u00a0We won\u2019t share personal information\u00a0 \u00a0| \u00a0PRIVAT POLICY \u00a0Cartago: It is located in the Guarco Valley, in the central region of Costa Rica. The most famous celebration that takes place in...","og_url":"https:\/\/itellum.com\/en\/cartago-fiber\/","og_site_name":"Itellum","article_modified_time":"2022-12-09T19:16:48+00:00","twitter_card":"summary_large_image","twitter_misc":{"Est. reading time":"10 minutes"},"schema":{"@context":"https:\/\/schema.org","@graph":[{"@type":"WebPage","@id":"https:\/\/itellum.com\/en\/cartago-fiber\/","url":"https:\/\/itellum.com\/en\/cartago-fiber\/","name":"Fiber Internet Service in Cartago, Costa Rica with Itellum - Itellum","isPartOf":{"@id":"https:\/\/itellum.com\/en\/#website"},"datePublished":"2018-06-15T19:12:26+00:00","dateModified":"2022-12-09T19:16:48+00:00","breadcrumb":{"@id":"https:\/\/itellum.com\/en\/cartago-fiber\/#breadcrumb"},"inLanguage":"en-US","potentialAction":[{"@type":"ReadAction","target":["https:\/\/itellum.com\/en\/cartago-fiber\/"]}]},{"@type":"BreadcrumbList","@id":"https:\/\/itellum.com\/en\/cartago-fiber\/#breadcrumb","itemListElement":[{"@type":"ListItem","position":1,"name":"Home","item":"https:\/\/itellum.com\/en\/"},{"@type":"ListItem","position":2,"name":"Fiber Internet Service in Cartago, Costa Rica with Itellum"}]},{"@type":"WebSite","@id":"https:\/\/itellum.com\/en\/#website","url":"https:\/\/itellum.com\/en\/","name":"Itellum","description":"Costa Rica&#039;s Leading Commercial Internet Provider","potentialAction":[{"@type":"SearchAction","target":{"@type":"EntryPoint","urlTemplate":"https:\/\/itellum.com\/en\/?s={search_term_string}"},"query-input":"required name=search_term_string"}],"inLanguage":"en-US"}]}},"_links":{"self":[{"href":"https:\/\/itellum.com\/en\/wp-json\/wp\/v2\/pages\/148"}],"collection":[{"href":"https:\/\/itellum.com\/en\/wp-json\/wp\/v2\/pages"}],"about":[{"href":"https:\/\/itellum.com\/en\/wp-json\/wp\/v2\/types\/page"}],"author":[{"embeddable":true,"href":"https:\/\/itellum.com\/en\/wp-json\/wp\/v2\/users\/1"}],"replies":[{"embeddable":true,"href":"https:\/\/itellum.com\/en\/wp-json\/wp\/v2\/comments?post=148"}],"version-history":[{"count":16,"href":"https:\/\/itellum.com\/en\/wp-json\/wp\/v2\/pages\/148\/revisions"}],"predecessor-version":[{"id":3395,"href":"https:\/\/itellum.com\/en\/wp-json\/wp\/v2\/pages\/148\/revisions\/3395"}],"wp:attachment":[{"href":"https:\/\/itellum.com\/en\/wp-json\/wp\/v2\/media?parent=148"}],"curies":[{"name":"wp","href":"https:\/\/api.w.org\/{rel}","templated":true}]}}