{"id":1260,"date":"2020-01-07T18:32:15","date_gmt":"2020-01-07T18:32:15","guid":{"rendered":"https:\/\/itellum.com\/?page_id=1260"},"modified":"2020-06-05T02:37:01","modified_gmt":"2020-06-05T02:37:01","slug":"partner","status":"publish","type":"page","link":"https:\/\/itellum.com\/en\/partner\/","title":{"rendered":"partner"},"content":{"rendered":"<section class=\"sh-section sh-section-a803a6ab720c66f24eb878c945bc6aa8 fw-main-row sh-section-visibility-everywhere\">\r\n\t\r\n\t\r\n\t<div class=\"sh-section-container container\">\r\n\t\t<div class=\"fw-row\">\n\t\r\n<div class=\"sh-column sh-column-442db198bf7c82a6a03231f170031b6a fw-col-xs-12\" >\r\n\r\n\t\r\n\t<div class=\"sh-column-wrapper\">\r\n\t\t\r\n<div id=\"single-image-9b3f5767180f6637a18ca7dde7c9f6d8\" class=\"sh-single-image  \">\r\n\t<div class=\"sh-element-margin\">\r\n\r\n\t\t\r\n\t\t\t<div class=\"sh-single-image-container\">\r\n\t\t\t\t\r\n\t\t\t\t\t\t\t\t\t\t\t\t\t\t\t<a href=\"\/\/itellum.com\/wp-content\/uploads\/2020\/01\/Diapositiva1-1.png\" rel=\"lightbox\">\r\n\t\t\t\t\t\r\n\t\t\t\t\t\t\t\t\t\t\t\t\t<img class=\"sh-image-url\" src=\"https:\/\/itellum.com\/en\/wp-content\/uploads\/2020\/01\/Diapositiva1-1-1.png\" alt=\"Diapositiva1\" \/>\r\n\t\t\t\t\t\t\t\t\t\t\t\t\t\r\n\t\t\t\t\t\t\t\t\t\t\t<\/a>\r\n\t\t\t\t\t\t\t\t\t\r\n\t\t\t\t\t\t\t<\/div>\r\n\r\n\t\t\r\n\t<\/div>\r\n<\/div>\r\n\t<\/div>\r\n\r\n\r\n\t\t\r\n\r\n<\/div>\r\n<\/div>\n\n\t<\/div>\r\n<\/section>\r\n\r\n<section class=\"sh-section sh-section-9f0a44ba69aa1078dc3d61ea1ba46927 fw-main-row sh-section-visibility-everywhere\">\r\n\t\r\n\t\r\n\t<div class=\"sh-section-container container\">\r\n\t\t<div class=\"fw-row\">\n\t\r\n<div class=\"sh-column sh-column-442db198bf7c82a6a03231f170031b6a fw-col-xs-12\" >\r\n\r\n\t\r\n\t<div class=\"sh-column-wrapper\">\r\n\t\t\r\n<div class=\"sh-heading  \" id=\"heading-f21be1f31d692437150de54b224bfd3f\">\r\n\t<div class=\"sh-element-margin\">\r\n\r\n\t\t\r\n\t\t\t<h1 class=\"sh-heading-content size-xxl text-center\">\r\n\t\t\t\t\u00a1Convi\u00e9rtete en Socio Regional de Itellum y recibe grandes beneficios!\t\t\t<\/h1>\r\n\r\n\t\t\r\n\t<\/div>\r\n<\/div>\r\n\t<\/div>\r\n\r\n\r\n\t\t\r\n\r\n<\/div>\r\n<\/div>\n\n<div class=\"fw-row\">\n\t\r\n<div class=\"sh-column sh-column-442db198bf7c82a6a03231f170031b6a fw-col-xs-12\" >\r\n\r\n\t\r\n\t<div class=\"sh-column-wrapper\">\r\n\t\t\r\n<div id=\"divider-3acaf6633cc2b1e621bdd8b6f963182a\" class=\"sh-divider sh-divider-center sh-divider-content-icon_option\">\r\n\t\t\t<div class=\"sh-divider-content\">\r\n\t\t\t<span class=\"sh-divider-icon\">\r\n\t\t\t\t<i class=\"ti-angle-down\"><\/i>\t\t\t<\/span>\r\n\t\t<\/div>\r\n\t<\/div>\r\n\t<\/div>\r\n\r\n\r\n\t\t\r\n\r\n<\/div>\r\n<\/div>\n\n<div class=\"fw-row\">\n\t\r\n<div class=\"sh-column sh-column-442db198bf7c82a6a03231f170031b6a fw-col-xs-12\" >\r\n\r\n\t\r\n\t<div class=\"sh-column-wrapper\">\r\n\t\t\r\n<div id=\"text-block-1faee164ddd415ea817c03bda727fb05\" class=\"sh-text-block\">\r\n\t<p style=\"text-align: center;\">Nuestro programa de Socios Regionales est\u00e1 creado para conectar a personas con experiencia en temas de Tecnolog\u00eda con Empresas de todos tama\u00f1os que sufren d\u00eda a d\u00eda de problemas de conectividad y a trav\u00e9s de tu recomendaci\u00f3n puedas ganar mucho dinero.<\/p><p style=\"text-align: center;\">Itellum es proveedor de <em><strong>Internet Empresarial Premium<\/strong><\/em> en toda la regi\u00f3n de Centro y Norte Am\u00e9rica con la m\u00e1s alta tecnolog\u00eda y est\u00e1ndares de servicio empresarial muy altos, por lo que te aseguramos una muy interesante oportunidad.<\/p><\/div>\r\n\t<\/div>\r\n\r\n\r\n\t\t\r\n\r\n<\/div>\r\n<\/div>\n\n<div class=\"fw-row\">\n\t\r\n<div class=\"sh-column sh-column-442db198bf7c82a6a03231f170031b6a fw-col-xs-12\" >\r\n\r\n\t\r\n\t<div class=\"sh-column-wrapper\">\r\n\t\t\r\n<div id=\"divider-fc41a46cec3baa9d4ec397cac2f47267\" class=\"sh-divider sh-divider-center sh-divider-content-icon_option\">\r\n\t\t\t<div class=\"sh-divider-content\">\r\n\t\t\t<span class=\"sh-divider-icon\">\r\n\t\t\t\t<i class=\"ti-angle-up\"><\/i>\t\t\t<\/span>\r\n\t\t<\/div>\r\n\t<\/div>\r\n\t<\/div>\r\n\r\n\r\n\t\t\r\n\r\n<\/div>\r\n<\/div>\n\n<div class=\"fw-row\">\n\t\r\n<div class=\"sh-column sh-column-442db198bf7c82a6a03231f170031b6a fw-col-xs-12\" >\r\n\r\n\t\r\n\t<div class=\"sh-column-wrapper\">\r\n\t\t\r\n<div class=\"sh-heading  \" id=\"heading-c18481a132a7ccc34cd009fd8b2b708b\">\r\n\t<div class=\"sh-element-margin\">\r\n\r\n\t\t\r\n\t\t\t<h4 class=\"sh-heading-content size-default text-center\">\r\n\t\t\t\tD\u00e9janos tus datos de contacto y un Asesor Corporativo se pondr\u00e1 en contacto contigo cuanto antes:\t\t\t<\/h4>\r\n\r\n\t\t\r\n\t<\/div>\r\n<\/div>\r\n\t<\/div>\r\n\r\n\r\n\t\t\r\n\r\n<\/div>\r\n<\/div>\n\n<div class=\"fw-row\">\n\t\r\n<div class=\"sh-column sh-column-442db198bf7c82a6a03231f170031b6a fw-col-xs-12\" >\r\n\r\n\t\r\n\t<div class=\"sh-column-wrapper\">\r\n\t\t<div id=\"contact-form-14fc8965268a3f20d299c8d51ddd17ad\" class=\"form-wrapper contact-form\">\r\n\t<form data-fw-form-id=\"fw_form\" method=\"post\" action=\"https:\/\/itellum.com\/en\/wp-json\/wp\/v2\/pages\/1260\" class=\"fw_form_fw_form\" data-fw-ext-forms-type=\"contact-forms\"><input type=\"hidden\" name=\"fwf\" value=\"fw_form\" \/><input type=\"hidden\" id=\"_nonce_756322faa7749f502304aa11067424b0\" name=\"_nonce_756322faa7749f502304aa11067424b0\" value=\"7d08d6b11d\" \/><input type=\"hidden\" name=\"_wp_http_referer\" value=\"\/en\/wp-json\/wp\/v2\/pages\/1260\" \/><input type=\"hidden\" name=\"fw_ext_forms_form_type\" value=\"contact-forms\" \/><input type=\"hidden\" name=\"fw_ext_forms_form_id\" value=\"14fc8965268a3f20d299c8d51ddd17ad\" \/><div class=\"wrap-forms\">\n\t<div class=\"fw-row\"><\/div><div class=\"fw-row\"><div class=\"fw-col-xs-12 fw-col-sm-9 form-builder-item\">\n\t<div class=\"field-text\">\n\t\t\t\t<label for=\"id-1\">Nombre completo\t\t\t<sup>*<\/sup>\t\t<\/label>\n\t\t\t\t<input type=\"text\" name=\"text_6078db0\" placeholder=\"\" value=\"\" id=\"id-1\" required=\"required\">\n\t\t\t<\/div>\n<\/div><\/div><div class=\"fw-row\"><div class=\"fw-col-xs-12 fw-col-sm-6 form-builder-item\">\n\t<div class=\"field-text\">\n\t\t\t\t<label for=\"id-2\">Email\t\t\t<sup>*<\/sup>\t\t<\/label>\n\t\t\t\t<input type=\"text\" name=\"email_de0a77f\" placeholder=\"\" value=\"\" id=\"id-2\" required=\"required\">\n\t\t\t<\/div>\n<\/div><div class=\"fw-col-xs-12 fw-col-sm-6 form-builder-item\">\n\t<div class=\"field-text\">\n\t\t\t\t<label for=\"id-3\">Tel\u00e9fono\t\t\t<sup>*<\/sup>\t\t<\/label>\n\t\t\t\t<input type=\"text\" name=\"number_26cdb4e\" placeholder=\"\" value=\"\" id=\"id-3\" required=\"required\">\n\t\t\t<\/div>\n<\/div><\/div><div class=\"fw-row\"><div class=\"fw-col-xs-12 fw-col-sm-6 form-builder-item\">\n\t<div class=\"field-text\">\n\t\t\t\t<label for=\"id-4\">Pa\u00eds\t\t\t\t\t<\/label>\n\t\t\t\t<input type=\"text\" name=\"text_c0f24c9\" placeholder=\"\" value=\"\" id=\"id-4\">\n\t\t\t<\/div>\n<\/div>\t<div class=\"fw-col-xs-12 fw-col-sm-6 form-builder-item\">\n\t\t<div class=\"field-checkbox input-styled\">\n\t\t\t\t\t\t<label>Perfil\t\t\t\t<sup>*<\/sup>\t\t\t<\/label>\n\t\t\t\t\t\t<div class=\"custom-checkbox field-columns-3\">\n\t\t\t\t\t\t\t\t\t\t\t\t\t\t<div class=\"field-column\">\n\t\t\t\t\t\t\t\t\t\t\t\t\t\t\t\t\t<div class=\"options\">\n\t\t\t\t\t\t\t<input type=\"checkbox\" name=\"checkboxes_0cd6a36[]\" value=\"Trabajo relacionado a Tecnolog\u00eda (TI Manager o similares)\" id=\"rand-5\" \/>\n\t\t\t\t\t\t\t<label for=\"rand-5\">Trabajo relacionado a Tecnolog\u00eda (TI Manager o similares)<\/label>\n\t\t\t\t\t\t<\/div>\n\t\t\t\t\t\t\t\t\t\t\t\t\t<\/div><div class=\"field-column\">\n\t\t\t\t\t\t\t\t\t\t\t\t\t\t\t\t\t\t\t\t\t\t\t<div class=\"options\">\n\t\t\t\t\t\t\t<input type=\"checkbox\" name=\"checkboxes_0cd6a36[]\" value=\"Tengo contacto con Empresas interesadas en mejorar su internet.\" id=\"rand-6\" \/>\n\t\t\t\t\t\t\t<label for=\"rand-6\">Tengo contacto con Empresas interesadas en mejorar su internet.<\/label>\n\t\t\t\t\t\t<\/div>\n\t\t\t\t\t\t\t\t\t\t\t\t\t<\/div><div class=\"field-column\">\n\t\t\t\t\t\t\t\t\t\t\t\t\t\t\t\t\t\t\t\t\t\t\t<div class=\"options\">\n\t\t\t\t\t\t\t<input type=\"checkbox\" name=\"checkboxes_0cd6a36[]\" value=\"Estoy interesado en Promover los servicios Premium de Itellum.\" id=\"rand-7\" \/>\n\t\t\t\t\t\t\t<label for=\"rand-7\">Estoy interesado en Promover los servicios Premium de Itellum.<\/label>\n\t\t\t\t\t\t<\/div>\n\t\t\t\t\t\t\t\t\t\t\t\t\t<\/div><div class=\"field-column\">\n\t\t\t\t\t\t\t\t\t\t\t\t\t\t\t\t<\/div>\n\t\t\t\t\t\t\t<\/div>\n\t\t\t\t\t\t\t<p>Elige la opci\u00f3n que m\u00e1s te describa.<\/p>\n\t\t\t\t\t<\/div>\n\t<\/div>\n<\/div><div class=\"fw-row\"><\/div><\/div><div>\n\t<input type=\"submit\" value=\"Enviar\" \/>\n<\/div><\/form><\/div>\r\n\t<\/div>\r\n\r\n\r\n\t\t\r\n\r\n<\/div>\r\n<\/div>\n\n<div class=\"fw-row\">\n\t\r\n<div class=\"sh-column sh-column-442db198bf7c82a6a03231f170031b6a fw-col-xs-12\" >\r\n\r\n\t\r\n\t<div class=\"sh-column-wrapper\">\r\n\t\t\r\n<div id=\"text-block-e01a99dffc35f2c602b0a5ab6cac31b3\" class=\"sh-text-block\">\r\n\t<p style=\"text-align: center;\">Conversemos al +506-2588-2079<\/p><p style=\"text-align: center;\"><a href=\"mailto:info@itellum.com\">info@itellum.com<\/a><\/p><p>&nbsp;<\/p><\/div>\r\n\t<\/div>\r\n\r\n\r\n\t\t\r\n\r\n<\/div>\r\n<\/div>\n\n\t<\/div>\r\n<\/section>\n","protected":false},"excerpt":{"rendered":"<p>\u00a1Convi\u00e9rtete en Socio Regional de Itellum y recibe grandes beneficios! Nuestro programa de Socios Regionales est\u00e1 creado para conectar a personas con experiencia en temas de Tecnolog\u00eda con Empresas de todos tama\u00f1os que sufren d\u00eda a d\u00eda de problemas de conectividad y a trav\u00e9s de&#8230;<\/p>\n","protected":false},"author":254,"featured_media":0,"parent":0,"menu_order":0,"comment_status":"closed","ping_status":"closed","template":"","meta":{"content-type":"","inline_featured_image":false},"yoast_head":"<!-- This site is optimized with the Yoast SEO plugin v21.5 - https:\/\/yoast.com\/wordpress\/plugins\/seo\/ -->\n<title>partner - Itellum<\/title>\n<meta name=\"robots\" content=\"index, follow, max-snippet:-1, max-image-preview:large, max-video-preview:-1\" \/>\n<link rel=\"canonical\" href=\"https:\/\/itellum.com\/en\/partner\/\" \/>\n<meta property=\"og:locale\" content=\"en_US\" \/>\n<meta property=\"og:type\" content=\"article\" \/>\n<meta property=\"og:title\" content=\"partner - Itellum\" \/>\n<meta property=\"og:description\" content=\"\u00a1Convi\u00e9rtete en Socio Regional de Itellum y recibe grandes beneficios! Nuestro programa de Socios Regionales est\u00e1 creado para conectar a personas con experiencia en temas de Tecnolog\u00eda con Empresas de todos tama\u00f1os que sufren d\u00eda a d\u00eda de problemas de conectividad y a trav\u00e9s de...\" \/>\n<meta property=\"og:url\" content=\"https:\/\/itellum.com\/en\/partner\/\" \/>\n<meta property=\"og:site_name\" content=\"Itellum\" \/>\n<meta property=\"article:modified_time\" content=\"2020-06-05T02:37:01+00:00\" \/>\n<meta property=\"og:image\" content=\"https:\/\/itellum.com\/wp-content\/uploads\/2020\/01\/Diapositiva1-4-1-1-1.png\" \/>\n<meta name=\"twitter:card\" content=\"summary_large_image\" \/>\n<meta name=\"twitter:label1\" content=\"Est. reading time\" \/>\n\t<meta name=\"twitter:data1\" content=\"1 minute\" \/>\n<script type=\"application\/ld+json\" class=\"yoast-schema-graph\">{\"@context\":\"https:\/\/schema.org\",\"@graph\":[{\"@type\":\"WebPage\",\"@id\":\"https:\/\/itellum.com\/en\/partner\/\",\"url\":\"https:\/\/itellum.com\/en\/partner\/\",\"name\":\"partner - Itellum\",\"isPartOf\":{\"@id\":\"https:\/\/itellum.com\/en\/#website\"},\"datePublished\":\"2020-01-07T18:32:15+00:00\",\"dateModified\":\"2020-06-05T02:37:01+00:00\",\"breadcrumb\":{\"@id\":\"https:\/\/itellum.com\/en\/partner\/#breadcrumb\"},\"inLanguage\":\"en-US\",\"potentialAction\":[{\"@type\":\"ReadAction\",\"target\":[\"https:\/\/itellum.com\/en\/partner\/\"]}]},{\"@type\":\"BreadcrumbList\",\"@id\":\"https:\/\/itellum.com\/en\/partner\/#breadcrumb\",\"itemListElement\":[{\"@type\":\"ListItem\",\"position\":1,\"name\":\"Home\",\"item\":\"https:\/\/itellum.com\/en\/\"},{\"@type\":\"ListItem\",\"position\":2,\"name\":\"partner\"}]},{\"@type\":\"WebSite\",\"@id\":\"https:\/\/itellum.com\/en\/#website\",\"url\":\"https:\/\/itellum.com\/en\/\",\"name\":\"Itellum\",\"description\":\"Costa Rica&#039;s Leading Commercial Internet Provider\",\"potentialAction\":[{\"@type\":\"SearchAction\",\"target\":{\"@type\":\"EntryPoint\",\"urlTemplate\":\"https:\/\/itellum.com\/en\/?s={search_term_string}\"},\"query-input\":\"required name=search_term_string\"}],\"inLanguage\":\"en-US\"}]}<\/script>\n<!-- \/ Yoast SEO plugin. -->","yoast_head_json":{"title":"partner - Itellum","robots":{"index":"index","follow":"follow","max-snippet":"max-snippet:-1","max-image-preview":"max-image-preview:large","max-video-preview":"max-video-preview:-1"},"canonical":"https:\/\/itellum.com\/en\/partner\/","og_locale":"en_US","og_type":"article","og_title":"partner - Itellum","og_description":"\u00a1Convi\u00e9rtete en Socio Regional de Itellum y recibe grandes beneficios! Nuestro programa de Socios Regionales est\u00e1 creado para conectar a personas con experiencia en temas de Tecnolog\u00eda con Empresas de todos tama\u00f1os que sufren d\u00eda a d\u00eda de problemas de conectividad y a trav\u00e9s de...","og_url":"https:\/\/itellum.com\/en\/partner\/","og_site_name":"Itellum","article_modified_time":"2020-06-05T02:37:01+00:00","og_image":[{"url":"https:\/\/itellum.com\/wp-content\/uploads\/2020\/01\/Diapositiva1-4-1-1-1.png"}],"twitter_card":"summary_large_image","twitter_misc":{"Est. reading time":"1 minute"},"schema":{"@context":"https:\/\/schema.org","@graph":[{"@type":"WebPage","@id":"https:\/\/itellum.com\/en\/partner\/","url":"https:\/\/itellum.com\/en\/partner\/","name":"partner - Itellum","isPartOf":{"@id":"https:\/\/itellum.com\/en\/#website"},"datePublished":"2020-01-07T18:32:15+00:00","dateModified":"2020-06-05T02:37:01+00:00","breadcrumb":{"@id":"https:\/\/itellum.com\/en\/partner\/#breadcrumb"},"inLanguage":"en-US","potentialAction":[{"@type":"ReadAction","target":["https:\/\/itellum.com\/en\/partner\/"]}]},{"@type":"BreadcrumbList","@id":"https:\/\/itellum.com\/en\/partner\/#breadcrumb","itemListElement":[{"@type":"ListItem","position":1,"name":"Home","item":"https:\/\/itellum.com\/en\/"},{"@type":"ListItem","position":2,"name":"partner"}]},{"@type":"WebSite","@id":"https:\/\/itellum.com\/en\/#website","url":"https:\/\/itellum.com\/en\/","name":"Itellum","description":"Costa Rica&#039;s Leading Commercial Internet Provider","potentialAction":[{"@type":"SearchAction","target":{"@type":"EntryPoint","urlTemplate":"https:\/\/itellum.com\/en\/?s={search_term_string}"},"query-input":"required name=search_term_string"}],"inLanguage":"en-US"}]}},"_links":{"self":[{"href":"https:\/\/itellum.com\/en\/wp-json\/wp\/v2\/pages\/1260"}],"collection":[{"href":"https:\/\/itellum.com\/en\/wp-json\/wp\/v2\/pages"}],"about":[{"href":"https:\/\/itellum.com\/en\/wp-json\/wp\/v2\/types\/page"}],"author":[{"embeddable":true,"href":"https:\/\/itellum.com\/en\/wp-json\/wp\/v2\/users\/254"}],"replies":[{"embeddable":true,"href":"https:\/\/itellum.com\/en\/wp-json\/wp\/v2\/comments?post=1260"}],"version-history":[{"count":1,"href":"https:\/\/itellum.com\/en\/wp-json\/wp\/v2\/pages\/1260\/revisions"}],"predecessor-version":[{"id":1518,"href":"https:\/\/itellum.com\/en\/wp-json\/wp\/v2\/pages\/1260\/revisions\/1518"}],"wp:attachment":[{"href":"https:\/\/itellum.com\/en\/wp-json\/wp\/v2\/media?parent=1260"}],"curies":[{"name":"wp","href":"https:\/\/api.w.org\/{rel}","templated":true}]}}